{"id":991,"date":"2022-05-22T21:50:34","date_gmt":"2022-05-22T19:50:34","guid":{"rendered":"https:\/\/www.musikverein-forbach.de\/wp\/?page_id=991"},"modified":"2025-08-04T11:44:09","modified_gmt":"2025-08-04T09:44:09","slug":"chronik-des-musikverein-forbach-1843-e-v","status":"publish","type":"page","link":"https:\/\/www.musikverein-forbach.de\/wp\/?page_id=991","title":{"rendered":"Chronik 2022"},"content":{"rendered":"\n<hr class=\"wp-block-separator is-style-wide\"\/>\n\n\n\n<h2>24. Dezember 2022 \/\/ <strong>Spielen zur Christmette<\/strong><\/h2>\n\n\n\n<p>Dieses Jahr war es uns wieder m\u00f6glich mit einer kleinen Besetzung am Heilig Abend vor der Christmette zu spielen.<\/p>\n\n\n\n<figure class=\"wp-block-image size-large is-resized\"><a href=\"https:\/\/www.musikverein-forbach.de\/wp\/wp-content\/uploads\/2023\/01\/WhatsApp-Image-2022-12-24-at-21.44.42.jpeg\"><img loading=\"lazy\" src=\"https:\/\/www.musikverein-forbach.de\/wp\/wp-content\/uploads\/2023\/01\/WhatsApp-Image-2022-12-24-at-21.44.42.jpeg\" alt=\"\" class=\"wp-image-1147\" width=\"450\" height=\"344\" srcset=\"https:\/\/www.musikverein-forbach.de\/wp\/wp-content\/uploads\/2023\/01\/WhatsApp-Image-2022-12-24-at-21.44.42.jpeg 947w, https:\/\/www.musikverein-forbach.de\/wp\/wp-content\/uploads\/2023\/01\/WhatsApp-Image-2022-12-24-at-21.44.42-300x229.jpeg 300w, https:\/\/www.musikverein-forbach.de\/wp\/wp-content\/uploads\/2023\/01\/WhatsApp-Image-2022-12-24-at-21.44.42-768x587.jpeg 768w\" sizes=\"(max-width: 450px) 100vw, 450px\" \/><\/a><\/figure>\n\n\n\n<hr class=\"wp-block-separator is-style-wide\"\/>\n\n\n\n<h2>7. Oktober 2022 \/\/ <strong>Abschied von Pfarrer Thomas Holler<\/strong><\/h2>\n\n\n\n<p>Am Freitag, 7. Oktober, fand der offizielle Dankes- und Abschiedsgottesdienst von unserem Pfarrer Thomas Holler mit anschlie\u00dfender Begegnung im Josefshaus statt. Selbstverst\u00e4ndlich war es Ehrensache f\u00fcr den Musikverein Forbach, aber auch allen ein pers\u00f6nliches Anliegen, ihm als Dank ein kleines St\u00e4nderle zu spielen. Neben zahlreichen&nbsp;Prozessionsbegleitungen&nbsp;sowie&nbsp;Hochzeitsumrahmungen&nbsp;haben wir in den vergangenen 12 Jahren sogar Fasentauftritte gemeinsam auf die Beine gestellt und er erm\u00f6glichte uns viele Gedenkgottesdienste und Kirchenkonzerte&nbsp;in der katholischen Kirche in Forbach; teilweise bereicherte er diese sogar mit seiner Moderation. Hierf\u00fcr und f\u00fcr all das Wirken in unserer Gemeinde ein herzliches Vergelts Gott an Thomas Holler.<\/p>\n\n\n\n<figure class=\"wp-block-image\"><img src=\"https:\/\/regio-portal.duerrschnabel.com\/vds\/cms_e-abo.nsf\/api\/articleimages\/20221010090626-2175.jpg?scaledimage=true&amp;width=800\" alt=\"\"\/><\/figure>\n\n\n\n<hr class=\"wp-block-separator is-style-wide\"\/>\n\n\n\n<div class=\"wp-block-columns\">\n<div class=\"wp-block-column\" style=\"flex-basis:100%\">\n<h2><strong>Neustart nach der Sommerpause mit neuem Dirigenten<\/strong><\/h2>\n\n\n\n<p>Wie bereits bekannt, endete im Sommer 2022 nach 15 sehr erfolgreichen Jahren die Zusammenarbeit mit unserem Dirigenten Alexander Weber. Das geplante Abschlusskonzert konnte leider nicht stattfinden, aber als kleiner Ersatz verabschiedeten wir uns intern bei einem geselligen Abend im Adler von Alex. Er hat nun, neben seinen beiden anderen Vereinen, auch das Dirigat bei seiner Heimatkapelle, der Stadtkapelle Haslach, \u00fcbernommen &#8211; hierf\u00fcr w\u00fcnschen wir Alex alles Gute sowie viel Freude und Erfolg.<br>Auch f\u00fcr uns bedeutete das, w\u00e4hrend der Sommermonate einen passenden Nachfolger zu finden: Mitte September stellten sich vier Kandidaten dem Auswahlverfahren in der Kapelle. Jeder Bewerber brachte ein St\u00fcck zum Vordirigat mit und eines hatten wir ausgew\u00e4hlt. Das Vordirigat war f\u00fcr alle eine spannende, aber auch anstrengende Sache, die viel Konzentration (und Ansatz) erforderte. Am Ende hatten die Aktiven und&nbsp;Vorstandschaftsmitglieder&nbsp;die Wahl und entschieden sich mit eindeutiger Mehrheit f\u00fcr den Kandidaten Sascha Eisenhut.<br>Herr Eisenhut ist musikalisch breit aufgestellt &#8211; Berufsmusiker, studierte Trompete und spielt diverse weitere Instrumente. Er besitzt seit vielen Jahren Erfahrung als Dirigent und konnte so am Mittwoch vergangener Woche bereits voll durchstarten mit der ersten Probe, die den Aktiven sichtlich Freude bereitete.<br>Bei der Gelegenheit konnten wir auch unsere neuen Poloshirts &#8220;eintragen&#8221; &#8211; hier sagen wir herzlichen Dank an die BBBank f\u00fcr die Unterst\u00fctzungsspende und an die Werbeagentur&nbsp;Finkbeiner&nbsp;f\u00fcr die Umsetzung unserer W\u00fcnsche.<br>Wir w\u00fcnschen Sascha Eisenhut einen guten Start bei uns und nach einer kurzen&nbsp;Kennenlernphase&nbsp;werden wir Ihnen sicher auch bald mitteilen k\u00f6nnen, wo und wann Sie Sascha Eisenhut und den MV Forbach zum ersten Mal live erleben k\u00f6nnen &#8211; wir freuen uns schon heute darauf.<\/p>\n<\/div>\n<\/div>\n\n\n\n<figure class=\"wp-block-gallery columns-1 is-cropped\"><ul class=\"blocks-gallery-grid\"><li class=\"blocks-gallery-item\"><figure><a href=\"https:\/\/www.musikverein-forbach.de\/wp\/wp-content\/uploads\/2022\/10\/WhatsApp-Image-2022-09-29-at-17.18.37.jpeg\"><img loading=\"lazy\" width=\"1024\" height=\"573\" src=\"https:\/\/www.musikverein-forbach.de\/wp\/wp-content\/uploads\/2022\/10\/WhatsApp-Image-2022-09-29-at-17.18.37-1024x573.jpeg\" alt=\"\" data-id=\"1139\" data-full-url=\"https:\/\/www.musikverein-forbach.de\/wp\/wp-content\/uploads\/2022\/10\/WhatsApp-Image-2022-09-29-at-17.18.37.jpeg\" data-link=\"https:\/\/www.musikverein-forbach.de\/wp\/?attachment_id=1139\" class=\"wp-image-1139\" srcset=\"https:\/\/www.musikverein-forbach.de\/wp\/wp-content\/uploads\/2022\/10\/WhatsApp-Image-2022-09-29-at-17.18.37-1024x573.jpeg 1024w, https:\/\/www.musikverein-forbach.de\/wp\/wp-content\/uploads\/2022\/10\/WhatsApp-Image-2022-09-29-at-17.18.37-300x168.jpeg 300w, https:\/\/www.musikverein-forbach.de\/wp\/wp-content\/uploads\/2022\/10\/WhatsApp-Image-2022-09-29-at-17.18.37-768x430.jpeg 768w, https:\/\/www.musikverein-forbach.de\/wp\/wp-content\/uploads\/2022\/10\/WhatsApp-Image-2022-09-29-at-17.18.37-1536x859.jpeg 1536w, https:\/\/www.musikverein-forbach.de\/wp\/wp-content\/uploads\/2022\/10\/WhatsApp-Image-2022-09-29-at-17.18.37.jpeg 1800w\" sizes=\"(max-width: 1024px) 100vw, 1024px\" \/><\/a><\/figure><\/li><\/ul><\/figure>\n\n\n\n<hr class=\"wp-block-separator is-style-wide\"\/>\n\n\n\n<h2><strong>23. Juli 2022<\/strong> \/\/ <strong>Absage des 80er-Konzerts des MV Forbach <\/strong><\/h2>\n\n\n\n<p>Schweren Herzens haben die Verantwortlichen des Musikvereins Forbach sich dazu entschlossen, das f\u00fcr Samstag vorbereitete Konzert \u201eHits der 80er \u2013 Liebe.. Kampf.. Freiheit..\u201c abzusagen. Grund hierf\u00fcr sind einige nun positiv getestete Personen und der dem Verein seit Beginn der Pandemie wichtigen, verantwortungsvollen Umgang damit, sowohl f\u00fcr das Publikum, als auch f\u00fcr die Aktiven selbst.<br>Aufgrund der anstehenden Urlaubszeit und der weiterhin unklaren Infektionslage ist auch ein Verschieben auf einen zeitnahen Ersatztermin leider nicht m\u00f6glich.<br>Da das Konzert gleichzeitig das Abschiedskonzert des bisherigen Dirigenten Alexander Weber h\u00e4tte sein sollen, l\u00e4uft gerade die Ideenfindung f\u00fcr ein Ersatzkonzept.<br>Die im VVK erworbenen Karten werden bei den bekannten Vorverkaufsstellen erstattet. Der Verein dankt seinen G\u00e4sten f\u00fcr ihr Verst\u00e4ndnis.<\/p>\n\n\n\n<figure class=\"wp-block-image\"><a href=\"https:\/\/www.musikverein-forbach.de\/wp\/wp-content\/uploads\/2022\/07\/WhatsApp-Image-2022-07-21-at-21.07.54.jpeg\"><img loading=\"lazy\" width=\"576\" height=\"1024\" src=\"https:\/\/www.musikverein-forbach.de\/wp\/wp-content\/uploads\/2022\/07\/WhatsApp-Image-2022-07-21-at-21.07.54-576x1024.jpeg\" alt=\"\" class=\"wp-image-1131\" srcset=\"https:\/\/www.musikverein-forbach.de\/wp\/wp-content\/uploads\/2022\/07\/WhatsApp-Image-2022-07-21-at-21.07.54-576x1024.jpeg 576w, https:\/\/www.musikverein-forbach.de\/wp\/wp-content\/uploads\/2022\/07\/WhatsApp-Image-2022-07-21-at-21.07.54-169x300.jpeg 169w, https:\/\/www.musikverein-forbach.de\/wp\/wp-content\/uploads\/2022\/07\/WhatsApp-Image-2022-07-21-at-21.07.54-768x1366.jpeg 768w, https:\/\/www.musikverein-forbach.de\/wp\/wp-content\/uploads\/2022\/07\/WhatsApp-Image-2022-07-21-at-21.07.54-864x1536.jpeg 864w, https:\/\/www.musikverein-forbach.de\/wp\/wp-content\/uploads\/2022\/07\/WhatsApp-Image-2022-07-21-at-21.07.54.jpeg 899w\" sizes=\"(max-width: 576px) 100vw, 576px\" \/><\/a><\/figure>\n\n\n\n<hr class=\"wp-block-separator is-style-wide\"\/>\n\n\n\n<h2>3. Juli 2022 \/\/ <strong>Auftritt Jubil\u00e4um Sch\u00fctzenverein Forbach<\/strong> <\/h2>\n\n\n\n<p>Einen weiteren Geburtstagsgru\u00df durften wir am vergangenen Sonntag dem Sch\u00fctzenverein &#8220;zu Hause&#8221; am Sch\u00fctzenhaus \u00fcberbringen. Traditionell umrahmte die Gesamtkapelle musikalisch die K\u00f6nigsproklamation und spielte davor und danach zur Unterhaltung auf. F\u00fcr die meisten war es aber dennoch eine Premiere, denn sie hatten bisher h\u00f6chstens auf dem Roten Platz oder im Murggarten f\u00fcr den Sch\u00fctzenverein gespielt. Wir w\u00fcnschen dem Sch\u00fctzenverein auch auf diesem Wege f\u00fcr die n\u00e4chsten 100 Jahre weiterhin &#8220;Gut Schuss&#8221;.<\/p>\n\n\n\n<figure class=\"wp-block-image size-large\"><a href=\"https:\/\/www.musikverein-forbach.de\/wp\/wp-content\/uploads\/2022\/07\/WhatsApp-Image-2022-07-04-at-15.41.42.jpeg\"><img loading=\"lazy\" width=\"1024\" height=\"768\" src=\"https:\/\/www.musikverein-forbach.de\/wp\/wp-content\/uploads\/2022\/07\/WhatsApp-Image-2022-07-04-at-15.41.42-1024x768.jpeg\" alt=\"\" class=\"wp-image-1125\" srcset=\"https:\/\/www.musikverein-forbach.de\/wp\/wp-content\/uploads\/2022\/07\/WhatsApp-Image-2022-07-04-at-15.41.42-1024x768.jpeg 1024w, https:\/\/www.musikverein-forbach.de\/wp\/wp-content\/uploads\/2022\/07\/WhatsApp-Image-2022-07-04-at-15.41.42-300x225.jpeg 300w, https:\/\/www.musikverein-forbach.de\/wp\/wp-content\/uploads\/2022\/07\/WhatsApp-Image-2022-07-04-at-15.41.42-768x576.jpeg 768w, https:\/\/www.musikverein-forbach.de\/wp\/wp-content\/uploads\/2022\/07\/WhatsApp-Image-2022-07-04-at-15.41.42-1536x1152.jpeg 1536w, https:\/\/www.musikverein-forbach.de\/wp\/wp-content\/uploads\/2022\/07\/WhatsApp-Image-2022-07-04-at-15.41.42.jpeg 1800w\" sizes=\"(max-width: 1024px) 100vw, 1024px\" \/><\/a><\/figure>\n\n\n\n<hr class=\"wp-block-separator is-style-wide\"\/>\n\n\n\n<h2>26. Juni 2022 \/\/ <strong>Auftritt Dorffest Musikverein Gausbach und<\/strong> Patrozinium Forbach <\/h2>\n\n\n\n<figure class=\"wp-block-image size-large\"><a href=\"https:\/\/www.musikverein-forbach.de\/wp\/wp-content\/uploads\/2022\/07\/WhatsApp-Image-2022-06-26-at-19.17.25.jpeg\"><img loading=\"lazy\" width=\"1024\" height=\"461\" src=\"https:\/\/www.musikverein-forbach.de\/wp\/wp-content\/uploads\/2022\/07\/WhatsApp-Image-2022-06-26-at-19.17.25-1024x461.jpeg\" alt=\"\" class=\"wp-image-1112\" srcset=\"https:\/\/www.musikverein-forbach.de\/wp\/wp-content\/uploads\/2022\/07\/WhatsApp-Image-2022-06-26-at-19.17.25-1024x461.jpeg 1024w, https:\/\/www.musikverein-forbach.de\/wp\/wp-content\/uploads\/2022\/07\/WhatsApp-Image-2022-06-26-at-19.17.25-300x135.jpeg 300w, https:\/\/www.musikverein-forbach.de\/wp\/wp-content\/uploads\/2022\/07\/WhatsApp-Image-2022-06-26-at-19.17.25-768x346.jpeg 768w, https:\/\/www.musikverein-forbach.de\/wp\/wp-content\/uploads\/2022\/07\/WhatsApp-Image-2022-06-26-at-19.17.25-1536x691.jpeg 1536w, https:\/\/www.musikverein-forbach.de\/wp\/wp-content\/uploads\/2022\/07\/WhatsApp-Image-2022-06-26-at-19.17.25.jpeg 1600w\" sizes=\"(max-width: 1024px) 100vw, 1024px\" \/><\/a><\/figure>\n\n\n\n<figure class=\"wp-block-image size-large\"><a href=\"https:\/\/www.musikverein-forbach.de\/wp\/wp-content\/uploads\/2022\/07\/WhatsApp-Image-2022-07-01-at-11.39.40.jpeg\"><img loading=\"lazy\" width=\"1024\" height=\"768\" src=\"https:\/\/www.musikverein-forbach.de\/wp\/wp-content\/uploads\/2022\/07\/WhatsApp-Image-2022-07-01-at-11.39.40-1024x768.jpeg\" alt=\"\" class=\"wp-image-1113\" srcset=\"https:\/\/www.musikverein-forbach.de\/wp\/wp-content\/uploads\/2022\/07\/WhatsApp-Image-2022-07-01-at-11.39.40-1024x768.jpeg 1024w, https:\/\/www.musikverein-forbach.de\/wp\/wp-content\/uploads\/2022\/07\/WhatsApp-Image-2022-07-01-at-11.39.40-300x225.jpeg 300w, https:\/\/www.musikverein-forbach.de\/wp\/wp-content\/uploads\/2022\/07\/WhatsApp-Image-2022-07-01-at-11.39.40-768x576.jpeg 768w, https:\/\/www.musikverein-forbach.de\/wp\/wp-content\/uploads\/2022\/07\/WhatsApp-Image-2022-07-01-at-11.39.40-1536x1152.jpeg 1536w, https:\/\/www.musikverein-forbach.de\/wp\/wp-content\/uploads\/2022\/07\/WhatsApp-Image-2022-07-01-at-11.39.40.jpeg 1600w\" sizes=\"(max-width: 1024px) 100vw, 1024px\" \/><\/a><\/figure>\n\n\n\n<hr class=\"wp-block-separator is-style-wide\"\/>\n\n\n\n<h2 id=\"block-1021a801-6455-41a0-8f0c-b6683928b785\"><strong>7. Mai 2022<\/strong> \/\/ <strong>Altmetallsammlung <\/strong><\/h2>\n\n\n\n<p id=\"block-8c349d68-ff1c-4c32-ac97-84191661c4a1\">Am vergangenen Samstag durften wir wieder unsere &#8220;Fr\u00fchjahrs-Altmetallsammlung&#8221; durchf\u00fchren &#8211; vielen, vielen Dank f\u00fcr das Ausmisten Ihrer Keller und Ihre Metallspenden! Danken m\u00f6chten wir auch den Firmen Reichert Servicecenter f\u00fcr den Bagger, dem&nbsp;Malerbetrieb&nbsp;Bj\u00f6rn&nbsp;Dieterle&nbsp;f\u00fcr das&nbsp;Fahrzeug und Wolfgang Fritz f\u00fcr die \u00dcberlassung des Grundst\u00fcckes.&nbsp;<br>Gerne d\u00fcrfen Sie weiterhin f\u00fcr uns sammeln oder das Ausmisten auf den Herbst verschieben &#8211; im Sp\u00e4tjahr ist wieder eine Stra\u00dfensammlung eingeplant.<\/p>\n\n\n\n<figure class=\"wp-block-image\" id=\"block-d0d01555-9466-4575-8974-6abe376a6d34\"><img src=\"https:\/\/regio-portal.duerrschnabel.com\/vds\/cms_e-abo.nsf\/api\/articleimages\/20220509101655-5001.jpg?scaledimage=true&amp;width=800\" alt=\"Dieses Bild hat ein leeres Alt-Attribut. Der Dateiname ist 20220509101655-5001.jpg\"\/><\/figure>\n\n\n\n<hr class=\"wp-block-separator is-style-wide\" id=\"block-cdd00475-b4c8-49bf-92fc-4de70d04fc5d\"\/>\n\n\n\n<h2 id=\"block-bb21c101-e26c-493e-b101-ba37fc8ec424\">1. Mai 2022 \/\/ <strong>Maiwecken<\/strong><\/h2>\n\n\n\n<p id=\"block-207e613e-6974-42c0-bec2-12816a8b6f69\">Nach zwei Jahren coronabedingter Zwangspause starteten einige Aktiven des Musikvereins am 1. Mai endlich wieder p\u00fcnktlich um 7:00 Uhr zum traditionellen Maiwecken.<\/p>\n\n\n\n<p id=\"block-dbe923df-9b00-4de8-8c64-5126693b7c3f\">Trotz des fr\u00fchen Aufstehens waren sich alle dar\u00fcber einig, dass die Tradition unbedingt aufrechterhalten werden muss und man war froh, dass sie im Jahr 2022 wieder m\u00f6glich war.<\/p>\n\n\n\n<p id=\"block-1963ba51-86af-4461-ab6d-d39aeec623f7\">Herzlichen Dank an alle Zuh\u00f6rer und Spender, besonders an Marita und Berthold f\u00fcr die Kaffee-, Kuchen-Bewirtung; wir freuen uns aufs n\u00e4chste Jahr!<\/p>\n\n\n\n<figure class=\"wp-block-image\" id=\"block-c811988f-a7ae-45b6-9dea-82a95cae463f\"><img src=\"https:\/\/regio-portal.duerrschnabel.com\/vds\/cms_e-abo.nsf\/api\/articleimages\/20220502123026-7465.jpg?scaledimage=true&amp;width=800\" alt=\"Dieses Bild hat ein leeres Alt-Attribut. Der Dateiname ist 20220502123026-7465.jpg\"\/><\/figure>\n\n\n\n<hr class=\"wp-block-separator is-style-wide\" id=\"block-0bebb313-8d80-4c98-8ed4-81fdcfc731fa\"\/>\n\n\n\n<h2 id=\"block-eae92ac3-df8f-40cb-b42f-e3a33e0c981e\"><strong>3. April 2022<\/strong> \/\/ <strong>Generalversammlung <\/strong><\/h2>\n\n\n\n<p id=\"block-9318ba36-d0e7-42f7-ad3a-70e87c7e3509\">Am Sonntag, 3. April, fand &#8211; ziemlich genau 25 Monate nach der letzten &#8211; die regul\u00e4re Generalversammlung des Musikvereins statt.<\/p>\n\n\n\n<p id=\"block-3dcd999f-b004-4851-a6d9-dd2358af9b38\">Morgens umrahmte die Gesamtkapelle unter der Leitung von Alexander Weber den Gedenkgottesdienst f\u00fcr alle verstorbenen Mitglieder mit Melodien aus dem Konzert &#8220;The&nbsp;Sound of&nbsp;Silence&#8221;, bevor der Verein dann zum gemeinsamen Mittagessen eingeladen hatte.<\/p>\n\n\n\n<p id=\"block-c28dfe49-21f8-47f7-ab4a-da87057a3354\">Nach einem Musikst\u00fcck zum Auftakt der Generalversammlung und dem Totengedenken berichteten Schriftf\u00fchrerin Manuela Steinhart, Kassier Raimund&nbsp;Dieterle, Musikervorstand Frank&nbsp;Schillinger&nbsp;und Jugendleiterin Marlene&nbsp;Krech&nbsp;\u00fcber die Geschehnisse der vergangenen zwei Jahre. Trotz Pandemie wurde versucht, den Probebetrieb in allen Altersgruppen wann immer m\u00f6glich stattfinden zu lassen und die Mitglieder auch durch kleine Aktionen zu erfreuen. Alle waren sich darin einig, dass zwei nicht wirklich normale Jahre hinter dem Musikverein, aber auch hinter jedem Einzelnen lagen.&nbsp;<\/p>\n\n\n\n<p id=\"block-0db0ddaa-8de3-40cf-9dd3-1a1c7fd1e0bd\">Im Anschluss folgte die \u00dcberreichung kleiner Pr\u00e4sente f\u00fcr besonderes Engagement, bevor Barbara&nbsp;Ruckenbrod&nbsp;als Stellvertreterin der Gemeinde die Entlastung der Vorst\u00e4nde und die Neuwahl \u00fcbernahm.<\/p>\n\n\n\n<p id=\"block-0d3b845f-812c-4a14-8675-d5096aa8f997\">Der gesch\u00e4ftsf\u00fchrende Vorstand mit dem Vorstandstrio Marlene&nbsp;Krech, Michael Roth und Franz&nbsp;Kalmbacher&nbsp;sowie der Schriftf\u00fchrerin Manuela Steinhart und dem Kassier Raimund&nbsp;Dieterle&nbsp;wurde wiedergew\u00e4hlt.<\/p>\n\n\n\n<p id=\"block-29e25f6d-5cf4-49b1-a749-4fc95874d861\">Ebenso in ihren \u00c4mtern best\u00e4tigt wurden die Vertreter der f\u00f6rdernden Mitglieder Christa&nbsp;Haas-Krech,&nbsp; Joachim&nbsp;Heckele, Jan&nbsp;Dieterle&nbsp;und Bernhard Kr\u00e4mer.&nbsp;<\/p>\n\n\n\n<p id=\"block-a6f77207-2f75-4d66-aaa8-079e9fdb6593\">Bereits vorab wurden in einer Aktivenversammlung deren Vertreter f\u00fcr die n\u00e4chsten zwei Jahre gew\u00e4hlt: Musikervorstand Frank&nbsp;Schillinger&nbsp;und die Beisitzerinnen und Beisitzer&nbsp;Yannis&nbsp;Grajewski,&nbsp;Leni&nbsp;Ruckenbrod&nbsp;und&nbsp;Stephanie&nbsp;Rombeck. Vizedirigent bleibt wie bisher Thomas Roth, Marlene&nbsp;Krech&nbsp;ist als Jugendleiterin weiterhin f\u00fcr den Nachwuchs im Verein zust\u00e4ndig, Stefan Schneider ist weiterhin Instrumentenwart.<\/p>\n\n\n\n<p id=\"block-3d9ef764-9336-42cf-9dc0-cf0fc069ff92\">Im Rahmen dieses Tages durften wir auch einige Ehrungen durchf\u00fchren: Zu Beginn erhielten Emma Roth und&nbsp;Paulin&nbsp;Haas&nbsp;f\u00fcr das erfolgreiche Absolvieren des Silbernen Abzeichens sowie Maria Roth f\u00fcr den Erhalt des Goldenen Abzeichens eine kleine Anerkennung des Vereins.<\/p>\n\n\n\n<p id=\"block-70f1a91c-5157-4137-a26d-a8d8e2be7bf3\">Folgenden Personen durften wir f\u00fcr die vielen Jahre Vereinszugeh\u00f6rigkeit danken; leider konnten nicht alle anwesend sein:<\/p>\n\n\n\n<p id=\"block-26bb7435-f3f8-4ecc-ae76-0a5c841002ea\">Moritz M\u00fcller (10 Jahre aktiv ),&nbsp;Vanessa&nbsp;Ludwig (20 Jahre aktiv), Christian&nbsp;Striebich&nbsp;(10 Jahre aktiver Beisitzer), Joachim&nbsp;Heckele&nbsp;(15 Jahre passiver Beisitzer), Stefan Schneider (15 Jahre Instrumentenwart ),&nbsp;&nbsp;Jutta&nbsp;Gernsbeck&nbsp;und Klaus&nbsp;Uibel&nbsp;(25 Jahre Mitgliedschaft), Udo Wagner und Hugo Merkel (50 Jahre Mitgliedschaft),&nbsp;Artur&nbsp;Ruckenbrod&nbsp;(60 Jahre Mitgliedschaft) sowie&nbsp;Waldemar&nbsp;Reinthaler,&nbsp;Karlheinz Roth und Herrmann&nbsp;Steib&nbsp;(70 Jahre Mitgliedschaft).<\/p>\n\n\n\n<p id=\"block-0ca14af7-353b-42be-a3f0-d0f8c47fc2c3\">Die Gemeindeehrung f\u00fcr 50 Jahre Aktivit\u00e4t \u00fcbergab Barbara&nbsp;Ruckenbrod&nbsp;an Sabine Zimmer, Bruno&nbsp;Striebich&nbsp;und Frank St\u00f6\u00dfer.&nbsp; Sie wurden auch von unserem Blasmusikverband durch den Bezirksvorsitzenden Dieter&nbsp;Knittel&nbsp;geehrt, ebenso wie Marlene&nbsp;Krech&nbsp;f\u00fcr 25 Jahre Aktivit\u00e4t.&nbsp;<\/p>\n\n\n\n<p id=\"block-5af02079-7802-4dfd-9d07-27d3c172142e\">15 Jahre ist nun auch unser Dirigent Alexander Weber in Forbach und hat gemeinsam mit dem Verein Einiges auf die Beine gestellt und diesen weiterentwickelt. Hierf\u00fcr erhielt er eine Vereinsehrung, verbunden mit einer Laudatio durch Michael Roth, der&nbsp;blitzlichtartig&nbsp;an die vielen besonderen Konzerte und Ereignisse erinnerte. Im Sommer wird es nun ein Abschiedskonzert geben &#8211; die Wege von Verein und Dirigent trennen sich.<\/p>\n\n\n\n<figure class=\"wp-block-image\" id=\"block-205c1797-768f-479d-ab2f-d11baabf6e6d\"><img src=\"http:\/\/www.musikverein-forbach.de\/wp\/wp-content\/uploads\/2022\/04\/ehrung-1024x442.jpg\" alt=\"Dieses Bild hat ein leeres Alt-Attribut. Der Dateiname ist ehrung-1024x442.jpg\"\/><\/figure>\n","protected":false},"excerpt":{"rendered":"<p>24. Dezember 2022 \/\/ Spielen zur Christmette Dieses Jahr war es uns wieder m\u00f6glich mit einer kleinen Besetzung am Heilig Abend vor der Christmette zu spielen. 7. Oktober 2022 \/\/ Abschied von Pfarrer Thomas Holler Am Freitag, 7. Oktober, fand der offizielle Dankes- und Abschiedsgottesdienst von unserem Pfarrer Thomas Holler mit anschlie\u00dfender Begegnung im Josefshaus [&hellip;]<\/p>\n","protected":false},"author":2,"featured_media":0,"parent":0,"menu_order":0,"comment_status":"closed","ping_status":"closed","template":"","meta":{"ngg_post_thumbnail":0},"_links":{"self":[{"href":"https:\/\/www.musikverein-forbach.de\/wp\/index.php?rest_route=\/wp\/v2\/pages\/991"}],"collection":[{"href":"https:\/\/www.musikverein-forbach.de\/wp\/index.php?rest_route=\/wp\/v2\/pages"}],"about":[{"href":"https:\/\/www.musikverein-forbach.de\/wp\/index.php?rest_route=\/wp\/v2\/types\/page"}],"author":[{"embeddable":true,"href":"https:\/\/www.musikverein-forbach.de\/wp\/index.php?rest_route=\/wp\/v2\/users\/2"}],"replies":[{"embeddable":true,"href":"https:\/\/www.musikverein-forbach.de\/wp\/index.php?rest_route=%2Fwp%2Fv2%2Fcomments&post=991"}],"version-history":[{"count":21,"href":"https:\/\/www.musikverein-forbach.de\/wp\/index.php?rest_route=\/wp\/v2\/pages\/991\/revisions"}],"predecessor-version":[{"id":1502,"href":"https:\/\/www.musikverein-forbach.de\/wp\/index.php?rest_route=\/wp\/v2\/pages\/991\/revisions\/1502"}],"wp:attachment":[{"href":"https:\/\/www.musikverein-forbach.de\/wp\/index.php?rest_route=%2Fwp%2Fv2%2Fmedia&parent=991"}],"curies":[{"name":"wp","href":"https:\/\/api.w.org\/{rel}","templated":true}]}}