{"id":960,"date":"2022-05-22T21:17:47","date_gmt":"2022-05-22T19:17:47","guid":{"rendered":"https:\/\/www.musikverein-forbach.de\/wp\/?page_id=960"},"modified":"2022-05-22T22:03:41","modified_gmt":"2022-05-22T20:03:41","slug":"2000-2","status":"publish","type":"page","link":"https:\/\/www.musikverein-forbach.de\/wp\/?page_id=960","title":{"rendered":"Chronik 2000"},"content":{"rendered":"\n<h3>Instrumentenb\u00f6rse<\/h3>\n\n\n\n<p>2.\/3. Dezember 2000, Forbach<\/p>\n\n\n\n<p>Am ersten Dezemberwochenden fand die erste Instrumentenb\u00f6rse in Forbach im Zusammenhang mit dem Weihnachtsmarkt der Werbegemeinschaft statt. So manches eingestaubte Instrument wechselte den Besitzer. Schn\u00e4ppchenj\u00e4ger dr\u00e4ngten in die Halle um die besten St\u00fccke zu ergattern. Speziell die Gausbacher Fasentschlempen waren fr\u00fch auf der Suche nach neuem Material f\u00fcr die nahende Saison und wurden teilweise f\u00fcndig. Leider war die Beteiligung anderer Vereine mager, so da\u00df das Angebot und die Nachfrage nach besseren Instrumenten ausblieb. Danke an unsere Kollegen aus Weisenbach die sich mit einem eigenen Stand beteiligt haben. Beim n\u00e4chsten Mal sind es hoffentlich mehr Vereine die dieses Angebot nutzen.<\/p>\n\n\n\n<h3>Ausflug nach Waldulm<\/h3>\n\n\n\n<p>21. Oktober 2000, Waldulm<\/p>\n\n\n\n<p>Immerhin 50 MVler waren am Samstag mit dabei, als wir nach langem hin und her unseren diesj\u00e4hrigen &#8220;Ausflug&#8221; antraten. Mit einem Linienbus ohne Teppich ging es auf die Schwarzwaldhochstra\u00dfe von wo aus wir unsere Wanderung starteten. Nach gem\u00fctlichem Bergabstieg wartete an der Blosenkopfkapelle (\u00fcber Kappelrodeck) unser Versorgungsfahrzeug mit dem langersehnten Vesper. Z\u00fcnftig mit Speck, Schmalz und Most st\u00e4rkten wir uns. F\u00fcr die geplagten M\u00e4gen brachte der BM Mungenast aus Kappelrodeck ein feines Kirschw\u00e4sserle vorbei. Gut gest\u00e4rkt und teilweise mit schon weichen Knien (Gottfrieds 99er Most !!) ging es durch die Weinberge und den Ort hin\u00fcber nach Waldulm zum Musikverein. Zum Gl\u00fcck hatten wir reserviert, denn die Halle f\u00fcllte sich sehr schnell. Bald war eine gute Grundlage f\u00fcr den guten Roten geschaffen und die Stimmung stieg mit jedem Glas. Als die Waldulmer &#8220;Rotweinschlotzer&#8221; eine Top-Einlage brachten hielt es kaum noch einen auf dem Stuhl. Gl\u00fcckselig traten wir mit 2 Stunden Versp\u00e4tung die Heimreise an. Die Wahl eines Linienbusses ohne Teppich zahlte sich zum Gl\u00fcck nicht aus.<\/p>\n\n\n\n<h3>Workshop Instrumentenpflege<\/h3>\n\n\n\n<p>16. Oktober 2000, Forbach<\/p>\n\n\n\n<p>Kampf dem Gr\u00fcnspan. Am Montag fand im Proberaum des Musikvereins ein Instrumentenpflegekurs f\u00fcr die Jugendkapelle statt. Organisiert hatte diesen Abend Instrumentenwart Peter Fritz. Volker Fischer &#8211; vom Musikhaus Mr. Musikus aus Gaggenau &#8211; zeigte an diesem Abend, wie man richtig Holzinstrumente pflegt und vor allem Blechblasinstrumente gr\u00fcndlich reinigt. Erstaunt waren alle, welchen Schmutz man noch aus einem scheinbar sauberen Mundst\u00fcck heraus bekommt. Besonders erfreut an diesem Abend war Melina, deren Instrument als Anschauungsobjekt diente und somit eine Generalreinigung erhielt.<\/p>\n\n\n\n<h3>Auftritt beim Oktoberfest des MV Bermersbach<\/h3>\n\n\n\n<p>1. Oktober 2000, Bermersbach<\/p>\n\n\n\n<p>Auftritt auf dem Oktoberfest des Musikverein Bermersbach in der Festhalle. Beim anschlie\u00dfenden &#8220;Wettnageln&#8221; konnten die Forbacher Musiker die Bermersbacher Auswahl klar mit 4:1 festnageln (nur den Bermersbacher Frauen gelang es die Forbacher zu schlagen).<\/p>\n\n\n\n<h3>Auftritt bei Stora Enso<\/h3>\n\n\n\n<p>24. September 2000, Langenbrand<\/p>\n\n\n\n<p>Auftritt beim Tag der offenen T\u00fcr Stora Enso (fr\u00fcher auch mal Holtzmann genannt) &#8211; unser 1. Festauftritt auf Festb\u00e4nken<\/p>\n\n\n\n<h3>Teilnahme beim Vereinsschiessen<\/h3>\n\n\n\n<p>23. September 2000, Forbach<\/p>\n\n\n\n<p>Am Vereinsschiessen desSch\u00fctzenvereins Forbach nahmen 2 Mannschaften teil. Mannschaft I (Andreas Spissinger, Peter Fritz, Sabine Zimmer, Alois Fritz, Franz Kalmbacher, Michael Steininger); Mannschaft II ( B\u00e4rbel Ruckenbrod, Detlef Merkel, J\u00fcrgen Merkel (Nicht-Abdr\u00fccker), Robert Ruckenbrod. Artur Spissinger, Thomas Steinhart) &#8211; Ergebnis folgt &#8211; 23.10.00 Ergebnis folgt doch nicht, zu schlecht.<\/p>\n\n\n\n<h3>Auftritt beim Sportfest des SV Forbach<\/h3>\n\n\n\n<p>10. September 2000, Forbach<\/p>\n\n\n\n<p>Auftritt beim Sportfest. Gastauftritte von Christoph Merkel und DJ \u00d6tzi alias Michael Steininger<\/p>\n\n\n\n<h3>Teilnahme beim Gaudiwettbewerb des SV Forbach<\/h3>\n\n\n\n<p>9. September 2000, Forbach<\/p>\n\n\n\n<p>Bei der Teilnahme beim Gaudiwettbewerb des SV Forbach belegte die Mannschaft Musikverein 1 (von 1) in der Besetzung: Alois (Handkarrenzugpferd und Ma\u00dfkrugstemmer( und -trinker)), Thomas (Stoni), Maik (alias das Huhn mit Schuhgr\u00f6\u00dfe 46), Franz ( der Buttermilchtrinker, war sehr fein), Detlef (Wassereimerufemkopftr\u00e4gerohnenasswerde); einen glanzvollen dritten Platz.<\/p>\n\n\n\n<h3>Blechmusik popt&#8217;s 2000<\/h3>\n\n\n\n<p>8.\/9. April, Forbach<\/p>\n\n\n\n<figure class=\"wp-block-image\"><img src=\"https:\/\/musikverein-forbach.de\/bak201119\/events\/popts2000\/pop_titel1.jpg\" alt=\"\" title=\"BNN Januar 1998\"\/><\/figure>\n\n\n\n<figure class=\"wp-block-image\"><img src=\"https:\/\/musikverein-forbach.de\/bak201119\/events\/popts2000\/poplogo_s.gif\" alt=\"Dieses Bild hat ein leeres Alt-Attribut. Der Dateiname ist poplogo_s.gif\"\/><\/figure>\n\n\n\n<p>Nach vielen Jahren in denen wir unseren Zuh\u00f6rern erfolgreich Konzerte konventioneller Art boten, wollten wir neue Ma\u00dfst\u00e4be setzen. Ein neuer Kreis sollte erschlossen werden, um weitere Zuh\u00f6rer f\u00fcr die Blasmusik zu begeistern. Damals hatte die Kapelle eine St\u00e4rke von 55 Musikern zwischen 13 und 66 Jahren. Ein Gro\u00dfteil von ihnen z\u00e4hlt zur j\u00fcngeren Generation die diese Idee auch vorantrieb.<\/p>\n\n\n\n<p>Etwa eineinhalb Jahre vor dem ersten Konzert im Januar 1998 nahm die Idee Gestalt an. In vielen zwanglosen Gespr\u00e4chen wurden Ideen zusammengetragen. Mit &#8220;Blechmusik popt\u00b4s&#8221; fanden wir einen Slogan, der treffend pa\u00dfte. Blasmusik in einer neuen Aufmachung. Zum Slogan geh\u00f6rt auch ein Logo. Die 5 Schattenmusiker begleiteten das Projekt.<\/p>\n\n\n\n<p>Dieses Vorhaben brachte auch im organisatorischen Bereich viele Neuerungen und Arbeit. Ein Arbeitskreis wurde gegr\u00fcndet der die Ideen b\u00fcndelte und mit den Musikern und der Vorstandschaft in die Tat umsetzte.<\/p>\n\n\n\n<p>Viele Treffen waren notwendig um das Konzept zu erstellen und die Musikst\u00fccke zusammen mit dem Dirigenten Peter Fister auszuw\u00e4hlen. Ziemlich fr\u00fch stand fest, da\u00df wir dieses Konzert nicht in unserer Uniform pr\u00e4sentieren konnten. Farbige T-Shirts mit dem Logo und dem Slogan sollten f\u00fcr ein buntes B\u00fchnenbild sorgen. Die Show wurde visuell durch eine Lichtanlage und optische Effekte verst\u00e4rkt. Ein weiteres Novum stellte die Kombination von Live-Musik und Live-Tanz der T\u00e4nzerinnen des TV Forbach da.<\/p>\n\n\n\n<p>Die Werbetrommel wurde mit Plakaten, Zeitungsartikeln und Bierdeckeln kr\u00e4ftig ger\u00fchrt. Der Kartenvorverkauf zeigte sehr schnell, da\u00df wir mit diesem Projekt auf dem richtigen Weg waren und sich die Investitionen lohnen w\u00fcrden. Zwei ausverkaufte Vorstellungen und ein begeistertes Publikum best\u00e4tigten dies.<\/p>\n\n\n\n<h3>Pressestimmen nach dem Konzert<\/h3>\n\n\n\n<figure class=\"wp-block-image\"><img src=\"https:\/\/musikverein-forbach.de\/bak201119\/events\/popts2000\/pop_zeit1.jpg\" alt=\"\" title=\"BNN Januar 1998\"\/><\/figure>\n\n\n\n<figure class=\"wp-block-image\"><img src=\"https:\/\/musikverein-forbach.de\/bak201119\/events\/popts2000\/pop_zeit2.jpg\" alt=\"\" title=\"BT Januar 1998\"\/><\/figure>\n","protected":false},"excerpt":{"rendered":"<p>Instrumentenb\u00f6rse 2.\/3. Dezember 2000, Forbach Am ersten Dezemberwochenden fand die erste Instrumentenb\u00f6rse in Forbach im Zusammenhang mit dem Weihnachtsmarkt der Werbegemeinschaft statt. So manches eingestaubte Instrument wechselte den Besitzer. Schn\u00e4ppchenj\u00e4ger dr\u00e4ngten in die Halle um die besten St\u00fccke zu ergattern. Speziell die Gausbacher Fasentschlempen waren fr\u00fch auf der Suche nach neuem Material f\u00fcr die nahende [&hellip;]<\/p>\n","protected":false},"author":1,"featured_media":0,"parent":0,"menu_order":0,"comment_status":"closed","ping_status":"closed","template":"","meta":{"ngg_post_thumbnail":0},"_links":{"self":[{"href":"https:\/\/www.musikverein-forbach.de\/wp\/index.php?rest_route=\/wp\/v2\/pages\/960"}],"collection":[{"href":"https:\/\/www.musikverein-forbach.de\/wp\/index.php?rest_route=\/wp\/v2\/pages"}],"about":[{"href":"https:\/\/www.musikverein-forbach.de\/wp\/index.php?rest_route=\/wp\/v2\/types\/page"}],"author":[{"embeddable":true,"href":"https:\/\/www.musikverein-forbach.de\/wp\/index.php?rest_route=\/wp\/v2\/users\/1"}],"replies":[{"embeddable":true,"href":"https:\/\/www.musikverein-forbach.de\/wp\/index.php?rest_route=%2Fwp%2Fv2%2Fcomments&post=960"}],"version-history":[{"count":2,"href":"https:\/\/www.musikverein-forbach.de\/wp\/index.php?rest_route=\/wp\/v2\/pages\/960\/revisions"}],"predecessor-version":[{"id":1014,"href":"https:\/\/www.musikverein-forbach.de\/wp\/index.php?rest_route=\/wp\/v2\/pages\/960\/revisions\/1014"}],"wp:attachment":[{"href":"https:\/\/www.musikverein-forbach.de\/wp\/index.php?rest_route=%2Fwp%2Fv2%2Fmedia&parent=960"}],"curies":[{"name":"wp","href":"https:\/\/api.w.org\/{rel}","templated":true}]}}