{"id":958,"date":"2022-05-22T21:18:28","date_gmt":"2022-05-22T19:18:28","guid":{"rendered":"https:\/\/www.musikverein-forbach.de\/wp\/?page_id=958"},"modified":"2022-05-22T22:03:53","modified_gmt":"2022-05-22T20:03:53","slug":"2001-2","status":"publish","type":"page","link":"https:\/\/www.musikverein-forbach.de\/wp\/?page_id=958","title":{"rendered":"Chronik 2001"},"content":{"rendered":"\n<h3>Ausflug Reichenau<\/h3>\n\n\n\n<p>10.\/11. November 2001, Reichenau\/Bodensee<\/p>\n\n\n\n<p>Nach den Anstrengungen der letzten Monate f\u00fcr den Blechmusikstad&#8217;l stand endlich etwas Erholung und Kameradschaftspflege (ihr wi\u00dft, was wir meinen&#8230;) auf dem Programm.<\/p>\n\n\n\n<p><a href=\"https:\/\/musikverein-forbach.de\/events\/2001\/reichenau.html\">Bilder<\/a><\/p>\n\n\n\n<h3>1. Forbacher Blechmusikstad&#8217;l<\/h3>\n\n\n\n<p>27.\/28. Oktober 2001, Forbach<\/p>\n\n\n\n<p>An zwei ausverkauften Abend pr\u00e4sentierte der Musikverein dem Publikum 4 Stunden Unterhaltungsprogramm. Der sonst n\u00fcchternen Kurhaussaal wurde in recht kurzer Vorbereitungszeit stad\u00b4lgerecht dekoriert. Allerlei Handwerksger\u00e4t, Mostf\u00e4sser und eine eigens gebaute zweite B\u00fchne im Heuh\u00fcttenformat setzten den Saal in das rechte Licht. Die Musikkapelle pr\u00e4sentierte zusammen mit 9 weiteren Gruppen ein abwechslungsreiches Programm. Volksmusik mit Schunkelrunde, moderne Blasmusik, Sketsche, Tanzeinlagen, Besinnliches und Lustiges lie\u00dfen die Abende zu einer kurzweiligen unterhaltsamen Show und einem vollen Erfolg werden.<\/p>\n\n\n\n<p><a href=\"https:\/\/musikverein-forbach.de\/events\/stadl\/presseinfo.html\">weitere Infos:<\/a><\/p>\n\n\n\n<p><a href=\"https:\/\/musikverein-forbach.de\/events\/stadl\/bilder.html\">Bilder<\/a><\/p>\n\n\n\n<h3>Auftritt beim Sportfest in Forbach<\/h3>\n\n\n\n<p>09. September 2001, Forbach<\/p>\n\n\n\n<p>Am Sonntag, dem 09. September 2001, spielten wir bei winterlichen Temperaturen im Festzelt am Bahnhof 2 Stunden zur Unterhaltung auf.<\/p>\n\n\n\n<h3>Auftritt beim Musikfest in Baden-Oos<\/h3>\n\n\n\n<p>28. Juli 2001, Baden-Oos<\/p>\n\n\n\n<p>Am Samstag, dem 28. Juli 2001, spielten in einer lauen Sommernacht wir zum ersten Mal beim Musikverein in Baden-Oos. Auch hier freuen wir uns auf einen Gegenbesuch.<\/p>\n\n\n\n<h3>Auftritt beim Musikfest in Bermersbach<\/h3>\n\n\n\n<p>15. Juli 2001, Bermersbach<\/p>\n\n\n\n<p>Am Sonntag, dem 15. Juli 2001, spielten wir (fast schon traditionell) beim Musikfest in Bermersbach. Leider scheuten die Bermersbacher ein erneutes Kr\u00e4ftemessen im Nageln, so da\u00df Forbach weiterhin ungeschlagener Meister bleibt (siehe Chronik).<\/p>\n\n\n\n<h3>Auftritt beim Musikfest in Appenweier<\/h3>\n\n\n\n<p>08. Juli 2001, Appenweier<\/p>\n\n\n\n<p>Am Sonntag, dem 8. Juli 2001, spielten wir zum ersten Mal in der Heimat unseres Dirigenten Wilfried Kornmeier. Begleitet vom Rheintaloriginal &#8220;Frieder&#8221; gelang es uns, trotz heftiger Rauchschwaden aus der K\u00fcchenecke, f\u00fcr ausgezeichnetet Stimmung zu sorgen. Wir freuen uns auf einen Gegenbesuch der Musiker aus Appenweier.<\/p>\n\n\n\n<h3>Auftritt beim Bezirksmusikfest in Loffenau<\/h3>\n\n\n\n<p>01. Juli 2001, Loffenau<\/p>\n\n\n\n<p>Am Sonntag, dem 1. Juli 2001, trat die Musikkapelle Forbach unter der Leitung ihres Dirigenten Wilfried Kornmeier beim Musikverein Loffenau beim diesj\u00e4hrigen Bezirksmusikfest auf. Die Musiker sorgten f\u00fcr ca. 60 min. f\u00fcr lockere Unterhaltung.&#8211;&gt;<\/p>\n\n\n\n<h3>Hocket im Kurgarten<\/h3>\n\n\n\n<p>29. Juni 2001, Forbach<\/p>\n\n\n\n<p>Bei herrlichem Wetter fand im Kurgarten (ehem. L\u00f6wengarten) unsere diesj\u00e4hrige Hocket statt. F\u00fcr Unterhaltung sorgten die Jugendkapelle Forbach, der Musikverein Langenbrand und der Musikverein Forbach. F\u00fcr das leibliche Wohl wurde ebenfalls gesorgt.<\/p>\n\n\n\n<h3>Konzert beim Sch\u00fctzenfest in Forbach<\/h3>\n\n\n\n<p>17. Juni 2001, Forbach<\/p>\n\n\n\n<p>Am Sonntag, dem 17. Juni 2001 hatte der Musikverein Forbach die fast schon traditionelle Aufgabe, beim Sommerfest des Sch\u00fctzenvereins Forbach die Kr\u00f6nung des Sch\u00fctzenk\u00f6nigs zu umrahmen und f\u00fcr die richtige Stimmung im Festzelt am Bahnhof zu sorgen. Dirigent Wilfried Kornmeier hatte f\u00fcr diesen Anla\u00df mit der Kapelle ein 3-st\u00fcndiges Unterhaltungsprogramm vorbereitet. Besonders erw\u00e4hnt werden sollen an dieser Stelle die Solisten des Abends. Der erste Solist des Abends Peter Stefan mit dem &#8220;Ernst aus dem Allg\u00e4u&#8221; von Ernst Netzer. Isabell Jehnes hatte am diesem Abend ihren ersten richtigen Soloauftritt. Sie konnte das Publikum und die Musiker mit dem Solo f\u00fcr Fl\u00f6te und Orchester &#8220;Pie in the face&#8221; von Henry Mancini \u00fcberzeugen. Norbert Fritz kam gleich zwei Mal zum Zuge: zum einen mit dem &#8220;Tuba-Muckl&#8221;, eine Bearbeitung des Klarinetten-Muckls f\u00fcr Tuba, zum anderen mit dem f\u00fcr Tuba eigentlich so nicht spielbaren &#8220;Hummelflug&#8221; von Rimsky-Korsakov. Norbert Fritz spielte mit der gewohnten Routine auf. Auch unser Tenorhornist Michael Steininger geh\u00f6rt besonders erw\u00e4hnt. Er sorgte mit den bew\u00e4hrten Gesangseinlagen &#8220;Anton aus Tirol&#8221; und &#8220;Die H\u00e4nde zum Himmel&#8221; f\u00fcr die richtige Stimmung. Neu im Programm haben wir zwei weitere Gesangst\u00fccke. In Anlehnung an die Comedian Harmonists und an Max Rabe legte sich Michael einen Frack an und pr\u00e4sentierte &#8220;ein Freund, ein guter Freund&#8221; und &#8220;Mein kleiner gr\u00fcner Kaktus&#8221;. Das Publikum war begeistert.<\/p>\n\n\n\n<h3>Kreisfeuerwehrtreffen mit Gottesdienst in Forbach<\/h3>\n\n\n\n<p>5. Mai 2001, Forbach<\/p>\n\n\n\n<p>Am Freitag, 5. Mai 2001 fand das Treffen der Feuerwehren des Landkreises Rastatt in Forbach statt. Den Auftakt bildete ein \u00f6komenischer Gottesdienst in der St.-Johannes-Kirche. Dieser wurde vom Musikverein feierlich umrahmt. Beim anschlie\u00dfenden geselligen Beisammensein im Kurhaus sorgte die Musikkapelle f\u00fcr gute Unterhaltung.<\/p>\n\n\n\n<h3>Soir\u00e9e im Kurhaus in Forbach<\/h3>\n\n\n\n<p>31. M\u00e4rz 2001, Forbach<\/p>\n\n\n\n<p>Am Samstag, 31. M\u00e4rz 2001, fand im Kurhaus in Forbach das erste gro\u00dfe Konzert mit dem neuen Dirigenten Wilfried Kornmeier statt. Vor voll besetztem Kurhaussaal spielte die Kapelle zu einem festlichen Abendkonzert, einer Soir\u00e9e, auf. H\u00f6hepunkte dieses Konzerts waren sicher die Auftritte dreier Solisten aus den eigenen Reihen, die auch mit entsprechendem Beifall durch das Publikum belohnt wurden: Peter Stephan (Tenorhorn): &#8220;Concert for Euphonium and Band&#8221; von James Curnow, Thomas Steinhart (Klarinette): &#8220;Concertino for clarinet&#8221; von Artie Shaw und Norbert Fritz (Tuba): &#8220;Der Hummelflug&#8221; von Rimsky- Korsakov. Als weitere Glanzst\u00fccke sind die Ouvert\u00fcre &#8220;Pique Dame&#8221; von Franz von Supp\u00e9 und die Komposition &#8220;Riverdance&#8221; von Bill Whelan hervorzuheben.<\/p>\n\n\n\n<p>Der Musikverein Forbach freut sich angesichts des auf hohem Niveau gelungenen Konzerts auf eine weitere erfolgreiche Zusammenarbeit mit dem Dirigenten Wilfried Kornmeier.<\/p>\n\n\n\n<figure class=\"wp-block-image\"><img src=\"https:\/\/musikverein-forbach.de\/pix\/konzert2001\/korni01.jpg\" alt=\"Dirigent Wilfried Kornmeier\"\/><\/figure>\n\n\n\n<h3>Probenwochenende in Rodalben bei Pirmasens<\/h3>\n\n\n\n<p>02.-04. M\u00e4rz 2001, Rodalben\/Pfalz<\/p>\n\n\n\n<p>Am ersten M\u00e4rzwochenende fand unser gro\u00dfes &#8220;Trainingslager&#8221; in Rodalben bei Pirmasens (Artur, wie war das noch mal mit dem Routenplaner?) statt. Einen gro\u00dfen Terminplan vor Augen und mit noch gr\u00f6\u00dferen Vesperportionen auf den Tellern begannen wir am Freitag Abend das Wochenende. Wilfried &#8220;die Feile&#8221; Kornmeier bat nach Hilschbergplatten und den ersten Pilsen zur Gesamtprobe. Mit Bier und Schoppen in Duppengl\u00e4sern &#8220;probten&#8221; viele bis sp\u00e4t in die Nacht. Der Samstag war vollgepackt ( &#8220;wer bekommt den Saumagen mit 2 Leberkn\u00f6deln, einer Bratwurst und Sauerkraut????&#8221;) mit Satzproben, Einzelproben, Gruppenproben und einer abschlie\u00dfenden Gesamtprobe&#8230;. Trotz manch dickem Kopf und kleinen Augen beschlossen wir das Wochenende am Sonntag mit 2 Stunden Gesamtprobe. Das Konzert kann kommen&#8230;, aber was hei\u00dft noch mal Soir\u00e9e?<\/p>\n\n\n\n<h3>Fasent 2001<\/h3>\n\n\n\n<p>Fasent 2001, Forbach<\/p>\n\n\n\n<p>Dieses Jahr waren wir an Fasent richtig aktiv: Zum ersten mal nahmen wir mit einem gro\u00dfen Auftritt an den beiden Sitzungen des Karnevalvereins teil. Wir, &#8220;Die Forbacher Mostschlotzer&#8221; und Anton aus Tirol, liessen uns davon \u00fcberzeugen, da\u00df Most sch\u00f6n und schlau macht (siehe Forbach Mostk\u00f6nigin). Leider war nicht soviel Zeit und noch weniger Most in den Gl\u00e4sern, daf\u00fcr aber mehr auf der B\u00fchne. Das Motto begleitete uns auch bei unseren weiteren Auftritten am Schmotzigen Donnerstag beim Narrenbaumstellen und am Fasent Dienstag beim Schlempenumzug. Hier bekamen wir noch Unterst\u00fctzung durch unsere Jugend, die &#8220;Forbacher Apfelsaftschlotzer&#8221;.<\/p>\n","protected":false},"excerpt":{"rendered":"<p>Ausflug Reichenau 10.\/11. November 2001, Reichenau\/Bodensee Nach den Anstrengungen der letzten Monate f\u00fcr den Blechmusikstad&#8217;l stand endlich etwas Erholung und Kameradschaftspflege (ihr wi\u00dft, was wir meinen&#8230;) auf dem Programm. Bilder 1. Forbacher Blechmusikstad&#8217;l 27.\/28. Oktober 2001, Forbach An zwei ausverkauften Abend pr\u00e4sentierte der Musikverein dem Publikum 4 Stunden Unterhaltungsprogramm. Der sonst n\u00fcchternen Kurhaussaal wurde in [&hellip;]<\/p>\n","protected":false},"author":1,"featured_media":0,"parent":0,"menu_order":0,"comment_status":"closed","ping_status":"closed","template":"","meta":{"ngg_post_thumbnail":0},"_links":{"self":[{"href":"https:\/\/www.musikverein-forbach.de\/wp\/index.php?rest_route=\/wp\/v2\/pages\/958"}],"collection":[{"href":"https:\/\/www.musikverein-forbach.de\/wp\/index.php?rest_route=\/wp\/v2\/pages"}],"about":[{"href":"https:\/\/www.musikverein-forbach.de\/wp\/index.php?rest_route=\/wp\/v2\/types\/page"}],"author":[{"embeddable":true,"href":"https:\/\/www.musikverein-forbach.de\/wp\/index.php?rest_route=\/wp\/v2\/users\/1"}],"replies":[{"embeddable":true,"href":"https:\/\/www.musikverein-forbach.de\/wp\/index.php?rest_route=%2Fwp%2Fv2%2Fcomments&post=958"}],"version-history":[{"count":2,"href":"https:\/\/www.musikverein-forbach.de\/wp\/index.php?rest_route=\/wp\/v2\/pages\/958\/revisions"}],"predecessor-version":[{"id":1015,"href":"https:\/\/www.musikverein-forbach.de\/wp\/index.php?rest_route=\/wp\/v2\/pages\/958\/revisions\/1015"}],"wp:attachment":[{"href":"https:\/\/www.musikverein-forbach.de\/wp\/index.php?rest_route=%2Fwp%2Fv2%2Fmedia&parent=958"}],"curies":[{"name":"wp","href":"https:\/\/api.w.org\/{rel}","templated":true}]}}