{"id":956,"date":"2022-05-22T15:37:31","date_gmt":"2022-05-22T13:37:31","guid":{"rendered":"https:\/\/www.musikverein-forbach.de\/wp\/?page_id=956"},"modified":"2022-05-22T22:03:59","modified_gmt":"2022-05-22T20:03:59","slug":"2002-2","status":"publish","type":"page","link":"https:\/\/www.musikverein-forbach.de\/wp\/?page_id=956","title":{"rendered":"Chronik 2002"},"content":{"rendered":"\n<h3>Heiligabend<\/h3>\n\n\n\n<p>24. Dezember 2002, Forbach<\/p>\n\n\n\n<p>Traditionell trafen sich die Blechbl\u00e4ser der Musikkapelle Forbach vor der katholischen Kirche in Forbach, um mit weihnachtlicher Musik auf die Christmette einzustimmen.<\/p>\n\n\n\n<p>Der Musikverein Forbach w\u00fcnscht allen Freunden der Blasmusik gesegnete Weihnachten und einen guten Rutsch ins Jahr 2003.<\/p>\n\n\n\n<figure class=\"wp-block-image\"><img src=\"https:\/\/musikverein-forbach.de\/pix\/021224heiligabend\/heiligabend02.jpg\" alt=\"\"\/><\/figure>\n\n\n\n<h3>Ehrungsabend 2002<\/h3>\n\n\n\n<p>30. November 2002, Murghalle<\/p>\n\n\n\n<p>Am Samstag fand unser 2. Ehrungsabend dieser Art in der Murghalle statt. Eingeladen waren die zu ehrenden Mitglieder der Jahre 2001, 2002 und 2003. Zum Auftakt spielte die Jugendkapelle unter der Leitung von J\u00fcrgen Knam.<\/p>\n\n\n\n<p>F\u00fcr 50 Jahre Aktivit\u00e4t erhielt Karl- Heinz Roth die gro\u00dfe goldene Ehrennadel durch den Verbandspr\u00e4sidenten Dietmar Sp\u00e4th. Berthold Merkel und Karl- Heinz Roth wurden im Namen der Gemeinde durch B\u00fcrgermeister Kuno Kussmann f\u00fcr Ihre langj\u00e4hrige Vereinsarbeit geehrt. Dieser Abend war auch der w\u00fcrdige Rahmen daf\u00fcr, Berthold als aktiven Musiker zu verabschieden.<\/p>\n\n\n\n<p>Mittlerweile 16 Jahre ist B\u00e4rbel Ruckenbrod nun Jugendleiterin. Hierf\u00fcr wurde Sie vom Verbandspr\u00e4sidenten Sp\u00e4th mit einer Ehrennadel ausgezeichnet.<\/p>\n\n\n\n<p>Vom Verein erhielt B\u00e4rbel au\u00dferdem zusammen mit Alois Fritz die Ehrung f\u00fcr 25 Jahre Aktivit\u00e4t, Stefan Schneider f\u00fcr 20 Jahre, Martin M\u00f6sl und Maik Merkel f\u00fcr 10 Jahre. Zum Ehrenmitglied wurden J\u00fcrgen Werner, Bernhard Fritz und Waldemar Reinthaler ernannt. Irma Bollian, Gertrud Merkel, Lydia Reinbold und Willibald Gerstner wurden f\u00fcr 25 Jahre passive Mitgliedschaft geehrt. Die Kapelle unterhielt die geladenen G\u00e4ste unter der Leitung unseres Vize- Dirigenten Thomas Roth, der vor kurzem die Dirigentenpr\u00fcfung mit Erfolg abgelegt hat.<\/p>\n\n\n\n<p>Nach dem offiziellen Teil wurde das Buffet er\u00f6ffnet und der Abend klang in geselliger Runde aus.<\/p>\n\n\n\n<p><a href=\"https:\/\/musikverein-forbach.de\/events\/2002\/021130ehrungen.html\">Bilder<\/a><\/p>\n\n\n\n<h3>Ausflug nach Winnenden<\/h3>\n\n\n\n<p>19.\/20. Oktober 2002, Winnenden<\/p>\n\n\n\n<p>Am Samstag Morgen folgte der Musikverein einer lang ausstehenden Einladung des Oberb\u00fcrgermeisters von Winnenden, dem geb\u00fcrtigen Forbacher Bernhard Fritz. Wir wurden von ihm geb\u00fchrend (halbe frische Butterbrezeln) im Plenarsaal des Rathauses empfangen. Zur musikalischen Einstimmung gaben wir anschlie\u00dfend ein Platzkonzert auf dem Marktplatz. Zur Freude der Exilbadner in Schwaben beendeten wird dieses mit &#8220;Hoch Badnerland&#8221;. Der schw\u00e4bische Wettergott nahm dies umgehend mit einem Platschregen zur Kenntnis. Nach einer Stadtrundfahrt besichtigten wir das neu er\u00f6ffnete Feuerwehrmuseum. Abends stand der kameradschaftliche Teil im Vordergrund und wir belagerten einen &#8220;Besen&#8221;, wo auch erste Kontakte mit einigen Mitgliedern der Stadtkapelle Winnenden geschlossen wurden. Bei Schlachtplatte und trolligem Lemberger kochte die Stimmung bald \u00fcber. Zum Ausklang des Abends wollten einige noch eine Disco besuchen. Leider &#8211; oder doch lieber zum Gl\u00fcck &#8211; wurde diesen der Zugang verwehrt; so wurde spontan mit dem Busfahrer Klaus eine tolle Party im Bus auf die Beine gestellt. Am Sonntag Morgen stand unser Konzert bei der Kirbe der Stadtkapelle auf dem Programm. Trotz kleinerer Probleme einiger Aktiven lieferten wir einen guten Auftritt ab. Verbunden mit einer Einladung zu unserem 160-j\u00e4hrigen Geburtstag im n\u00e4chsten Jahr verabschiedeten wir uns von unseren Gastgebern.<\/p>\n\n\n\n<figure class=\"wp-block-image\"><img src=\"https:\/\/musikverein-forbach.de\/pix\/021019winnenden\/thumbs\/CRW_1203.jpg\" alt=\"\"\/><\/figure>\n\n\n\n<p><a href=\"https:\/\/musikverein-forbach.de\/events\/2002\/021019winnenden_pix.html\">Bilder<\/a><\/p>\n\n\n\n<h3>Musikfest Obertsrot<\/h3>\n\n\n\n<p>29. September 2002, Obertsrot<\/p>\n\n\n\n<p>Am Sonntag, dem 29. September 2002 waren wir vom Musikverein Obertrot eingeladen, bei ihrem Musikfest zum 110- j\u00e4hrigen Jubil\u00e4um aufzuspielen. Von 19:00 Uhr bis 20:30 Uhr bot die Musikkapelle unter der Leitung von Vizedirigent Thomas Roth ein unterhaltsames Programm.<\/p>\n\n\n\n<h3>Hochwasser-Hocket bei der Murghalle<\/h3>\n\n\n\n<p>25. August 2002, Forbach<\/p>\n\n\n\n<p>Aufgrund des Hochwassers in einigen Teilen Deutschlands haben sich der Karnevalverein &#8220;Talhutzel&#8221; Forbach, der Turnverein Forbach sowie der Musikverein Forbach kurzfristig dazu entschlossen, sonntags gemeinsam eine Hocket zu Gunsten von Hochwasser- Opfern durchzuf\u00fchren. Zur Unterhaltung spielten der Musikverein Forbach, das Krauntalduo, &#8220;Die R\u00fcstigen 60er&#8221; sowie Christoph Merkel zusammen mit Markus Egger am Ba\u00df auf.<\/p>\n\n\n\n<p><a href=\"https:\/\/musikverein-forbach.de\/events\/2002\/020825howahocket_pix.html\">Bilder<\/a><\/p>\n\n\n\n<h3>Konzert der Jugendkapelle in Malsch<\/h3>\n\n\n\n<p>27. Juli 2002, Malsch<\/p>\n\n\n\n<p>An diesem Samstag fand der Gegenbesuch der Musikkapelle &#8220;Murgdudler&#8221; beim Musikverein Malsch statt, nachdem diese am 27. April diesen Jahres zum Jugendkonzert im Josefshaus in Forbach gekommen waren. Anschlie\u00dfend spielte die Jugend noch beim Musikfest in Spielberg (Albtal).<\/p>\n\n\n\n<p>Zum Abschlu\u00df vor den Sommerferien grillten wir noch auf der Liegewiese im Sasbachtal.<\/p>\n\n\n\n<p><a href=\"https:\/\/musikverein-forbach.de\/events\/2002\/020727grillen_pix.html\">Bilder<\/a><\/p>\n\n\n\n<h3>Hocket bei der Murghalle<\/h3>\n\n\n\n<p>26. Juli 2002, Forbach<\/p>\n\n\n\n<p>Bei einigerma\u00dfen gutem Wetter verlebten die G\u00e4ste und die Musiker ein paar angenehme Stunden in Forbach bei der inzwischen j\u00e4hrlich stattfindenden Hocket des Musikvereins Forbach. Zu Bier, Wein und Wurst spielten die Jugenkapelle &#8220;Murgdudler&#8221;, der Musikverein Gausbach und die Musikkapelle des Musikvereins Forbach auf.<\/p>\n\n\n\n<p><a href=\"https:\/\/musikverein-forbach.de\/events\/2002\/020721hocket_pix.html\">Bilder<\/a><\/p>\n\n\n\n<h3>Auftritt beim Tennisfest Forbach<\/h3>\n\n\n\n<p>21. Juli 2002, Forbach<\/p>\n\n\n\n<p>Zum 25-j\u00e4hrigen Jubil\u00e4um des Tennisclubs &#8220;Blau-Wei\u00df&#8221; Forbach spielten wir im Festzelt bei den Tennispl\u00e4tzen zur Unterhaltung der G\u00e4ste auf.<\/p>\n\n\n\n<figure class=\"wp-block-image\"><img src=\"https:\/\/musikverein-forbach.de\/pix\/020721tennisfest\/tennis.jpg\" alt=\"\"\/><\/figure>\n\n\n\n<h3>70. Geburtstag von Albrecht Wunsch<\/h3>\n\n\n\n<p>21. Juli 2002, Forbach<\/p>\n\n\n\n<p>Am 21. Juli feierte unser langj\u00e4hriger Schriftf\u00fchrer Albrecht Wunsch feierte seinen 70. Geburtstag. Nach dem St\u00e4ndchen lud Albrecht uns noch zu einem Umtrunk ein.<\/p>\n\n\n\n<figure class=\"wp-block-image\"><img src=\"https:\/\/musikverein-forbach.de\/pix\/020721albrecht\/albrecht.jpg\" alt=\"\"\/><\/figure>\n\n\n\n<figure class=\"wp-block-image\"><img src=\"https:\/\/musikverein-forbach.de\/pix\/020721albrecht\/albrecht2.jpg\" alt=\"\"\/><\/figure>\n\n\n\n<h3>Holzbr\u00fcckenfest und Stadtbahneinweihung<\/h3>\n\n\n\n<p>15.-16. Juni 2002, Forbach<\/p>\n\n\n\n<p>Bei diesem Gro\u00dfereignis beteiligten wir uns mit einem eigenen Zelt auf dem Kurhausparkplatz. Angeboten wurden erlesene Weine aus aller Welt und kulinarische K\u00f6stlichkeiten zubereitet von Emil Schillinger.<\/p>\n\n\n\n<p><a href=\"https:\/\/musikverein-forbach.de\/events\/2002\/020615stadtbahn_pix.html\">Bilder<\/a><\/p>\n\n\n\n<h3>Probenwochenende Schlo\u00df Ortenberg<\/h3>\n\n\n\n<p>08.-10. Juni 2002, Ortenberg<\/p>\n\n\n\n<p>Das Wochenende vom Freitag, 8. Juni bis Sonntag 10. Juni verbrachte die Musikkapelle Forbach in der Jugendherberge &#8220;Schlo\u00df Ortenberg&#8221; bei Offenburg. Der Aufenthalt war haupts\u00e4chlich der Probenarbeit gewidmet &#8211; es wurden insgesamt 3 Gesamtproben und 4 Satzproben durchgef\u00fchrt, so da\u00df jeder Musiker und Dirigent insgesamt ca. 10 Stunden am Musizieren war.<br>Geprobt wurden zum einen neue St\u00fccke f\u00fcr das aktuelle Unterhaltungsprogramm, zum anderen wurde auch schon das gro\u00dfe Konzert Anfang 2003 in Angriff genommen.<\/p>\n\n\n\n<p><a href=\"https:\/\/musikverein-forbach.de\/events\/2002\/020608ortenberg\/pix.html\">Bilder<\/a><\/p>\n\n\n\n<h3>St\u00e4ndchen zum 70. Geburtstag von Werner Fritz<\/h3>\n\n\n\n<p>18. Mai 2002, Forbach<\/p>\n\n\n\n<p>Am Samstag, dem 18. Mai feierte unserer langj\u00e4hriger Kassier und Musiker Werner Fritz seinen 70. Geburtstag. Hierzu brachten wir ihm auf der &#8220;Roten Lache&#8221; ein St\u00e4ndchen dar. Der ehemalige &#8220;Gro\u00dfe Trommler&#8221; Eugen Dieterle lie\u00df es sich nicht nehmen, f\u00fcr Werner Fritz nochmals seinen alten Platz einzunehmen.<\/p>\n\n\n\n<figure class=\"wp-block-image\"><img src=\"https:\/\/musikverein-forbach.de\/pix\/020518werner\/werner.jpg\" alt=\"\"\/><\/figure>\n\n\n\n<figure class=\"wp-block-image\"><img src=\"https:\/\/musikverein-forbach.de\/pix\/020518werner\/eugen.jpg\" alt=\"\"\/><\/figure>\n\n\n\n<h3>Auftritt beim Musikfest in Varnhalt<\/h3>\n\n\n\n<p>12. Mai 2002, Varnhalt<\/p>\n\n\n\n<p>Am Sonntag, dem 12. Mai waren wir vom Musikverein Baden-Baden-Varnhalt im sch\u00f6nen Rebland dazu eingeladen, ein Konzert im Festzelt zu geben. Wir freuen uns auf einen baldigen Gegenbesuch der Musikkapelle aus Varnhalt.<\/p>\n\n\n\n<h3>Jugendkonzert<\/h3>\n\n\n\n<p>27. April 2002, Forbach<\/p>\n\n\n\n<p>Im Josefshaus in Forbach fand das erste Konzert der Jugendkapelle &#8220;JuKa Murgdudler&#8221; zusammen mit der Jugendkapelle des Musikvereins Malsch statt. Die erste Pr\u00e4sentation unserer jungen Musikerinnen und Musiker aus Forbach und Gausbach war ein gro\u00dfer Erfolg. Unter der Leitung von Jugenddirigent J\u00fcrgen Knam aus Malsch zeigten die beiden Kapellen ein vielf\u00e4ltiges und abwechslungesreichs Programm, das von &#8220;K\u00f6nig der L\u00f6wen&#8221; bis hin zu &#8220;Harry Potter&#8221; reichte. Das Publikum honorierte die erbrachte Leistung mit &#8220;standing ovations&#8221;. Ein Gegenbesuch der &#8220;JuKa Murgdudler&#8221; in Malsch ist geplant. Wir denken, da\u00df mit diesem Konzept einer Gesamtjugendkapelle noch viele tolle Konzerte folgen und die Begeisterung und Interesse bei zuk\u00fcnftigen Nachwuchsmusikern steigen wird.<\/p>\n\n\n\n<p><a href=\"https:\/\/musikverein-forbach.de\/events\/2002\/020427juko\/bilder.html\">Bilder<\/a><\/p>\n\n\n\n<h3>Vorspiel der Jungmusiker<\/h3>\n\n\n\n<p>10. M\u00e4rz 2002, Forbach<\/p>\n\n\n\n<p>Im blauen Saal des Kurhauses pr\u00e4sentierte sich die gesamte Jugend den Eltern, Omas, Opas und Interessierten. Er\u00f6ffnet wurde der Kaffee u. Kuchen Nachmittag durch die Jugendkapelle bestehend aus Kindern der Musikvereine Gausbach, Bermersbach und Forbach unter der Leitung des neuen Jugenddirigenten J\u00fcrgen Knam. Danach pr\u00e4sentierten die J\u00fcngsten ihr K\u00f6nnen. In Einzel- und Gruppenspielen zeigten sie, was sie in teilweise nur einem Jahr gelernt haben. Das Ergebnis konnte sich durchweg h\u00f6ren lassen und wir hoffen auf baldigen Zuwachs durch weitere interessierte Kinder.<\/p>\n\n\n\n<h3>Generalversammlung<\/h3>\n\n\n\n<p>03. M\u00e4rz 2002, Forbach<\/p>\n\n\n\n<p>Am Sonntag 03.03.02 fand im Gasthaus L\u00f6wen die Generalversammlung statt. Die gesch\u00e4ftsf\u00fchrende Vorstandschaft blieb unver\u00e4ndert. Lediglich bei den aktiven Beisitzern gab es Ver\u00e4nderungen.<\/p>\n\n\n\n<h3>Fasent 2002<\/h3>\n\n\n\n<p>Februar 2002, Forbach<\/p>\n\n\n\n<p>50 Jahre Talhutzel und wir waren immer dabei. Mit einem grandiosen Auftritt unserer Sketch-Kreativ-Abteilung (Frank, Thomas, Michael und Peter) trugen wir zu einer lustigen Sitzung bei. Letztes Jahr Mostschlotzer, dieses Jahr &#8220;die Kellerbewohner vom Gernsbeck Kurt seinem Keller&#8221; &#8211; der schwule Krummbeersack, der intergalaktische Hauklotz, das Mostfass und die kampflustige Zauberzain brachten den Saal zum kochen. Au\u00dferdem k\u00e4mpfte sich die Musikkapelle zweimal bei str\u00f6mendem Regen durch die Umz\u00fcge.<\/p>\n","protected":false},"excerpt":{"rendered":"<p>Heiligabend 24. Dezember 2002, Forbach Traditionell trafen sich die Blechbl\u00e4ser der Musikkapelle Forbach vor der katholischen Kirche in Forbach, um mit weihnachtlicher Musik auf die Christmette einzustimmen. Der Musikverein Forbach w\u00fcnscht allen Freunden der Blasmusik gesegnete Weihnachten und einen guten Rutsch ins Jahr 2003. Ehrungsabend 2002 30. November 2002, Murghalle Am Samstag fand unser 2. [&hellip;]<\/p>\n","protected":false},"author":1,"featured_media":0,"parent":0,"menu_order":0,"comment_status":"closed","ping_status":"closed","template":"","meta":{"ngg_post_thumbnail":0},"_links":{"self":[{"href":"https:\/\/www.musikverein-forbach.de\/wp\/index.php?rest_route=\/wp\/v2\/pages\/956"}],"collection":[{"href":"https:\/\/www.musikverein-forbach.de\/wp\/index.php?rest_route=\/wp\/v2\/pages"}],"about":[{"href":"https:\/\/www.musikverein-forbach.de\/wp\/index.php?rest_route=\/wp\/v2\/types\/page"}],"author":[{"embeddable":true,"href":"https:\/\/www.musikverein-forbach.de\/wp\/index.php?rest_route=\/wp\/v2\/users\/1"}],"replies":[{"embeddable":true,"href":"https:\/\/www.musikverein-forbach.de\/wp\/index.php?rest_route=%2Fwp%2Fv2%2Fcomments&post=956"}],"version-history":[{"count":2,"href":"https:\/\/www.musikverein-forbach.de\/wp\/index.php?rest_route=\/wp\/v2\/pages\/956\/revisions"}],"predecessor-version":[{"id":1016,"href":"https:\/\/www.musikverein-forbach.de\/wp\/index.php?rest_route=\/wp\/v2\/pages\/956\/revisions\/1016"}],"wp:attachment":[{"href":"https:\/\/www.musikverein-forbach.de\/wp\/index.php?rest_route=%2Fwp%2Fv2%2Fmedia&parent=956"}],"curies":[{"name":"wp","href":"https:\/\/api.w.org\/{rel}","templated":true}]}}