{"id":954,"date":"2022-05-22T15:36:33","date_gmt":"2022-05-22T13:36:33","guid":{"rendered":"https:\/\/www.musikverein-forbach.de\/wp\/?page_id=954"},"modified":"2022-05-22T22:04:06","modified_gmt":"2022-05-22T20:04:06","slug":"2003-2","status":"publish","type":"page","link":"https:\/\/www.musikverein-forbach.de\/wp\/?page_id=954","title":{"rendered":"Chronik 2003"},"content":{"rendered":"\n<h3>Heiligabend<\/h3>\n\n\n\n<p>24. Dezember 2003, Forbach<\/p>\n\n\n\n<p>Traditionell trafen sich die Blechbl\u00e4ser der Musikkapelle Forbach vor der katholischen Kirche in Forbach, um mit weihnachtlicher Musik auf die Christmette einzustimmen.<\/p>\n\n\n\n<p>Der Musikverein Forbach w\u00fcnscht allen Freunden der Blasmusik gesegnete Weihnachten und einen guten Rutsch ins Jahr 2004.<\/p>\n\n\n\n<figure class=\"wp-block-image\"><img src=\"https:\/\/musikverein-forbach.de\/pix\/031224heiligabend\/heilig01.jpg\" alt=\"\"\/><\/figure>\n\n\n\n<figure class=\"wp-block-image\"><img src=\"https:\/\/musikverein-forbach.de\/pix\/031224heiligabend\/heilig02.jpg\" alt=\"\"\/><\/figure>\n\n\n\n<figure class=\"wp-block-image\"><img src=\"https:\/\/musikverein-forbach.de\/pix\/031224heiligabend\/heilig03.jpg\" alt=\"\"\/><\/figure>\n\n\n\n<h3>Auftritt bei der Seniorenfeier in der Murghalle Forbach<\/h3>\n\n\n\n<p>7. Dezember 2003, Forbach<\/p>\n\n\n\n<p>Gleich zweimal war der Musikverein Forbach dieses Jahr wieder auf der Seniorenfeier der Gemeinde Forbach vertreten: Zum einen spielte zu Beginn die Sch\u00fclerkapelle unter der Leitung von Jugenddirigent J\u00fcrgen Knam auf, zum anderen unterhielt die Gesamtkapelle unter der Leitung von Vizedirigent Thomas Roth zum Schluss der Veranstaltung die \u00e4ltesten Einwohner der Gemeinde Forbach.<\/p>\n\n\n\n<h3>Auftritt beim Sportfest in Forbach<\/h3>\n\n\n\n<p>3. August 2003, Forbach<\/p>\n\n\n\n<p>Den wohl hei\u00dfesten Auftritt dieses Jahres hatten wir beim Sportfest des SV Forbach auf dem &#8220;roten Platz&#8221; in Forbach. Obwohl wir uns bei der Uniform auf das notwendigste beschr\u00e4nkten (schwarze Hose, wei\u00dfes Hemd), war die Kleidung nach dem Auftritt gut durchn\u00e4\u00dft. Eine weitere Besonderheit hatte der Auftritt zu bieten: Unsere 3 Alph\u00f6rner vom Schnitztalabend beim Musikfest kamen wieder zum Einsatz und heizten die Stimmung zus\u00e4tzlich an.<\/p>\n\n\n\n<h3>Musikfest zum 160. Geburtstag der Musikkapelle Forbach<\/h3>\n\n\n\n<p>17.-20. Juli 2003, Forbach<\/p>\n\n\n\n<p>Mit einem 4-t\u00e4gigen Spektakel feierte der MV- Forbach sein 160- j\u00e4hriges Bestehen im Forbacher Murggarten.<\/p>\n\n\n\n<p>Donnerstags waren die Wellk\u00fcren in der Murghalle zu Gast. 2 Stunden bayrisches Musikkabarett mit deftigen Spr\u00fcchen und allerhand Instrumenten (inkl. Nonnentrompete) boten Unterhaltung vom Feinsten.<\/p>\n\n\n\n<p>Am Freitag stand der &#8220;1. Forbacher Band-Battle&#8221; auf dem Programm. Auf 2 B\u00fchnen spielten im Wechsel die &#8220;Womanizers&#8221; sowie die Funk- und Soulband &#8220;Moritz&#8221; um die Gunst des Publikums. Bei bestem Open- Air-Wetter zogen beide Bands eine kontr\u00e4re B\u00fchnenshow ab, die in ihrer Gesamtheit ihresgleichen sucht. Das Publikum war begeistert.<\/p>\n\n\n\n<p>Mit dem Schnitztalabend war samstags bei Biergartenatmosph\u00e4re etwas f\u00fcr die Murgt\u00e4ler geboten. Verschiedene Ensembles des Musikvereins und Gastmusiker traten auf. So spielte zum Auftakt die Oberkrainer- Besetzung des MV Forbach auf. Christoph Merkel und Band spielten bekannte und neue Titel &#8220;un- plugged&#8221;. Das Gesangsquintett &#8220;Vocal 5 mal&#8221; ri\u00df das Publikum mit gutem Gesang und einer witzigen Show mit. Kurzfristig wurde das Els\u00e4sser Original &#8220;Huguette Dreikaus&#8221; engagiert. Mit ihrem Dialekt und ihrem trockenen und deftigen Humor hatte sie schnell die Lacher auf ihrer Seite. Aus Waldulm waren die &#8220;Rotweinschlotzer&#8221; zu Gast &#8211; eine fetzige Blaskapelle, die vornehmlich mitten im Publikum auf den Tischen und B\u00e4nken spielt. Eine Auswahl von T\u00e4nzerinnen des &#8220;TV Forbach&#8221; und Mitglieder des Karnevalvereins &#8220;Talhutzel&#8221; Forbach lockerten das Programm mit 2 gelungenen Tanzdarbietungen auf. Die Jugendkapelle &#8220;Murgdudler&#8221; unter der Leitung ihres Dirigenten J\u00fcrgen Knam spielte unter anderem auch das Saxophon-Solo &#8220;My Heart Will Go On&#8221; aus dem Film &#8220;Titanic&#8221;. Solistin war Lisa-Marie Kr\u00e4mer. F\u00fcr eine \u00dcberraschung sorgten die 3 Alphornbl\u00e4ser Alois Fritz, Thomas und Michael Roth, die speziell f\u00fcr diesen Abend dieses Instrument erlernten. Zusammen mit der Gesamtkapelle brachten sie das Tal zum &#8220;Schwingen&#8221;. Zum gro\u00dfen Finale marschierten die Jugendlichen der Sch\u00fclerkapelle mit Fackeln zu irischer Musik, dargeboten von der Musikkapelle Forbach unter der Leitung ihres Dirigenten Wilfried Kornmeier, auf die B\u00fchne. Mit &#8220;Riverdance&#8221; und &#8220;Lord of the Dance&#8221; nahm der Abend einen stimmungsvollen Ausklang. Mit der Solo-Violine unterstrich Ulrike Merz den irischen Charakter. Durch das Programm f\u00fchrten Irmgard und Rudi Jehnes.<\/p>\n\n\n\n<p>Am Sonntag er\u00f6ffnete die Stadtkapelle Winnenden mit einem Fr\u00fchschoppenkonzert das Programm bei herrlichem Wetter. Mittags war f\u00fcr 2 Stunden &#8220;SWR4 Baden-Radio&#8221; mit einer Live- Sendung im Murggarten zu Gast. &#8220;Gaby Baginsky&#8221;, &#8220;Mara Kayser&#8221;, &#8220;Bata Illic&#8221; und die Band &#8220;Blue Eyes&#8221; pr\u00e4sentierten sich dabei als K\u00fcnstler zum Anfassen. \u00dcber 1500 Besucher, viele von ihnen hatten sich bereits am fr\u00fchen Morgen die besten Pl\u00e4tze direkt vor der B\u00fchne gesichert. Trotz des hei\u00dfen begeisterten die K\u00fcnstler mit ihren von Funk und Fernsehen her bekannten Titeln. Der Nachmittag und Abend stand ganz im Zeichen der Blasmusik. Unsere Musikfreunde aus Kehl, Ottenau, Weisenbach und Elchesheim unterhielten mit abwechslungsreicher Blasmusik.<\/p>\n\n\n\n<figure class=\"wp-block-image\"><img src=\"https:\/\/musikverein-forbach.de\/pix\/flyer2\/logo_s.gif\" alt=\"\"\/><\/figure>\n\n\n\n<figure class=\"wp-block-image\"><img src=\"https:\/\/musikverein-forbach.de\/pix\/030720mvf160\/pic00351.jpg\" alt=\"\"\/><\/figure>\n\n\n\n<p><a href=\"https:\/\/musikverein-forbach.de\/events\/2003\/flyer2.html\">Flyer<\/a><\/p>\n\n\n\n<p><a href=\"https:\/\/musikverein-forbach.de\/events\/2003\/030720mvf160_pix1.html\">Bilder<\/a><\/p>\n\n\n\n<h3>St\u00e4ndchen zum 50. Geburtstag von B\u00fcrgermeister Kuno Ku\u00dfmann<\/h3>\n\n\n\n<p>16. Juli 2003, Forbach<\/p>\n\n\n\n<p>Am 16. Juli feierte unser B\u00fcrgermeister Kuno Ku\u00dfmann seinen 50. Geburtstag in der Murghalle. Der Musikverein Forbach nutzte nat\u00fcrlich die Gelegenheit, ihm ein St\u00e4ndchen zu spielen. BM Ku\u00dfmann lud die Musiker und den Vorstand anschlie\u00dfend noch zu einem Umtrunk ein.<\/p>\n\n\n\n<p><a href=\"https:\/\/musikverein-forbach.de\/events\/2003\/030716kussman50_pix.html\">Bilder<\/a><\/p>\n\n\n\n<h3>70. Geburtstag von Reinhold Ruckenbrod<\/h3>\n\n\n\n<p>16. Juli 2003, Forbach<\/p>\n\n\n\n<p>Am 16. Juli diesen Jahres waren wir bei unserem langj\u00e4hrigen ehemaligen Vize-Dirigenten Reinold Ruckenbrod, um ihm ein St\u00e4ndchen anl\u00e4sslich seines 70. Geburtstags darzubringen. Nach dem musikalischen Teil waren wir von Reinhold Ruckenbrod noch zu einem Umtrunk eingeladen.<\/p>\n\n\n\n<p><a href=\"https:\/\/musikverein-forbach.de\/events\/2003\/030716reinold75_pix.html\">Bilder<\/a><\/p>\n\n\n\n<h3>Belzerhock Weisenbach<\/h3>\n\n\n\n<p>6. Juli 2003, Weisenbach<\/p>\n\n\n\n<h3>Musikfest Au im Murgtal<\/h3>\n\n\n\n<p>29. Juni 2003, Au im Murgtal<\/p>\n\n\n\n<h3>Musikfest Elchesheim<\/h3>\n\n\n\n<p>22. Juni 2003, Elchesheim<\/p>\n\n\n\n<h3>Fronleichnam<\/h3>\n\n\n\n<p>19. Juni 2003, Forbach<\/p>\n\n\n\n<h3>Sch\u00fctzenfest<\/h3>\n\n\n\n<p>15. Juni 2003, Forbach<\/p>\n\n\n\n<h3>Lure-Konzert<\/h3>\n\n\n\n<p>24. Mai 2003, Forbach<\/p>\n\n\n\n<p>Am Samstag, dem 24. Mai hatten wir einen musikalischen Genu\u00df der Extraklasse zu bieten: wir hatten das s\u00fcdbadische Auswahlorchester &#8220;Lure&#8221; unter der Leitung ihres Dirigenten Ulrich Winzer zu einem Konzert in die Murghalle Forbach eingeladen. Zu h\u00f6ren waren zeitgen\u00f6ssische Originalkompositionen f\u00fcr symphonisches Blasorchester.<\/p>\n\n\n\n<p><a href=\"https:\/\/musikverein-forbach.de\/events\/2003\/030524lure_pix.html\">Bilder<\/a><\/p>\n\n\n\n<h3>Fasent<\/h3>\n\n\n\n<p>4. M\u00e4rz 2003, Forbach<\/p>\n\n\n\n<p>Traditionell nahm die Musikkapelle Forbach am Narrenbaumstellen und am Fasentumzug des Karnevalvereins &#8220;Talhutzel&#8221; teil.<\/p>\n\n\n\n<p><a href=\"https:\/\/musikverein-forbach.de\/events\/2003\/030304fasent_pix.html\">Bilder<\/a><\/p>\n\n\n\n<h3>Gala-Konzert<\/h3>\n\n\n\n<p>26. Januar 2003, Forbach<\/p>\n\n\n\n<p>Mit einem Galakonzert leiteten wird das Festjahr zum 160-j\u00e4hrigen Bestehen der Musikkapelle Forbach ein. Vor ausverkaufter Murghalle pr\u00e4sentierten wir die ganze Bandbreite der Blasmusik.<\/p>\n\n\n\n<p><a href=\"https:\/\/musikverein-forbach.de\/events\/2003\/030126gala_pix.html\">Bilder<\/a><\/p>\n","protected":false},"excerpt":{"rendered":"<p>Heiligabend 24. Dezember 2003, Forbach Traditionell trafen sich die Blechbl\u00e4ser der Musikkapelle Forbach vor der katholischen Kirche in Forbach, um mit weihnachtlicher Musik auf die Christmette einzustimmen. Der Musikverein Forbach w\u00fcnscht allen Freunden der Blasmusik gesegnete Weihnachten und einen guten Rutsch ins Jahr 2004. Auftritt bei der Seniorenfeier in der Murghalle Forbach 7. Dezember 2003, [&hellip;]<\/p>\n","protected":false},"author":1,"featured_media":0,"parent":0,"menu_order":0,"comment_status":"closed","ping_status":"closed","template":"","meta":{"ngg_post_thumbnail":0},"_links":{"self":[{"href":"https:\/\/www.musikverein-forbach.de\/wp\/index.php?rest_route=\/wp\/v2\/pages\/954"}],"collection":[{"href":"https:\/\/www.musikverein-forbach.de\/wp\/index.php?rest_route=\/wp\/v2\/pages"}],"about":[{"href":"https:\/\/www.musikverein-forbach.de\/wp\/index.php?rest_route=\/wp\/v2\/types\/page"}],"author":[{"embeddable":true,"href":"https:\/\/www.musikverein-forbach.de\/wp\/index.php?rest_route=\/wp\/v2\/users\/1"}],"replies":[{"embeddable":true,"href":"https:\/\/www.musikverein-forbach.de\/wp\/index.php?rest_route=%2Fwp%2Fv2%2Fcomments&post=954"}],"version-history":[{"count":2,"href":"https:\/\/www.musikverein-forbach.de\/wp\/index.php?rest_route=\/wp\/v2\/pages\/954\/revisions"}],"predecessor-version":[{"id":1017,"href":"https:\/\/www.musikverein-forbach.de\/wp\/index.php?rest_route=\/wp\/v2\/pages\/954\/revisions\/1017"}],"wp:attachment":[{"href":"https:\/\/www.musikverein-forbach.de\/wp\/index.php?rest_route=%2Fwp%2Fv2%2Fmedia&parent=954"}],"curies":[{"name":"wp","href":"https:\/\/api.w.org\/{rel}","templated":true}]}}