{"id":952,"date":"2022-05-22T15:36:03","date_gmt":"2022-05-22T13:36:03","guid":{"rendered":"https:\/\/www.musikverein-forbach.de\/wp\/?page_id=952"},"modified":"2022-05-22T22:04:13","modified_gmt":"2022-05-22T20:04:13","slug":"2004-2","status":"publish","type":"page","link":"https:\/\/www.musikverein-forbach.de\/wp\/?page_id=952","title":{"rendered":"Chronik 2004"},"content":{"rendered":"\n<h3>Heiligabend<\/h3>\n\n\n\n<p>24. Dezember 2004, Forbach<\/p>\n\n\n\n<p>Auch in diesem Jahr trafen sich die Blechbl\u00e4ser des Musikverein Forbach nachts vor Beginn der Christmette auf den Stufen der Katholischen Kirche um die Heilige Nacht mit weihnachtlichen Melodien einzustimmen. Am n\u00e4chsten Morgen dann umrahmte die Kapelle musikalisch &#8211; unter der Leitung von Thomas Roth &#8211; den Gottesdienst von Pfarrer W\u00fcrz auf der B\u00fchlerh\u00f6he.<\/p>\n\n\n\n<figure class=\"wp-block-image\"><img src=\"https:\/\/musikverein-forbach.de\/pix\/041224heiligabend\/heiligabend.jpg\" alt=\"\"\/><\/figure>\n\n\n\n<h3>Kameradschaftsabend<\/h3>\n\n\n\n<p>18. Dezember 2004, Forbach<\/p>\n\n\n\n<p>Am Samstag, 18.12.2004, trafen sich die Aktiven der Gesamtkapelle mit Partnern, die beiden Dirigenten sowie die komplette Vorstandschaft zu einem Kameradschaftsabend in der Murghalle Forbach. B\u00e4rbel Ruckenbrod begr\u00fc\u00dfte alle Anwesenden, hielt einen kurzen R\u00fcckblick auf das Jahr 2004 sowie einen Ausblick in das Jahr 2005, dankte den Dirigenten sowie allen Aktiven und der Vorstandschaft f\u00fcr die geleistete Arbeit und \u00fcberreichte nicht zuletzt den 4 JMLA-Bronze- Pr\u00fcflingen Sandra Burgert, Katja Resch, Noreen Weiler und Sarah Fritz ein Pr\u00e4sent als kleine Anerkennung seitens des Vereins. Aber auch die beiden Dirigenten erhielten ein Weihnachtspr\u00e4sent. Musikalisch umrahmt wurde der Abend durch die beiden Fl\u00f6tistinnen Sandra Burgert und Stephanie Rombeck. F\u00fcnf tanzfreudige M\u00e4dels der Gesamtkapelle hatten einen modernen Tanz einstudiert, den sie unter viel Beifall den Anwesenden pr\u00e4sentierten. Nach einem guten Abendesssen wurde noch ein Kegelturnier durchgef\u00fchrt, bei dem sich alle Peter (M\u00fcller, Fritz, Stephan) Kerstin Dieterle geschlagen geben mussten. Zum Abschluss des Abends gab es noch einen bildlichen R\u00fcckblick auf das Jahr 2004 (zusammen gestellt durch Thomas Steinhart, Franz Kalmbacher und Robert Ruckenbrod), bei dem man doch oft schmunzeln musste aber einem auch deutlich wurde, wie viele Unternehmungen das Jahr \u00fcber stattfinden. Alles in allem war es ein sehr harmonischer, sch\u00f6ner und kurzweiliger Abend, der den Anwesenden gut gefallen hat.<\/p>\n\n\n\n<p>Herzlichen Dank m\u00f6chten wir dem Organisationsteam des Abends f\u00fcr die Bewirtung, die Deko im Saal, den Salatspenderinnen, der Auf- und Abbaugruppe sowie den gelungenen Unterhaltungsbeitr\u00e4gen zum Abend sagen.<\/p>\n\n\n\n<p><a href=\"https:\/\/musikverein-forbach.de\/events\/2004\/041218kameradschaft_pix.html\">Bildnachlese<\/a><\/p>\n\n\n\n<h3>Seniorenfeier der Gemeinde Forbach<\/h3>\n\n\n\n<p>05. Dezember 2004, Forbach<\/p>\n\n\n\n<h3>Musikerausflug nach Speyer<\/h3>\n\n\n\n<p>31. Oktober 2004, Speyer<\/p>\n\n\n\n<p><a href=\"https:\/\/musikverein-forbach.de\/events\/2004\/041031speyer_pix.html\">Bilder<\/a><\/p>\n\n\n\n<h3>24-Stunden-Lauf bei der Murghalle<\/h3>\n\n\n\n<p>11. September 2004, Forbach<\/p>\n\n\n\n<h3>70. Geburtstag von Franz Stephan<\/h3>\n\n\n\n<p>23. August 2004, Iffezheim<\/p>\n\n\n\n<p>Zum Geburtstag unseres \u00e4ltesten aktiven Mitglieds Franz Stephan spielten wir in Iffezheim bei ihm zu Hause. Nach dem St\u00e4ndchen wurden wir von Familie Stephan noch zu einem Umtrunk und einem Imbiss eingeladen.<\/p>\n\n\n\n<figure class=\"wp-block-image\"><img src=\"https:\/\/musikverein-forbach.de\/pix\/040823franz70\/franz01.jpg\" alt=\"\"\/><\/figure>\n\n\n\n<h3>Hockete bei der Murghalle<\/h3>\n\n\n\n<p>25. Juli 2004, Forbach<\/p>\n\n\n\n<p>An diesem Sonntag veranstalteten wir unsere diesj\u00e4hrige Hockete bei der Murghalle in Forbach. Bei herrlichem Wetter lud neben Bier, Bratwurst, Gyros, (Eis-)Kaffe und Kuchen auch der wundersch\u00f6n neu angelegte Murggarten zum Verweilen ein.<br>Selbstverst\u00e4ndlich war auch f\u00fcr musikalische Unterhaltung gesorgt. So er\u00f6ffnete morgens um 11:30 Uhr der Musikverein Altschweier mit einem Fr\u00fchschoppenkonzert die Hockete. Zur Kaffeezeit sorgte dann unser Nachwuchs f\u00fcr Ohrenschmaus: Nach der Blockfl\u00f6tengruppe und der Bl\u00e4serklasse zeigten die Sch\u00fclerkappelle und die Jugendkappelle, was in ihnen steckt. Zur Vesperzeit kamen befreundete Musikkappellen aus den Nachbargemeinden zum Zug: So spielte erst der Musikverein Weisenbach zur Unterhaltung auf &#8211; die Kapelle des Musikvereins Bermersbach spielte zum Ausklang der Hockete.<br>Der Musikverein Forbach dankt nochmals herzlich allen Organisatoren, Helfern und Musikern f\u00fcr ihre Mitwirkung. Vielen Dank auch der Gemeinde Forbach f\u00fcr die \u00dcberlassung des Murgareals.<\/p>\n\n\n\n<p><a href=\"https:\/\/musikverein-forbach.de\/events\/2004\/040725hocket_pix.html\">Bildnachlese<\/a><\/p>\n\n\n\n<h3>Musikfest in H\u00f6rden<\/h3>\n\n\n\n<p>11. Juli 2004, H\u00f6rden<\/p>\n\n\n\n<p>Dieses Jahr feierte der Musikverein H\u00f6rden sein 125- j\u00e4hriges Bestehen. Der Musikverein Forbach war dazu eingeladen, am Sonntag Abend f\u00fcr 90 Minuten das Publikum im Festzelt musikalisch zu unterhalten.<\/p>\n\n\n\n<h3>Bezirkstag der Fu\u00dfballvereine in Mittelbaden<\/h3>\n\n\n\n<p>9. Juli 2004, Forbach<\/p>\n\n\n\n<p>Dieses Jahr richtete der Sportverein Forbach den &#8220;Bezirkstag&#8221; in der Murghalle in Forbach aus. Der Musikkapelle des Musikvereins Forbach war dazu eingeladen, die Veranstaltung musikalisch zu er\u00f6ffnen. Dieser Einladung kamen wir gerne nach.<\/p>\n\n\n\n<h3>600 Jahre Pfarrgemeinde Forbach<\/h3>\n\n\n\n<p>27. Juni 2004, Forbach<\/p>\n\n\n\n<p>Zum 600-j\u00e4hrigen Jubil\u00e4um der katholischen Pfarrgemeinde Forbach brachte die &#8220;Oberkrainer-Besetzung&#8221; des Musikvereins Forbach im Josefshaus ein St\u00e4ndchen dar.<\/p>\n\n\n\n<h3>St\u00e4ndchen zum 50. Geburtstag von Michael Weber<\/h3>\n\n\n\n<p>21. Juni 2004, Karlsruhe-Daxlanden<\/p>\n\n\n\n<p>Am 21.06.04 feierte das j\u00fcngste Ehrenmitglied des Musikverein Forbach seinen 50. Geburtstag. Nat\u00fcrlich lie\u00dfen es sich die Forbacher nicht nehmen, ihrem ehemaligen Jugenddirigenten musikalisch zu gratulieren und waren abends zu Gast bei ihm im Feuerwehrhaus Daxlanden. So spielte die Kapelle unter der Leitung von Wilfried Kornmeier f\u00fcr Michael und seine vielen G\u00e4ste auf. Von 1978 &#8211; 1989 war Michael Weber beim Musikverein Forbach sehr erfolgreich als Jugenddirigent t\u00e4tig und stellte den Verein auf ein gesundes musikaliches Fundament. B\u00e4rbel Ruckenbrod gratulierte im Namen des Vereins recht herzlich, \u00fcberreichte ihm ein Pr\u00e4sent und seiner Frau Uschi einen Blumenstrau\u00df. Michael war sehr erfreut dar\u00fcber, &#8220;seine Forbacher&#8221; wiederzusehen und bedankte sich sehr f\u00fcr das St\u00e4ndchen. So verbrachte die Kapelle noch einen sch\u00f6nen Abend.<\/p>\n\n\n\n<h3>Sch\u00fctzenfest<\/h3>\n\n\n\n<p>13. Juni 2004, Forbach<\/p>\n\n\n\n<p>Traditionell spielte der Musikverein Forbach sonntags abends zur Umrahmung der K\u00f6nigsproklamation unter Leitung von Wilfried Kornmeier beim Sch\u00fctzenfest in Forbach.<\/p>\n\n\n\n<h3>Ostern 2004<\/h3>\n\n\n\n<p>11. April 2004, B\u00fchlerh\u00f6he<\/p>\n\n\n\n<p>Auch dieses Jahr an Ostern spielten wir wieder unter der Leitung von Vizedirigent Thomas Roth bei Pfarrer W\u00fcrz in der &#8220;Adenauer-Kapelle&#8221; am Pl\u00e4ttig\/B\u00fchlerh\u00f6he. Auf dem Programm standen folgende St\u00fccke: &#8220;Prelude and Choral (Nun danket alle Gott)&#8221;, &#8220;Imagine&#8221;, &#8220;I will follow him&#8221;, &#8220;Heel the World&#8221; und nat\u00fcrlich wieder einmal &#8220;The Saints Halleluja&#8221;.<\/p>\n\n\n\n<h3>Konzert der Jugendkapelle &#8220;Murgdudler&#8221;<\/h3>\n\n\n\n<p>3. April 2004, Forbach<\/p>\n\n\n\n<p>Am 03. April zeigte unsere Jugendkapelle in der neuen Besetzung ihr K\u00f6nnen. Das erste abendf\u00fcllende Programm wurde in der Murghalle aufgef\u00fchrt. Dirigent J\u00fcrgen Knam hatte ein Konzert in zwei Teilen erarbeitet. Der erste Teil beinhaltete klassische und moderne originale Blasmusik. Der zweite Teil drehte sich um Highlights der Filmmusik. Durch das Programm f\u00fchrte unsere Jugendleiterin B\u00e4rbel Ruckenbrod. Schon im ersten Musikst\u00fcck bewiesen die jungen Musiker Ihren hohen Leistungsstand. Die &#8220;Ritter der Tafelrunde&#8221; wurden perfekt in den drei S\u00e4tzen gespielt. Mit &#8220;Irish Dream&#8221; wurde die urspr\u00fcngliche Landschaft Irlands zun\u00e4chst sanft und vertr\u00e4umt, aber auch die zerkl\u00fcftete K\u00fcste, \u00fcber die die rauen Meereswinde fegen, markant musikalisch geschildert. Danach ging die musikalische Reise nach Kentucky, um 1800 waren Melodien, die an die westw\u00e4rts ziehenden Pioniere erinnerten, zu h\u00f6ren. Besondere Freude zeigte die Kapelle beim Spielen des St\u00fcckes &#8220;Less more Fun&#8221;, besonders die Schlagzeuger \u00fcberzeugten hierbei. &#8220;Ballade&#8221;, seit den 30er Jahren wird Ballade als ein Musikst\u00fcck in langsamem Tempo und auf akkordlicher Grundlage bezeichnet. Der H\u00f6hepunkt des ersten Teils war &#8220;The great Steamboatrace&#8221;. \u00dcbersetzt lautet der Titel &#8220;Das gro\u00dfe Schaufelraddampferrennen&#8221;. Es wurde im Juni 1870 auf dem Mississippi ausgetragen, wegen Nebel unterbrochen und dann fortgesetzt. Mit Hilfe unserer Bl\u00e4ser- und Sch\u00fclerklasse wurden die Ger\u00e4usche der wallenden Wassermassen des Mississippi mit halb gef\u00fcllten Kunststoffwasserflaschen nachgeahmt. Mit &#8220;Blues Brothers in Concert&#8221; begann der zweite Teil des Konzerts. Mit diesem St\u00fcck waren die Musikerinnen und Musiker besonders gefordert. Es folgte &#8220;Mister Holland&#8217;s Opus&#8221;, eine amerikanische Sinfonie aus dem gleichnamigen Film und die Filmmelodie aus &#8220;Mission Impossible&#8221;. Mit Musik aus &#8220;Der K\u00f6nig der L\u00f6wen&#8221; und aus &#8220;Der Herr der Ringe&#8221; ging es weiter. Der Schlusspunkt wurde mit &#8220;John Williams &#8211; Movie Adventures&#8221; gesetzt. Mit den vom Publikum geforderten Zugaben verabschiedete sich die Kapelle. (Ausz\u00fcge aus BT Bericht Hr. Krech)<\/p>\n\n\n\n<figure class=\"wp-block-image\"><img src=\"https:\/\/musikverein-forbach.de\/pix\/jugend\/040403konzert\/buehne3.jpg\" alt=\"\"\/><\/figure>\n\n\n\n<p><a href=\"https:\/\/musikverein-forbach.de\/ju-ka\/events\/2004\/040403konzert_pix.html\">Bilder<\/a><\/p>\n\n\n\n<h3>Fasent 2004<\/h3>\n\n\n\n<p>19.-24. Februar 2004, Forbach<\/p>\n\n\n\n<p>Dieses Jahr zogen wir an Fasent als &#8220;H\u00f6rnerich&#8221; durch die Forbacher Stra\u00dfen.<\/p>\n\n\n\n<p><a href=\"https:\/\/musikverein-forbach.de\/events\/2004\/040219fasent_pix.html\">Bilder<\/a><\/p>\n\n\n\n<h3>Kameradschaftsabend<\/h3>\n\n\n\n<p>3. Januar 2004, Forbach<\/p>\n\n\n\n<p>Das neue Jahr wurde mit einem Kameradschaftsabend im Sch\u00fctzenhaus Forbach begonnen. Bei dieser Gelegenheit wurden auch die Jungmusiker geehrt, die im vergangenen Jahr das Jungmusikerleistungsabzeichen erworben hatten.<\/p>\n\n\n\n<p><a href=\"https:\/\/musikverein-forbach.de\/events\/2004\/040103schuetz_pix.html\">Bilder<\/a><\/p>\n","protected":false},"excerpt":{"rendered":"<p>Heiligabend 24. Dezember 2004, Forbach Auch in diesem Jahr trafen sich die Blechbl\u00e4ser des Musikverein Forbach nachts vor Beginn der Christmette auf den Stufen der Katholischen Kirche um die Heilige Nacht mit weihnachtlichen Melodien einzustimmen. Am n\u00e4chsten Morgen dann umrahmte die Kapelle musikalisch &#8211; unter der Leitung von Thomas Roth &#8211; den Gottesdienst von Pfarrer [&hellip;]<\/p>\n","protected":false},"author":1,"featured_media":0,"parent":0,"menu_order":0,"comment_status":"closed","ping_status":"closed","template":"","meta":{"ngg_post_thumbnail":0},"_links":{"self":[{"href":"https:\/\/www.musikverein-forbach.de\/wp\/index.php?rest_route=\/wp\/v2\/pages\/952"}],"collection":[{"href":"https:\/\/www.musikverein-forbach.de\/wp\/index.php?rest_route=\/wp\/v2\/pages"}],"about":[{"href":"https:\/\/www.musikverein-forbach.de\/wp\/index.php?rest_route=\/wp\/v2\/types\/page"}],"author":[{"embeddable":true,"href":"https:\/\/www.musikverein-forbach.de\/wp\/index.php?rest_route=\/wp\/v2\/users\/1"}],"replies":[{"embeddable":true,"href":"https:\/\/www.musikverein-forbach.de\/wp\/index.php?rest_route=%2Fwp%2Fv2%2Fcomments&post=952"}],"version-history":[{"count":2,"href":"https:\/\/www.musikverein-forbach.de\/wp\/index.php?rest_route=\/wp\/v2\/pages\/952\/revisions"}],"predecessor-version":[{"id":1018,"href":"https:\/\/www.musikverein-forbach.de\/wp\/index.php?rest_route=\/wp\/v2\/pages\/952\/revisions\/1018"}],"wp:attachment":[{"href":"https:\/\/www.musikverein-forbach.de\/wp\/index.php?rest_route=%2Fwp%2Fv2%2Fmedia&parent=952"}],"curies":[{"name":"wp","href":"https:\/\/api.w.org\/{rel}","templated":true}]}}