{"id":950,"date":"2022-05-22T15:35:26","date_gmt":"2022-05-22T13:35:26","guid":{"rendered":"https:\/\/www.musikverein-forbach.de\/wp\/?page_id=950"},"modified":"2022-05-22T22:04:20","modified_gmt":"2022-05-22T20:04:20","slug":"2005-2","status":"publish","type":"page","link":"https:\/\/www.musikverein-forbach.de\/wp\/?page_id=950","title":{"rendered":"Chronik 2005"},"content":{"rendered":"\n<h3>Weihnachten 2005<\/h3>\n\n\n\n<p>24.\/25. Dezember 2005, Forbach<\/p>\n\n\n\n<p>Am Heiligen Abend trafen sich zahlreiche Blechbl\u00e4ser vor der katholischen Kirche, um weihnachtliche St\u00fccke zur Einstimmung der Kirchenbesucher auf die n\u00e4chtliche Christmette zu spielen. Einen Tag sp\u00e4ter dann umrahmte die Kapelle unter der Leitung von Thomas Roth den Gottesdienst bei Pfarrer W\u00fcrz auf der B\u00fchlerh\u00f6he.<\/p>\n\n\n\n<h3>Musical-Besuch &#8220;We will rock you&#8221; in K\u00f6ln<\/h3>\n\n\n\n<p>17. Dezember 2005, K\u00f6ln<\/p>\n\n\n\n<p>67 Personen des MV Forbach starteten am fr\u00fchen Morgen mit dem Bus Richtung K\u00f6ln zum Besuch des Musicals &#8220;We will rock you&#8221;. In K\u00f6ln angekommen, nutzten viele die Zeit bis zur Nachmittagsvorstellung f\u00fcr den Besuch des K\u00f6lner Doms, einen Bummel \u00fcber den Weihnachtsmarkt oder durch die Fu\u00dfg\u00e4ngerzone der Stadt und einem gem\u00fctlichen Mittagessen &#8211; nat\u00fcrlich mit richtigem K\u00f6lsch.<\/p>\n\n\n\n<p>Treffpunkt aller Teilnehmer war dann die 15 Uhr Nachmittagsvorstellung des Musicals. Gute Musik einer sehr guten 8- k\u00f6pfigen Band, viel Witz, Seitenhiebe auf die derzeitige Rockmusik und ausgeflippte Kost\u00fcme begeisterte die Zuschauer. Besonders die beiden Beleuchter erfreuten sich an der Anwesenheit unserer M\u00e4dels, die den beiden reichlich Beifall und Zurufe widmeten. Nach einem abschlie\u00dfenden Gl\u00fchwein auf dem Weihnachtsmarkt ging es dann wieder zur\u00fcck und Dank der guten Fahrt von Peter G\u00f6tz waren wir bereits um Mitternacht wieder in Forbach angelangt. Einen besonderen Dank wollen wir B\u00e4rbel Ruckenbrod sagen, die die Idee zu diesem Ausflug hatte und die Organisation und Durchf\u00fchrung \u00fcbernahm.<\/p>\n\n\n\n<p><a href=\"https:\/\/musikverein-forbach.de\/events\/2005\/051217koeln.html\">Bildnachlese<\/a><\/p>\n\n\n\n<h3>Seniorenfeier der Gemeinde Forbach<\/h3>\n\n\n\n<p>4. Dezember 2005, Forbach<\/p>\n\n\n\n<p>W\u00e4hrend die Sch\u00fclerkapelle am Sonntagnachmittag einen musikalischen Beitrag zur Seniorenfeier der Gemeinde ins Programm einbrachte, gestaltete die Gesamtkapelle des Musikverein Forbach am Sonntagabend den Abschlusspunkt der Feier. Wilfried Kornmeier hatte ein buntes Programm zusammengestellt, das den zahlreichen G\u00e4sten gut gefiel. Besonders erfreut waren die Senioren \u00fcber den &#8220;Alte Kameraden &#8211; Marsch&#8221;, mit dem die Kapelle sich verabschiedete. B\u00e4rbel Ruckenbrod w\u00fcnschte allen Anwesenden noch eine besinnliche Adventszeit, eine sch\u00f6ne Weihnacht und vor allem viel Gesundheit, damit sich alle im kommenden Jahr zur n\u00e4chsten Seniorenfeier wieder sehen!<\/p>\n\n\n\n<h3>H\u00fcttenaufenthalt auf der Bernhardush\u00fctte<\/h3>\n\n\n\n<p>21.-23. Oktober 2005, Forbach<\/p>\n\n\n\n<p>Nach einigen Jahren H\u00fcttenpause der Gesamtkapelle starteten die Aktiven am 21.10.05 zur Bernhardush\u00fctte. Gute Abendessen (Rollbraten vom Grill), kurze N\u00e4chte, lange Diskussionen und Gespr\u00e4che, viele Spiele &#8211; TABU, Kartenspiele und den gro\u00dfen Preis &#8211; sowie Fu\u00dfball und Sesselbahn im Au\u00dfenbereich bei herrlichstem Herbstwetter standen auf dem Programm. Am Samstag kamen dann die J\u00fcngsten des Vereins zu Besuch, mit denen B\u00e4rbel und Corinna ab Forbach zur Bernhardush\u00fctte wanderten. Nat\u00fcrlich gab es am Abend auch ein gro\u00dfes Lagerfeuer, das vor allem die Herzen der Kinder h\u00f6her schlagen lie\u00df. Erfreulich war auch, dass die beiden Dirigenten Wilfried Kornmeier und J\u00fcrgen Knam mit dabei waren. Am Sonntag dann nach dem Fr\u00fchst\u00fcck und dem gemeinsamen Aufr\u00e4umen ging es wieder zur\u00fcck nach Forbach. Danke an das Organisationsteam, danke an das Spieleteam Anne, Nena, Hanna, Leni, Melina und Manuela, danke an die Salat- und Kuchenspender. Alle waren sich einig, dass auch im Jahr 2006 wieder ein H\u00fcttenaufenthalt stattfinden soll &#8211; dann aber gleich ab Donnerstag!<\/p>\n\n\n\n<p><a href=\"https:\/\/musikverein-forbach.de\/events\/2005\/051022huette.html\">Bildnachlese<\/a><\/p>\n\n\n\n<h3>Referat &#8220;Probe-Motivation&#8221; von Michael Stecher<\/h3>\n\n\n\n<p>20. Oktober 2005, Obersasbach<\/p>\n\n\n\n<p>Am Donnerstag, 20.10.05, besuchten die Aktiven des MV Forbach ein Referat des Dozenten Michael Stecher mit dem Thema: Probe- Motivation. Thomas Roth organisierte diesen Abend, der in Obersasbach gemeinsam mit der Trachtenkapelle Obersasbach stattfand. Es war ausgesprochen informativ und interessant, den Ausf\u00fchrungen von Michael Stecher zuzuh\u00f6ren. Zahlreiche Parallelen konnten entdeckt werden, zahlreiche Tipps und anregungen wurden von den Musikerinnen und Musikern mitgenommen. Ein besonderer Hinweis ging seinerseits an die Eltern: &#8220;Lasst Eure Kinder nicht zu viele Hobbies aus\u00fcben, packt ihnen den Terminkalender nicht zu voll, die Kinder sollten sich nicht verzetteln und \u00fcberall nur ein bisschen sein, sondern sich auf 1 &#8211; 2 Punkte voll konzentrieren k\u00f6nnen. Erst dann werden die Kinder mit einem Hobby ein absolutes Gl\u00fccksgef\u00fchl erleben k\u00f6nnen.&#8221; Jedenfalls war das Thema sowie das Referat so anregend, dass auch noch beim H\u00fcttenwochenende \u00fcber zahlreiche Punkte diskutiert wurde. Herzlicher Dank gilt Thomas f\u00fcr die Organisation des Abends und sicherlich wird der Musikverein Forbach einer solchen Veranstaltung auch ein zweites Mal offen gegen\u00fcberstehen.<\/p>\n\n\n\n<h3>2. Blechmusikstad&#8217;l 2005<\/h3>\n\n\n\n<p>1.\/2. Oktober 2005, Forbach<\/p>\n\n\n\n<p>Im liebevoll urig, mit vielen Forbacher Utensilien ausgestatteten und in den badischen Farben gehaltenen Murghallensaal konnte der Musikverein Forbach an zwei Abenden vor vollem Hause das zweite Forbacher Blechmusikstad&#8217;l pr\u00e4sentieren. Von 2 B\u00fchnen &#8211; die gro\u00dfe B\u00fchne zum Dorfplatz umgestaltet und einer kleinen B\u00fchne als Tiroler Heuh\u00fctte &#8211; gab es Musik, Gesang, Komik und Tanz nonstop \u00fcber 4 Stunden verteilt. Nach dem Er\u00f6ffnungsteil der Gesamtkapelle &#8211; dort wurde das Stad&#8217;l-Logo mit lebenden Personen gezeigt &#8211; \u00fcbernahmen Michael Roth und Stefan Weiler die Moderation des Programms. Voller Witz, Charme und schwungvoll am\u00fcsant waren sie stets die blendende Verbindung zwischen den Auftritten. Vokal5mal sorgte danach von der kleinen B\u00fchne f\u00fcr die weitere Unterhaltung. Die A-Capella-S\u00e4nger \u00fcberzeugten mit den H\u00f6hepunkten ihres alten Konzertprogramms und ernteten rauschenden Beifall. Als Gugge-Hutzele traten dann der Karnevalverein Forbach auf, ehe die Oberkrainer-Besetzung der Gesamtkapelle &#8211; verst\u00e4rkt mit dem Akkordeon und Michael Steininger als Jodler &#8211; die schwungvolle Unterhaltung des Publikums \u00fcbernahmen. Einen wahren Beifallssturm erntete die Jugendkapelle unter der Leitung von J\u00fcrgen Knam. Die perfekt gespielten St\u00fccke &#8220;Rosamunde&#8221;, &#8220;Latin Gold&#8221; und der &#8220;Einsame Hirte&#8221; begeisterten das Publikum. Besonders die beiden Solistinnen Hanna Ruckenbrod und Anne Weiler zelebrierten das Blockfl\u00f6tensolo beim Einsamen Hirten so gekonnt und einf\u00fchlsam, dass absolute Stille im Saal herrschte. In einen singenden Saal verwandelte das Grauntalduo Eberhard Arntz und Klaus Roth die Murghalle. Mit ihren Mundartliedern besangen sie den Most, die St\u00e4ndelsbohne, den H\u00fchnerstall und die gute alte Zeit. Ein Auftritt, bei dem wirklich kein Auge trocken blieb und so richtig ans Herz ging. Nach einer kurzen Pause er\u00f6ffnete die Gesamtkapelle mit dem Ferbelliner Reitermarsch den zweiten Teil des Abends. Dort brillierten vor allem die 11 Trompeten\/Fl\u00fcgelh\u00f6rner. Norbert Fritz spielte seinen Tuba-Muckel mitten unter den klatschenden Zuschauern und Brigitte Heckele und B\u00e4rbel Ruckenbrod hatten Pr\u00e4miere als S\u00e4ngerinnen beim zweistimmigen Gesang zu &#8220;Aus B\u00f6hmen kommt die Musik&#8221;, ebenso wie Ursel Kottler und Fred Gernsbeck, die danach im Freddy-Quinn-Medley alte Seemannslieder besangen. Mit viel Beifall wurden die gesanglichen Beitr\u00e4ge bedacht. Wie kontrastreich das Programm an beiden Abenden war unterstrich das Percussion-Ensemble, das unter der Leitung von Arnold Trentini &#8220;Gespenstisches&#8221; als Geschichte &#8220;Nachtruhe \u00fcber Forbach&#8221; auf die B\u00fchne zauberte. Mit Schwarzlicht wurden die 10 Trommlerinnen und Trommler sichtbar gemacht und \u00fcberzeugten in einem perfekten Spiel. Vokal5mal pr\u00e4sentierte danach von der kleinen B\u00fchne Titel aus ihrem neuesten Programm und brachten den Saal zum Mitklatschen und Lachen. Mit einem modernen Block mischte sich die Gesamtkapelle unter der Leitung von Wilfried Kornmeier in das Programm. Nach &#8220;Spanish-Fever&#8221; stieg Michael Steininger als Udo Lindenberg auf die B\u00fchne und besang das &#8220;Lindenberg- Medley&#8221;, umgedichtet auf Forbacher Geschichten durch Norbert Fritz. Danach tanzten zu &#8220;YMCA&#8221; die 4 Cheerleeders Anne, Hanna, Kerstin und Leni durchs Publikum auf die B\u00fchne und setzten einen bunten Blickpunkt zum Ende des modernen Teils. Die T\u00e4nzerinnen um Silvia Scheiwein und Anja Wunsch sorgten f\u00fcr einen weiteren Augenschmaus, denn in Lederhosen bekleidet tanzten sie zu volkst\u00fcmlicher\/moderner Musik und brachten den Saal zum Jubeln. Mit dem darauf folgenden &#8220;Alten Kameradenmarsch&#8221; durch die Gesamtkapelle startete die Endphase des Programms. Michael und Stefan holten nochmals alle Mitwirkenden unter viel Beifall auf die B\u00fchne, ehe B\u00e4rbel Ruckenbrod die Dankesworte sprach. Mit einem richtigen &#8220;Forbacher Block&#8221; n\u00e4mlich dem &#8220;Forbach im Murgtal&#8221; &#8211; gesungen durch Rudi Jehnes &#8211; und dem &#8220;Badnerlied&#8221; schloss das mehrst\u00fcndige Programm. Zum Abschluss hielt es niemanden mehr auf den B\u00e4nken, alle sangen mit und es gab lange stehende Ovationen f\u00fcr alle Mitwirkenden.<\/p>\n\n\n\n<p>Herzlichen Dank m\u00f6chte der MV Forbach allen Mitwirkenden &#8211; dem Grauntalduo, dem Karnevalverein, den T\u00e4nzerinnen um Silvia und Anja, Vokal5mal, der Jugend- und Gesamtkapelle unter der Leitung von J\u00fcrgen Knam und Wilfried Kornmeier, der Percussiongruppe unter Arnold Trentini, der Oberkrainerbesetzung, den S\u00e4ngerinnen und S\u00e4ngern Ursel Kottler, Fred Gernsbeck, B\u00e4rbel Ruckenbrod, Brigitte Heckele, Michael Steininger und Rudi Jehnes, den 4 Cheerleedern &#8211; sagen, die diesen Abend zu diesem stimmungsvollen Erlebnis werden lie\u00dfen. Danke allen, die in den Planungsgruppen mit aktiv waren, WunschProAudio f\u00fcr die gute Arbeit, danke ans Deko-Team, das Bewirtungsteam, dem Auf- und Abbautrupp, den Schindeleanfertigern, den Vorverkaufsstellen, Thomas Roth f\u00fcr die gesamte Regie, dem Tombola- Team, danke \u00fcberhaupt an alle, die zum Gelingen dieses Abend beigetragen haben. Ein besonderer Dank geht an Stefan Weiler und Michael Roth, die schwungvoll und unterhaltsam durchs Programm f\u00fchrten. Und nat\u00fcrlich Danke an alle Besucher, ohne die eine solche Veranstaltung nichts w\u00e4re! Aber nicht zuletzt wollen wir uns auch bei allen Sponsoren bedanken, ohne die ein solches gro\u00dfes Unternehmen gar nicht m\u00f6glich w\u00e4re.&nbsp;<strong>DANKE!<\/strong><\/p>\n\n\n\n<p><a href=\"https:\/\/musikverein-forbach.de\/events\/2005\/051001stadl.html\">Bilder<\/a><\/p>\n\n\n\n<h3>Teilnahme beim Tennisclub Vereinsturnier<\/h3>\n\n\n\n<p>25.\/26. Juli 2005, Forbach<\/p>\n\n\n\n<p>Der Musikverein Forbach folgte der Einladung des Tennisclub Forbach zum diesj\u00e4hrigen Vereinsturnier. Sonntags fanden die Vorrundenspiele statt. Unsere Mannschaft, bestehend aus &#8220;Coach&#8221; G\u00fcnter Fritz, Peter M\u00fcller, Karl-Hermann Merkel, Rolf Schoch und Gerd Knapp, schlug sich recht gut und k\u00e4mpfte sich in die Endrunde. Am Montag fanden dann die Finalspiele statt. So bestritt der Musikverein gegen das Team der B\u00e4ckerei Asal das Spiel um Platz 3, dem man sich aber knapp geschlagen geben musste. So blieb am Ende ein erfreulicher vierter Platz. Herzlichen Dank nochmals an alle Spieler!<\/p>\n\n\n\n<p><a href=\"https:\/\/musikverein-forbach.de\/events\/2005\/050725tennis.html\">Bild<\/a><\/p>\n\n\n\n<h3>Hockete im Murggarten<\/h3>\n\n\n\n<p>16. Juli 2005, Forbach<\/p>\n\n\n\n<p>Am vergangenen Samstag veranstaltete der Musikverein Forbach seine diesj\u00e4hrige Hockete im Murggarten. Am fr\u00fchen Nachmittag begannen die J\u00fcngsten &#8211; die Blockfl\u00f6tenkinder &#8211; die h\u00f6ren lie\u00dfen, was sie von ihren Ausbilderinnen Hanna Ruckenbrod und Anne Weiler gelernt haben.<\/p>\n\n\n\n<p>Auch die Jugendkapelle &#8220;Murgdudler&#8221; hatte in der Konzertmuschel Platz genommen. Unter der Leitung von J\u00fcrgen Knam unterhielten sie die Zuh\u00f6rer in gewohnt guter Art und Weise und ernteten bei Auftrittsende viel Applaus.<\/p>\n\n\n\n<p>Vorsitzende B\u00e4rbel Ruckenbrod f\u00fchrte w\u00e4hrend des Tages durch das musikalische Programm. Der Musikverein Appenweier, unter der Leitung ihres Dirigenten Kunihiro Otchi, sowie der Musikverein Hundsbach, unter der Leitung ihres Dirigenten Bernd Klumpp, und der Musikverein Langenbrand, unter der Leitung ihres Dirigenten Hermann Schneider, \u00fcbernahmen die weitere musikalische Unterhaltung der zahlreichen Hockete-Besucher. Dank des sch\u00f6nen Sommerwetters, der guten Blasmusik und des sehr ansprechend gestalteten Murggarten wurde der Tag zu einer gelungenen Veranstaltung.<\/p>\n\n\n\n<p><a href=\"https:\/\/musikverein-forbach.de\/events\/2005\/050716hockete.html\">Bilder<\/a><\/p>\n\n\n\n<h3>Ehrungsabend<\/h3>\n\n\n\n<p>28. Mai 2005, Forbach<\/p>\n\n\n\n<p>Alle drei Jahre ehrt der Musikverein Forbach langj\u00e4hrige aktive und passive Mitglieder. In der Murghalle versammelten sich am Samstag, den 28.05.05 geladene G\u00e4ste und die Jubilare. In diesem Jahr wurden Mitglieder geehrt, die in den Jahren 2004, 2005 und 2006 ihr Jubil\u00e4um feierten oder feiern. Den ersten Teil begleitete die Jugendkapelle mit einem abwechslungsreichen Programm. Dieter Knittel, B\u00fcrgermeister von Gernsbach und in Personalunion Vorsitzender des Blasmusikverbandes Mittelbaden, Bezirk Murgtal, ehrte die Aktiven der Gesamtkapelle, die bereits seit 25 Jahren musizieren. Dieter Knittel \u00fcberreichte den &#8220;25-j\u00e4hrigen&#8221; die Urkunde des Verbandes und die silberne Ehrennadel. B\u00e4rbel Ruckenbrod, die als Teil des F\u00fchrungstrios des Vereins den Ehrungsabend moderierte, fand f\u00fcr jeden der Jubilare ein paar passende Worte, die den Werdegang der Musiker im Verein w\u00fcrdigten. Das &#8220;25-j\u00e4hrige&#8221; feiern Norbert Fritz, Michael Steininger, Peter M\u00fcller, Robert Ruckenbrod, J\u00fcrgen Merkel, Artur Spissinger, Thomas Roth, Peter Fritz, Thomas Steinhart und Peter Stephan.<\/p>\n\n\n\n<p>Eine Vereinsehrung erhielten Mitglieder f\u00fcr 20 Jahre als aktive Musiker, ebenfalls mit einer kurzen Laudatio auf ihre T\u00e4tigkeit im Verein. Geehrt wurden Franz Kalmbacher, Frank Schillinger, Dirk Wollschl\u00e4ger, Michael Roth und Andreas Spissinger. F\u00fcr zehn Jahre Aktivit\u00e4t erhielt Jasmin Striebich eine Ehrung. Die Ehrungen der f\u00f6rdernden Mitglieder wurde von der Gesamtkapelle musikalisch begleitet. Sie pr\u00e4sentierte sich mit ihren St\u00fccken unter der Leitung von Vize-Dirigent Thomas Roth auf bekannt hohem Niveau.<\/p>\n\n\n\n<p>Drei Mitglieder wurden auf Grund ihrer 50-j\u00e4hrigen Vereinstreue zu Ehrenmitgliedern ernannt. Ludwig Gerbes, Gottfried Senger und Bernhard Schaub. Seit 25 Jahren sind Ernst Buhrke, Herrmann Buhrke, Michael Brecht, Andre Canal, Erika Fritz, Juliane Gie\u00dfler, Robert Haist, Emma Kalmbacher, Renate Klumpp, Eckart Klumpp, Eckhard Kramp, Bernd v. d. Meijden, Waldemar Merkel, Rita M\u00fcller, Franz Rebmann, Gisfried Zapf und Roland Stephan F\u00f6rdermitglieder und wurden vom F\u00fchrungstrio des Vereins ebenfalls geehrt.<\/p>\n\n\n\n<p>Nach 58 Jahren als aktiver Musiker gehen Franz Stephan und nach 53 Jahren Karl-Heinz Roth in den Musikerruhestand. Beide haben in dieser langen Zeit im Musikverein viel erlebt und sicherlich viele sch\u00f6ne Stunden gehabt. &#8220;Als Dank und Anerkennung f\u00fcr die vielen Jahre m\u00f6chten wir euch gemeinsam mit euren Frauen zu einem Abendessen in die Schlosssch\u00e4nke auf Schloss Eberstein einladen&#8221;. Mit diesen Worten verabschiedete B\u00e4rbel Ruckenbrod, die gekonnt und treffend durch den Abend f\u00fchrte, die altgedienten Musiker aus der Gesamtkapelle.<\/p>\n\n\n\n<p>Nach dem offiziellen Ehrungsteil gab es f\u00fcr alle Anwesenden noch H\u00e4ppchen und Getr\u00e4nke. Hier m\u00f6chte der Musikverein recht herzlich den Personen danken, die diese H\u00e4ppchen in mehrst\u00fcndiger Arbeit zubereiteten und somit zu einem gelungenen Abschluss des Abends beitrugen.<\/p>\n\n\n\n<p><a href=\"https:\/\/musikverein-forbach.de\/events\/2005\/050528ehrungsabend_pix.html\">Bilder<\/a><\/p>\n\n\n\n<h3>Konzert der Jugendkapelle &#8220;Murgdudler&#8221; und des Musikvereins Forbach<\/h3>\n\n\n\n<p>17. April 2005, Forbach<\/p>\n\n\n\n<p>Der Musikverein Forbach hatte am Sp\u00e4tnachmittag des vergangenen Sonntag zu seinem ersten Gemeinschaftskonzert mit der Jugendkapelle &#8220;Murgdudler&#8221; unter der Leitung ihres Dirigenten J\u00fcrgen Knam und der gro\u00dfen Kapelle unter der Leitung ihres Dirigenten Wilfried Kornmeier eingeladen. Gemeinschaftskonzert bedeutete nicht, dass beide Kapellen zusammenspielten. Die Murgdudler traten in der ersten Stunde in Vorlage. Den zweiten Part \u00fcbernahm nach einer Pause die Hauptkapelle. Nach der Begr\u00fc\u00dfung durch B\u00e4rbel Ruckenbrod \u00fcbernahm Rudi Jehnes die Moderation und f\u00fchrte wie immer gekonnt durch das zweigeteilte Programm. 29 Jungmusiker und Jungmusikerinnen, davon drei vom Musikverein &#8220;Freudenkl\u00e4nge&#8221; Gausbach, unterst\u00fctzt durch vier &#8220;Junggebliebene&#8221; Musiker begannen mit &#8220;Queen&#8217;s Park Melody&#8221; von Jacob de Haan und &#8221; Singapura Suite&#8221; von Jan van der Rost. Beide St\u00fccke waren Wertungsst\u00fccke, die die Murgdudler beim Wertungsspielen in Malsch spielten. Sie schnitten mit dem Pr\u00e4dikat &#8220;Mit sehr gutem Erfolg teilgenommen&#8221; hervorragend ab. &#8220;Das Phantom der Oper&#8221; nach der Musik von Andrew L. Webber war eine weitere Herausforderung die die jugendlichen Musiker mit Bravour meisterten. Mit &#8220;The Best off ABBA&#8221; und &#8220;Latin Gold&#8221; demonstrierte die Jugendkapelle ihre Vielseitigkeit unterschiedliche Musikrichtungen in der Blasmusik vollendet zu pr\u00e4sentieren. Sie ernteten viel Beifall mit Bravorufen unterlegt, den sie vor allem nach ihrem Konzert entspannt zusammen mit ihrem Dirigenten J\u00fcrgen Knam entgegennahmen. Als Zugabe spielten sie den Marsch &#8220;Preu\u00dfens Gloria&#8221; und bewiesen damit, dass sie auch die Blasmusik im alten Stil ausgezeichnet beherrschen. Mit dem Repertoire und der Qualit\u00e4t ihres Spiels haben die Murgdudler ein Niveau erreicht, das nicht jede &#8220;normale&#8221; Kapelle aufweisen kann. In der Pause war die Begeisterung der Zuh\u00f6rer noch deutlich zu sp\u00fcren. Einige waren der Meinung, dass die &#8220;Gro\u00dfen&#8221; sich anstrengen m\u00fcssen um im zweiten Teil den jungen Paroli zu bieten. Und sie taten es. Die Murgdudler waren Klasse, aber die Hauptkapelle hat noch eine Klasse draufgesattelt. Itaru Sakai hat mit 16 Jahren &#8220;The 7th night of July&#8221; komponiert. Mit diesem schwierig zu spielenden St\u00fcck begann der zweite Teil des Konzerts. Mit &#8220;Euphoria&#8221; hatte Peter Stephan danach Gelegenheit als Solist sein K\u00f6nnen mit dem Tenorhorn h\u00f6ren zu lassen. Er spielte \u00fcberzeugend und erntete von Wilfried Kornmeier per Handschlag mit strahlendem L\u00e4cheln Anerkennung. Etwas Verwirrung stiftete, ob gewollt oder ungewollt wird wohl nie gekl\u00e4rt, Rudi Jehnes bei den Musikern und dem Dirigenten als er den vierten Titel des Konzerts vor dem dritten ansagte. Auch dieses kleine Hindernis wurde gemeistert. Die Musiker zogen &#8220;Songs from the musical Cats&#8221; vor und spielten den dritten Programmpunkt &#8220;Joe Cocker live&#8221; einfach sp\u00e4ter. Das letzte St\u00fcck hatte mit &#8220;Largo XXXX&#8221; einen geheimnisvollen Titel. Es war eine Persiflage auf bekannte klassische Themen, die lustig verpackt und dementsprechend gespielt, bei den Musikern und auch beim Publikum ein Schmunzeln hervorriefen. Als Zugaben gab es noch &#8220;Arsenal&#8221; und Norbert Fritz mit seinem &#8220;Hummelflug&#8221; zu h\u00f6ren. Zuvor hat B\u00e4rbel Ruckenbrod mit einem kleinen Pr\u00e4sent Franz Stephan und Karl-Heinz Roth nach mehr als 50 Jahren aus der Kapelle verabschiedet. Anl\u00e4sslich eines Ehrungsabends am 28. Mai 2005 wird der Abschied der beiden Musiker offiziell vollzogen. Noch in diesem Jahr wird der Musikverein im Juli zu einer Hockete im Murggarten und Anfang Oktober zu einem Stad&#8217;l einladen<\/p>\n\n\n\n<p><a href=\"https:\/\/musikverein-forbach.de\/events\/2005\/050417konzert_pix.html\">Bilder<\/a><\/p>\n\n\n\n<h3>Fasent 2005<\/h3>\n\n\n\n<p>Februar 2005, Forbach<\/p>\n\n\n\n<p>Auch im diesen Jahr beteiligte sich der Forbacher Musikverein aktiv an der Forbacher Fasent. An den Sitzungen des KV Talhutzel war man nach einem Jahr Pause wieder mit dabei. Verkleidet als &#8220;Guggemusik&#8221; marschierte die Kapelle mit &#8220;Viva Colonia&#8221; durch den Saal auf die B\u00fchne. Dort blieb dann eine sechsk\u00f6pfige Musikgruppe (Franz-G\u00fcnter Deiner, Thomas Roth, Thomas Steinhart, Alois Fritz, Robert Ruckenbrod, Andreas Spissinger) zur\u00fcck, die den Auftritt &#8220;Nach der Musikprobe&#8221; lustig heiter musikalisch umrahmten. Hierbei erfuhr man wie beschwerlich der Nachhauseweg und das Zuhauseeintreffen eines Musikers nach der Musikprobe sein kann. Gespielt wurde das Ehepaar von Frank und Tanja Schillinger, Peter M\u00fcller als Monilein und B\u00e4rbel Ruckenbrod als Erz\u00e4hlerin der Geschichte. Die Geschichte ausgedacht haben sich Michael Roth und Frank Schillinger. Zum Abschluss spielte die Kapelle, unterst\u00fctzt durch den Gesang von Michael Steininger, ein Potpourri moderner Melodien.<\/p>\n\n\n\n<p>Am Schmotzigen Donnerstag begleitete der Musikverein als &#8220;Guggemusik&#8221; den entmachteten B\u00fcrgermeister samt Narrenbaum und Gefolge vom Rathaus in die Murghalle zum Narrenbaumstellen. Ebenso begleitete die Kapelle am Fasnacht Dienstag den Schlempenumzug musikalisch von der Schule in die Murghalle.<\/p>\n\n\n\n<p><a href=\"https:\/\/musikverein-forbach.de\/events\/2005\/050200fasent_pix.html\">Bilder<\/a><\/p>\n","protected":false},"excerpt":{"rendered":"<p>Weihnachten 2005 24.\/25. Dezember 2005, Forbach Am Heiligen Abend trafen sich zahlreiche Blechbl\u00e4ser vor der katholischen Kirche, um weihnachtliche St\u00fccke zur Einstimmung der Kirchenbesucher auf die n\u00e4chtliche Christmette zu spielen. Einen Tag sp\u00e4ter dann umrahmte die Kapelle unter der Leitung von Thomas Roth den Gottesdienst bei Pfarrer W\u00fcrz auf der B\u00fchlerh\u00f6he. Musical-Besuch &#8220;We will rock [&hellip;]<\/p>\n","protected":false},"author":1,"featured_media":0,"parent":0,"menu_order":0,"comment_status":"closed","ping_status":"closed","template":"","meta":{"ngg_post_thumbnail":0},"_links":{"self":[{"href":"https:\/\/www.musikverein-forbach.de\/wp\/index.php?rest_route=\/wp\/v2\/pages\/950"}],"collection":[{"href":"https:\/\/www.musikverein-forbach.de\/wp\/index.php?rest_route=\/wp\/v2\/pages"}],"about":[{"href":"https:\/\/www.musikverein-forbach.de\/wp\/index.php?rest_route=\/wp\/v2\/types\/page"}],"author":[{"embeddable":true,"href":"https:\/\/www.musikverein-forbach.de\/wp\/index.php?rest_route=\/wp\/v2\/users\/1"}],"replies":[{"embeddable":true,"href":"https:\/\/www.musikverein-forbach.de\/wp\/index.php?rest_route=%2Fwp%2Fv2%2Fcomments&post=950"}],"version-history":[{"count":2,"href":"https:\/\/www.musikverein-forbach.de\/wp\/index.php?rest_route=\/wp\/v2\/pages\/950\/revisions"}],"predecessor-version":[{"id":1019,"href":"https:\/\/www.musikverein-forbach.de\/wp\/index.php?rest_route=\/wp\/v2\/pages\/950\/revisions\/1019"}],"wp:attachment":[{"href":"https:\/\/www.musikverein-forbach.de\/wp\/index.php?rest_route=%2Fwp%2Fv2%2Fmedia&parent=950"}],"curies":[{"name":"wp","href":"https:\/\/api.w.org\/{rel}","templated":true}]}}