{"id":556,"date":"2018-01-11T08:45:55","date_gmt":"2018-01-11T07:45:55","guid":{"rendered":"http:\/\/www.musikverein-forbach.de\/wp\/?page_id=556"},"modified":"2024-02-15T17:48:22","modified_gmt":"2024-02-15T16:48:22","slug":"geschichte","status":"publish","type":"page","link":"https:\/\/www.musikverein-forbach.de\/wp\/?page_id=556","title":{"rendered":"Geschichte"},"content":{"rendered":"<h1>1843: Gr\u00fcndung der Musikkapelle<\/h1>\n<p>Im Jahr 1842\/43 gr\u00fcndeten 6 Musiker der \u00dcberlieferung nach die Musikkapelle Forbach. Unter dem Stab von Ludwig Werner, dem 1. Dirigenten, spielte die Kapelle bei kirchlichen und gemeindlichen Hochfesten und Feierlichkeiten. Zur Kapelle geh\u00f6rten: Engelbert Haas, Benedikt Maier, Ludwig Werner, Benedikt Wunsch, Josef Wunsch und Silvester Wunsch. Die Anschaffung der ersten Instrumente, &#8220;P\u00e4pern&#8221; genannt, war durch geringe L\u00f6hne und die ohnehin armselig Zeit schwierig. Aber wo ein Wille ist, ist ein Weg und wer Liebe hat zu einem Ideal der fragt nicht: &#8220;Was kostet&#8217;s&#8221;.<\/p>\n<h1>1923: Gr\u00fcndung des Musikvereins<\/h1>\n<p>Im Jahr 1923 war den Forbachern klar, dass ein Verein das Bestreben der Musiker unterst\u00fctzen muss. Am 23. September 1923 wurde Severin Werner als 1. Vorstand des Vereins gew\u00e4hlt.<\/p>\n<p><a href=\"http:\/\/www.musikverein-forbach.de\/wp\/wp-content\/uploads\/2018\/01\/verein1933.jpg\"><img loading=\"lazy\" class=\"aligncenter size-full wp-image-564\" src=\"http:\/\/www.musikverein-forbach.de\/wp\/wp-content\/uploads\/2018\/01\/verein1933.jpg\" alt=\"\" width=\"800\" height=\"573\" srcset=\"https:\/\/www.musikverein-forbach.de\/wp\/wp-content\/uploads\/2018\/01\/verein1933.jpg 800w, https:\/\/www.musikverein-forbach.de\/wp\/wp-content\/uploads\/2018\/01\/verein1933-300x215.jpg 300w, https:\/\/www.musikverein-forbach.de\/wp\/wp-content\/uploads\/2018\/01\/verein1933-768x550.jpg 768w\" sizes=\"(max-width: 800px) 100vw, 800px\" \/><\/a><\/p>\n<h1>1946: Wiedergr\u00fcndung des Musikvereins nach dem Krieg<\/h1>\n<p>W\u00e4hrend des 2. Weltkrieges war es sehr schwierig den Spielbetrieb aufrecht zu erhalten, so dass die Vereinsarbeit in dieser Zeit ruhte. Der Vorstand dieser Zeit, Emil Wunsch, hatte die Instrumente und die Noten auf seiner Dachkammer verwahrt und rettete so ein wertvolles Verm\u00f6gen vollkommen \u00fcber die Wirren der letzten Kriegswochen. Am 10.Juni 1946 wurde der Verein nach den Kriegsjahren wiedergegr\u00fcndet. Zum 1. Vorstand wurde Rupert Dieterle gew\u00e4hlt, welcher das Amt bis 1972 innehatte. Dirigent war der Alt-Musiker Ludwig Wunsch, der sich bewundernswert um die Ausbildung junger Musiker bem\u00fchte. Galt es doch die gro\u00dfen L\u00fccken durch gefallene und vermisste Musiker zu schlie\u00dfen.<\/p>\n<h1>1949 &#8211; 1968: Dirigent Leopold Falkenberg<\/h1>\n<p>Am 13. M\u00e4rz 1949 verpflichtet der Verein einen neuen musikalischen Leiter: Leopold Falkenberg aus Karlsruhe \u00fcbernahm den Taktstock und dirigierte die Kapelle bis 1968. Er hat zielstrebig an der Schulung aller Musiker gearbeitet und damit eine neue Bl\u00fctezeit der Forbacher Volksmusik erreicht. Nachdem durch den 2. Weltkrieg das 100-j\u00e4hrige Bestehen nicht gefeiert werden konnte, wurde das Fest 1953 zum 110-j\u00e4hrigen gro\u00df gefeiert. Die Kapelle hatte zu diesem Zeitpunkt 28 Aktiven und 11 Z\u00f6glinge.<\/p>\n<p><a href=\"http:\/\/www.musikverein-forbach.de\/wp\/wp-content\/uploads\/2018\/01\/verein1953.jpg\"><img loading=\"lazy\" class=\"aligncenter size-full wp-image-565\" src=\"http:\/\/www.musikverein-forbach.de\/wp\/wp-content\/uploads\/2018\/01\/verein1953.jpg\" alt=\"\" width=\"800\" height=\"469\" srcset=\"https:\/\/www.musikverein-forbach.de\/wp\/wp-content\/uploads\/2018\/01\/verein1953.jpg 800w, https:\/\/www.musikverein-forbach.de\/wp\/wp-content\/uploads\/2018\/01\/verein1953-300x176.jpg 300w, https:\/\/www.musikverein-forbach.de\/wp\/wp-content\/uploads\/2018\/01\/verein1953-768x450.jpg 768w\" sizes=\"(max-width: 800px) 100vw, 800px\" \/><\/a><\/p>\n<h1>1968: 125j\u00e4hriges Jubil\u00e4um<\/h1>\n<p>Noch gr\u00f6\u00dfer wurde das Fest zum 125j\u00e4hrigen Jubil\u00e4um 1968 gefeiert. Mit 5.200 Litern Bier, 5450 Weck, 500 Brezeln und 242 kg Bratw\u00fcrste, 174 kg Servela und 74 kg Schinken wurde jeglicher Forbacher Rekord in diesen Tagen gebrochen. 23 Musikapellen mit \u00fcber 800 aktiven Musikern umrahmten die 3 Festtage.<\/p>\n<p>In dieser Zeit war der Verein auf einigen Reisen. Mit Innsbruck, Meiringen\/Schweiz, Gaschurn\/Montafon, Berchtesgaden seien nur einige genannte.<\/p>\n<h1>1968 &#8211; 1976: Dirigent Artur Nagel<\/h1>\n<p>Von 1968 bis 1976 hatte die Kapelle mit Artur Nagel einen neuen Dirigenten.<\/p>\n<p><a href=\"http:\/\/www.musikverein-forbach.de\/wp\/wp-content\/uploads\/2018\/01\/verein1968.jpg\"><img loading=\"lazy\" class=\"aligncenter size-full wp-image-566\" src=\"http:\/\/www.musikverein-forbach.de\/wp\/wp-content\/uploads\/2018\/01\/verein1968.jpg\" alt=\"\" width=\"800\" height=\"508\" srcset=\"https:\/\/www.musikverein-forbach.de\/wp\/wp-content\/uploads\/2018\/01\/verein1968.jpg 800w, https:\/\/www.musikverein-forbach.de\/wp\/wp-content\/uploads\/2018\/01\/verein1968-300x191.jpg 300w, https:\/\/www.musikverein-forbach.de\/wp\/wp-content\/uploads\/2018\/01\/verein1968-768x488.jpg 768w\" sizes=\"(max-width: 800px) 100vw, 800px\" \/><\/a><\/p>\n<h1>1977 &#8211; 1982: Dirigent Josef Bach<\/h1>\n<p>Von 1977 bis 1982 leitete Josef Bach die Musikkapelle. 1981 fand die erste USA Reise statt. Erste Station war New York. Beim &#8220;Cannstatter Volksfest-Verein&#8221; und dem gleichnahmigen Fest hatte die Kapellen gro\u00dfartige Erfolge. Ausgewanderte Schwaben gr\u00fcndeten diesen Verein, um ihre Festtradition in den USA feiern zu k\u00f6nnen. Weitere Stationen auf der 14t\u00e4gigen Reisen waren die Niagara F\u00e4lle, Herkimer mit seinem Oktoberfest und Washington D.C.<\/p>\n<h1>1979 &#8211; 1989: Jugendkapelle unter der Leitung von Michael Weber<\/h1>\n<p>Im Sp\u00e4tjahr 1978 begann eine Werbeaktion, die bis Januar 1979 lief. Der Erfolg: 25 Jungen und zwei M\u00e4dchen meldeten sich f\u00fcr das Musizieren. Es war ein gro\u00dfer Gl\u00fccksfall, dass schon seit Oktober 1978 Michael Weber aus Daxlanden die Schulung der Z\u00f6glinge in der Hauptsache inne hatte. Trotz grosser finanzieller Probleme bei der Finanzierung der Instrumente und der Ausbildung, schaffte es der Musikverein alle Jugendlichen auszubilden und auszustatten. Unter dem Gespann Michael Weber und Raimund Dieterle (damaliger Jugendleiter) wuchs die Jugendkapelle weiter und pr\u00e4sentierte sich 1980 mit einer St\u00e4rke von 33 Musikerinnen und Musikern. Herausragende Erlebnisse waren das Wertungspielen anl\u00e4sslich des Bundesmusikfestes 1981 in Villingen-Schwenningen. In der Mittelstufe errrang die Forbacher Jugend den II. Rang. Viele Feste in Forbach und Umgebung wurden von der Jugendkapelle mitgestaltet. 1983 nahm die Jugendkapelle am 11. Internationalen Jugend-Festival in Harrogate\/England teil. Bei 24 teilnehmenden Kapellen waren die Forbacher die einzigen deutschen Vertreter. Viele Konzert standen auf dem 11t\u00e4gigen Reiseprogramm. Gekr\u00f6nt wurde die Reise durch zwei Tage in London. Im November 1983 fand das erste Herbstkonzert im St Josefshaus statt, welches sich zu einer festen Institution f\u00fcr die folgenden Jahre entwickelte. Im Januar 1984 startete der Verein erneut eine Werbeaktion unter Jugendlichen: 3 M\u00e4dchen und 15 Jungen meldeten sich. Bis zum November 1984 wuchs die Zahl auf 22 Z\u00f6glinge an. Im November 1986 wagte sich die Jugendkapelle zum 5. Landeswettbewerb f\u00fcr Bl\u00e4ser in Karlsruhe und errang dort den 1. Preis in der Wertungsgruppe &#8220;schwer&#8221;. Eine zweite Konzertreise nach Harrogate stand im April 1987 auf dem Programm. Abermals pr\u00e4sentierte sich die Jugendkapelle beim Jugendmusikfestival in England. Mit Lederhosen bekleidet (typisch badisch) und z\u00fcnftigen L\u00e4ndlern eroberten die Forbacher die Herzen der Teilnehmer. Selbst ein S\u00e4gbock und Holz wurden nach England gefahren um den richtigen Eindruck zu hinterlassen.<\/p>\n<p><a href=\"http:\/\/www.musikverein-forbach.de\/wp\/wp-content\/uploads\/2018\/01\/harrogate1987.jpg\"><img loading=\"lazy\" class=\"aligncenter size-full wp-image-561\" src=\"http:\/\/www.musikverein-forbach.de\/wp\/wp-content\/uploads\/2018\/01\/harrogate1987.jpg\" alt=\"\" width=\"800\" height=\"466\" srcset=\"https:\/\/www.musikverein-forbach.de\/wp\/wp-content\/uploads\/2018\/01\/harrogate1987.jpg 800w, https:\/\/www.musikverein-forbach.de\/wp\/wp-content\/uploads\/2018\/01\/harrogate1987-300x175.jpg 300w, https:\/\/www.musikverein-forbach.de\/wp\/wp-content\/uploads\/2018\/01\/harrogate1987-768x447.jpg 768w\" sizes=\"(max-width: 800px) 100vw, 800px\" \/><\/a><\/p>\n<p>Im Sp\u00e4tjahr 1987 formierte sich die Jugendkapelle neu. Die 1984 geworbenen Z\u00f6glinge wurden in die Kapelle integriert und Musiker an die Gesamtkapelle abgegeben. \u00dcber Michael Webers gute Kontakte erhielt die Jugendkapelle 1988 eine Einladung zu einem Internationalen Majoretten- und Musikgruppentreffen in Welingrad\/Bulgarien. Ungewohnt f\u00fcr die Musiker fanden alle Auftritte im Freien statt, da es in dieser Stadt keine Konzerthalle gab. Vielen wurde damals so richtig bewu\u00dft, was man unter Ostblock verstand. Armut und Reichtum lagen direkt nebeneinander.<\/p>\n<p><a href=\"http:\/\/www.musikverein-forbach.de\/wp\/wp-content\/uploads\/2018\/01\/bulgarien1988.jpg\"><img loading=\"lazy\" class=\"aligncenter size-full wp-image-560\" src=\"http:\/\/www.musikverein-forbach.de\/wp\/wp-content\/uploads\/2018\/01\/bulgarien1988.jpg\" alt=\"\" width=\"800\" height=\"476\" srcset=\"https:\/\/www.musikverein-forbach.de\/wp\/wp-content\/uploads\/2018\/01\/bulgarien1988.jpg 800w, https:\/\/www.musikverein-forbach.de\/wp\/wp-content\/uploads\/2018\/01\/bulgarien1988-300x179.jpg 300w, https:\/\/www.musikverein-forbach.de\/wp\/wp-content\/uploads\/2018\/01\/bulgarien1988-768x457.jpg 768w\" sizes=\"(max-width: 800px) 100vw, 800px\" \/><\/a><\/p>\n<p>1989 \u00fcbernahm Michael Weber eine neue Aufgabe in seiner Heimat.&nbsp;Der Verein dankte Michael Weber f\u00fcr seinen unerm\u00fcdlichen Einsatz und ernannte ihn zum Ehrenmitglied.<\/p>\n<h1>1982 &#8211; 1999: Dirigent Peter Fister<\/h1>\n<p>Im Jahr 1982 trat Peter Fister die Nachfolge von Josef Bach an. Mit neuem Schwung und professioneller Arbeit steigerte er das Niveau der Kapelle von Jahr zu Jahr. Stationen seines 17j\u00e4hrigen Wirkens waren:<\/p>\n<ul>\n<li>die 2. USA Reise 1989. Nach 1982 organisierte der Vereine einen zweiten Trip \u00fcber den gro\u00dfen Teich.<\/li>\n<li>Konzertreise nach Anemasse\/Frankreich (Partnerstadt zu Gaggenau)<\/li>\n<li>das 150j\u00e4hrige Jubil\u00e4um 1993<br>Am 13.06.93 fand im Kurhaus Forbach das Festkonzert anl\u00e4\u00dflich des Jubil\u00e4ums statt. H\u00f6hepunkte dieses Konzerts waren: Einzug der G\u00e4ste a. d. Wartburg aus der Oper &#8220;Tannh\u00e4user&#8221;, Vorspiel zur Oper H\u00e4nsel und Gretel, Third Symphony for Band, Rhapsody in Blue (Solist am Klavier Roland Fister), Capriccio for Saxophone Quartet and Band (Solisten: Deutsches Saxophoneensemble), Urauff\u00fchrung der &#8220;Rhapsodie f\u00fcr Blasorchester&#8221; von Peter Fister, Ouvert\u00fcre zu &#8220;Orpheus in der Unterwelt&#8221;.<\/li>\n<li>1. Preis beim Wertungsspielen des Mittelbadischen Blasmusikverbandes 1995<\/li>\n<li>Premiere von &#8220;Blechmusik popt&#8217;s&#8221; im April 1998<\/li>\n<li>Abschiedskonzertreihe Winterkonzert 1999, Kirchenkonzert 1999, &#8220;Blechmusik popt&#8217;s 2000&#8221;<\/li>\n<\/ul>\n<p>Nach diesen erfolgreichen Jahren \u00fcbergab Peter Fister beim Abschiedskonzert &#8220;Blechmusik popt&#8217;s 2000&#8221; den Taktstock an seinen Nachfolger Wilfried Kornmeier. Peter Fister wurde f\u00fcr seine hervorragende Arbeit zum Ehrendirigenten ernannt.<\/p>\n<p><a href=\"http:\/\/www.musikverein-forbach.de\/wp\/wp-content\/uploads\/2018\/01\/verein1987.jpg\"><img loading=\"lazy\" class=\"aligncenter size-full wp-image-567\" src=\"http:\/\/www.musikverein-forbach.de\/wp\/wp-content\/uploads\/2018\/01\/verein1987.jpg\" alt=\"\" width=\"693\" height=\"430\" srcset=\"https:\/\/www.musikverein-forbach.de\/wp\/wp-content\/uploads\/2018\/01\/verein1987.jpg 693w, https:\/\/www.musikverein-forbach.de\/wp\/wp-content\/uploads\/2018\/01\/verein1987-300x186.jpg 300w\" sizes=\"(max-width: 693px) 100vw, 693px\" \/><\/a><\/p>\n<h1>2000 &#8211; 2006: Dirigent Wilfried Kornmeier<\/h1>\n<p>Nach 17 Jahren mit Peter Fister und dessen bevorstehenden Abschieds hatten die Verantwortlichen des MV Forbach eine schwere Aufgabe. Es galt einen neuen musikalischen Leiter zu finden. Dies gelang uns mit unserem neuen Dirigenten Wilfried Kornmeier. Seit Mai 2000 bis Ende 2006 leitet er die Geschicke des Vereins. Seine Qualit\u00e4ten konnte er mit der Musik Soir\u00e9e am 31.03.01 unter Beweis stellen.<\/p>\n<p><a href=\"http:\/\/www.musikverein-forbach.de\/wp\/wp-content\/uploads\/2018\/01\/verein2005.jpg\"><img loading=\"lazy\" class=\"aligncenter size-full wp-image-568\" src=\"http:\/\/www.musikverein-forbach.de\/wp\/wp-content\/uploads\/2018\/01\/verein2005.jpg\" alt=\"\" width=\"800\" height=\"533\" srcset=\"https:\/\/www.musikverein-forbach.de\/wp\/wp-content\/uploads\/2018\/01\/verein2005.jpg 800w, https:\/\/www.musikverein-forbach.de\/wp\/wp-content\/uploads\/2018\/01\/verein2005-300x200.jpg 300w, https:\/\/www.musikverein-forbach.de\/wp\/wp-content\/uploads\/2018\/01\/verein2005-768x512.jpg 768w\" sizes=\"(max-width: 800px) 100vw, 800px\" \/><\/a><\/p>\n<h1>2002 &#8211; 2007: Jugenddirigent J\u00fcrgen Knam<\/h1>\n<p>Mit J\u00fcrgen Knam konnte 2002 ein Mensch f\u00fcr die Jugendarbeit gewonnen werden, der absolut vollen Einsatz, Ideenreichtum und einen guten Draht zur Jugend mitbrachte. Innerhalb k\u00fcrzester Zeit gab es die Blockfl\u00f6tengruppe, die Bl\u00e4serklasse, die Sch\u00fclerkapelle und die Jugendkapelle. Teilnahme an Wertungsspielen, zahlreiche Freizeitaktivit\u00e4ten sowie Reisen zu Jugendkapellentreffen standen auf dem Programm, ebenso j\u00e4hrliche Jugendvorspiele und Jugendkonzerte, die weit \u00fcber Forbach hinaus gro\u00dfe Beachtung fanden. Zahlreiche Kinder\/Jugendliche legten in diesen Jahren auch die Jungmusikerleistungsabzeichen in Bronze\/Silber\/Gold ab, die durch J\u00fcrgen Knam bestens auf die Pr\u00fcfungen vorbereitet wurden. Heute sind dies die Leistungstr\u00e4ger in der Gesamtkapelle. Gemeinsam mit der Jugendleiterin B\u00e4rbel Ruckenbrod brachte er die Jugendarbeit in Forbach wieder auf volle Fahrt und so waren innerhalb 2 Jahre \u00fcber 60 Kinder aktiv am Instrument in Ausbildung. In dieser Zeit wurden auch durch B\u00e4rbel Ruckenbrod und Thomas Roth die Ausbildungsrichtlinien im Verein erstellt, die als Grundlage in der kompletten Instrumentalausbildung gelten. Besonders zu erw\u00e4hnen in der J\u00fcrgen-Knam-\u00c4ra sind vor allem die Teilnahme am Internationalen Jugendkapellentreffen in Burladingen 2005, welches ein einzigartiges Erlebnis war sowie die letzte Teilname beim Wertungsspiel f\u00fcr Sinfonische Blasmusik 2007 in B\u00fchl, bei dem die Jugendkapelle ein erstklassiges Ergebnis erzielte und mit nur 0,5 Punkten R\u00fcckstand den 2. Platz erreichte.<\/p>\n<p><a href=\"http:\/\/www.musikverein-forbach.de\/wp\/wp-content\/uploads\/2018\/01\/jugendkapelle2005.jpg\"><img loading=\"lazy\" class=\"aligncenter size-full wp-image-562\" src=\"http:\/\/www.musikverein-forbach.de\/wp\/wp-content\/uploads\/2018\/01\/jugendkapelle2005.jpg\" alt=\"\" width=\"800\" height=\"354\" srcset=\"https:\/\/www.musikverein-forbach.de\/wp\/wp-content\/uploads\/2018\/01\/jugendkapelle2005.jpg 800w, https:\/\/www.musikverein-forbach.de\/wp\/wp-content\/uploads\/2018\/01\/jugendkapelle2005-300x133.jpg 300w, https:\/\/www.musikverein-forbach.de\/wp\/wp-content\/uploads\/2018\/01\/jugendkapelle2005-768x340.jpg 768w\" sizes=\"(max-width: 800px) 100vw, 800px\" \/><\/a><\/p>\n\n\n<h1>2007 &#8211; 2022 , Dirigent Alexander Weber<\/h1>\n\n\n\n<p>Seit Januar 2007 bis Juli 2022 leitet Alexander Weber die Kapelle als Dirigent.<\/p>\n\n\n\n<figure class=\"wp-block-image\"><img src=\"https:\/\/musikverein-forbach.de\/pix\/altebilder\/2014MusikvereinForbach.jpg\" alt=\"Musikverein Forbach 13. April 2014\"\/><\/figure>\n\n\n\n<h1>Seit 2022 , Dirigent Sascha Eisenhut<\/h1>\n\n\n\n<p>Seit Oktober 2022 leitet Sascha Eisenhut die Kapelle als Dirigent.<\/p>\n\n\n\n<figure class=\"wp-block-image size-large\"><a href=\"https:\/\/www.musikverein-forbach.de\/wp\/wp-content\/uploads\/2024\/02\/Dirigent-Sascha-Eisenhut.jpg\"><img loading=\"lazy\" width=\"1024\" height=\"573\" src=\"https:\/\/www.musikverein-forbach.de\/wp\/wp-content\/uploads\/2024\/02\/Dirigent-Sascha-Eisenhut-1024x573.jpg\" alt=\"\" class=\"wp-image-1304\" srcset=\"https:\/\/www.musikverein-forbach.de\/wp\/wp-content\/uploads\/2024\/02\/Dirigent-Sascha-Eisenhut-1024x573.jpg 1024w, https:\/\/www.musikverein-forbach.de\/wp\/wp-content\/uploads\/2024\/02\/Dirigent-Sascha-Eisenhut-300x168.jpg 300w, https:\/\/www.musikverein-forbach.de\/wp\/wp-content\/uploads\/2024\/02\/Dirigent-Sascha-Eisenhut-768x430.jpg 768w, https:\/\/www.musikverein-forbach.de\/wp\/wp-content\/uploads\/2024\/02\/Dirigent-Sascha-Eisenhut-1536x859.jpg 1536w, https:\/\/www.musikverein-forbach.de\/wp\/wp-content\/uploads\/2024\/02\/Dirigent-Sascha-Eisenhut.jpg 1600w\" sizes=\"(max-width: 1024px) 100vw, 1024px\" \/><\/a><\/figure>\n\n\n\n<p>.<\/p>\n","protected":false},"excerpt":{"rendered":"<p>1843: Gr\u00fcndung der Musikkapelle Im Jahr 1842\/43 gr\u00fcndeten 6 Musiker der \u00dcberlieferung nach die Musikkapelle Forbach. Unter dem Stab von Ludwig Werner, dem 1. Dirigenten, spielte die Kapelle bei kirchlichen und gemeindlichen Hochfesten und Feierlichkeiten. Zur Kapelle geh\u00f6rten: Engelbert Haas, Benedikt Maier, Ludwig Werner, Benedikt Wunsch, Josef Wunsch und Silvester Wunsch. Die Anschaffung der ersten [&hellip;]<\/p>\n","protected":false},"author":1,"featured_media":0,"parent":0,"menu_order":0,"comment_status":"closed","ping_status":"closed","template":"","meta":{"ngg_post_thumbnail":0},"_links":{"self":[{"href":"https:\/\/www.musikverein-forbach.de\/wp\/index.php?rest_route=\/wp\/v2\/pages\/556"}],"collection":[{"href":"https:\/\/www.musikverein-forbach.de\/wp\/index.php?rest_route=\/wp\/v2\/pages"}],"about":[{"href":"https:\/\/www.musikverein-forbach.de\/wp\/index.php?rest_route=\/wp\/v2\/types\/page"}],"author":[{"embeddable":true,"href":"https:\/\/www.musikverein-forbach.de\/wp\/index.php?rest_route=\/wp\/v2\/users\/1"}],"replies":[{"embeddable":true,"href":"https:\/\/www.musikverein-forbach.de\/wp\/index.php?rest_route=%2Fwp%2Fv2%2Fcomments&post=556"}],"version-history":[{"count":7,"href":"https:\/\/www.musikverein-forbach.de\/wp\/index.php?rest_route=\/wp\/v2\/pages\/556\/revisions"}],"predecessor-version":[{"id":1305,"href":"https:\/\/www.musikverein-forbach.de\/wp\/index.php?rest_route=\/wp\/v2\/pages\/556\/revisions\/1305"}],"wp:attachment":[{"href":"https:\/\/www.musikverein-forbach.de\/wp\/index.php?rest_route=%2Fwp%2Fv2%2Fmedia&parent=556"}],"curies":[{"name":"wp","href":"https:\/\/api.w.org\/{rel}","templated":true}]}}