{"id":369,"date":"2016-02-28T19:58:00","date_gmt":"2016-02-28T18:58:00","guid":{"rendered":"http:\/\/www.musikverein-forbach.de\/wp\/?page_id=369"},"modified":"2023-12-11T10:38:16","modified_gmt":"2023-12-11T09:38:16","slug":"ueber-uns","status":"publish","type":"page","link":"https:\/\/www.musikverein-forbach.de\/wp\/?page_id=369","title":{"rendered":"Impressum"},"content":{"rendered":"<h1>Kontakt<\/h1>\n<p>Musikverein Forbach e.V.<br \/>\nManuela Kr\u00e4mer (Schriftf\u00fchrerin)<br \/>\nLindenstra\u00dfe 17<br \/>\n76596 Forbach<\/p>\n<p>info@musikverein-forbach.de<br \/>\n<a href=\"http:\/\/www.musikverein-forbach.de\/index.html\">http:\/\/www.musikverein-forbach.de\/<\/a><\/p>\n<h1>Vetretungsberechtigte Vorst\u00e4nde:<\/h1>\n<p>Marlene Krech<br \/>\nFranz Kalmbacher<br \/>\nMichael Roth<\/p>\n<h1>Rechtliches<\/h1>\n<p>Vereinsregister:&nbsp;Amtsgericht Gernsbach\/Mannheim Nr. 195<br \/>\nUmsatzsteuer-ID:&nbsp;39074\/08351<\/p>\n","protected":false},"excerpt":{"rendered":"<p>Kontakt Musikverein Forbach e.V. Manuela Kr\u00e4mer (Schriftf\u00fchrerin) Lindenstra\u00dfe 17 76596 Forbach info@musikverein-forbach.de http:\/\/www.musikverein-forbach.de\/ Vetretungsberechtigte Vorst\u00e4nde: Marlene Krech Franz Kalmbacher Michael Roth Rechtliches Vereinsregister:&nbsp;Amtsgericht Gernsbach\/Mannheim Nr. 195 Umsatzsteuer-ID:&nbsp;39074\/08351<\/p>\n","protected":false},"author":1,"featured_media":0,"parent":0,"menu_order":900,"comment_status":"closed","ping_status":"closed","template":"","meta":{"ngg_post_thumbnail":0},"_links":{"self":[{"href":"https:\/\/www.musikverein-forbach.de\/wp\/index.php?rest_route=\/wp\/v2\/pages\/369"}],"collection":[{"href":"https:\/\/www.musikverein-forbach.de\/wp\/index.php?rest_route=\/wp\/v2\/pages"}],"about":[{"href":"https:\/\/www.musikverein-forbach.de\/wp\/index.php?rest_route=\/wp\/v2\/types\/page"}],"author":[{"embeddable":true,"href":"https:\/\/www.musikverein-forbach.de\/wp\/index.php?rest_route=\/wp\/v2\/users\/1"}],"replies":[{"embeddable":true,"href":"https:\/\/www.musikverein-forbach.de\/wp\/index.php?rest_route=%2Fwp%2Fv2%2Fcomments&post=369"}],"version-history":[{"count":24,"href":"https:\/\/www.musikverein-forbach.de\/wp\/index.php?rest_route=\/wp\/v2\/pages\/369\/revisions"}],"predecessor-version":[{"id":1298,"href":"https:\/\/www.musikverein-forbach.de\/wp\/index.php?rest_route=\/wp\/v2\/pages\/369\/revisions\/1298"}],"wp:attachment":[{"href":"https:\/\/www.musikverein-forbach.de\/wp\/index.php?rest_route=%2Fwp%2Fv2%2Fmedia&parent=369"}],"curies":[{"name":"wp","href":"https:\/\/api.w.org\/{rel}","templated":true}]}}