{"id":1482,"date":"2025-08-04T11:29:24","date_gmt":"2025-08-04T09:29:24","guid":{"rendered":"https:\/\/www.musikverein-forbach.de\/wp\/?page_id=1482"},"modified":"2025-08-04T11:46:25","modified_gmt":"2025-08-04T09:46:25","slug":"chronik-2025","status":"publish","type":"page","link":"https:\/\/www.musikverein-forbach.de\/wp\/?page_id=1482","title":{"rendered":"Chronik 2025"},"content":{"rendered":"\n<hr class=\"wp-block-separator is-style-wide\"\/>\n\n\n\n<h2><strong>13. Juli 2025 \/\/ Blasmusikhock im Murggarten<\/strong><\/h2>\n\n\n\n<p>Los ging es um 11:30 Uhr mit der Musikkapelle Hilpertsau und Obertsrot. Um 14:30 Uhr hatten dann unsere Fl\u00f6ties und die Bl\u00e4serklasse ihren gro\u00dfen Auftritt. Kaffee und Kuchen vers\u00fc\u00dften das Programm. Ab 16:00 Uhr durften wir dann unsere Nachbarn aus Gausbach bei uns begr\u00fc\u00dfen und um 18.00 Uhr \u00fcbernahm dann die Musikkapelle aus Geroldsau die Unterhaltung zum Festausklang.<\/p>\n\n\n\n<figure class=\"wp-block-image size-large is-resized\"><a href=\"https:\/\/www.musikverein-forbach.de\/wp\/wp-content\/uploads\/2025\/08\/Blasmusikhocket-2025.jpg\"><img loading=\"lazy\" src=\"https:\/\/www.musikverein-forbach.de\/wp\/wp-content\/uploads\/2025\/08\/Blasmusikhocket-2025-724x1024.jpg\" alt=\"\" class=\"wp-image-1490\" width=\"362\" height=\"512\" srcset=\"https:\/\/www.musikverein-forbach.de\/wp\/wp-content\/uploads\/2025\/08\/Blasmusikhocket-2025-724x1024.jpg 724w, https:\/\/www.musikverein-forbach.de\/wp\/wp-content\/uploads\/2025\/08\/Blasmusikhocket-2025-212x300.jpg 212w, https:\/\/www.musikverein-forbach.de\/wp\/wp-content\/uploads\/2025\/08\/Blasmusikhocket-2025-768x1087.jpg 768w, https:\/\/www.musikverein-forbach.de\/wp\/wp-content\/uploads\/2025\/08\/Blasmusikhocket-2025-1085x1536.jpg 1085w, https:\/\/www.musikverein-forbach.de\/wp\/wp-content\/uploads\/2025\/08\/Blasmusikhocket-2025.jpg 1272w\" sizes=\"(max-width: 362px) 100vw, 362px\" \/><\/a><\/figure>\n\n\n\n<hr class=\"wp-block-separator is-style-wide\"\/>\n\n\n\n<h2><strong>Auftritte im Juni<\/strong><\/h2>\n\n\n\n<p>Am Sonntag, 15. Juni hatte die Spielgemeinschaft Forbach-Bermersbach gleich zwei Auftritte. Am Morgen wurde die Prozession und der Gottesdienst zu Patrozinium in Bermersbach mit umrahmt. Am sp\u00e4ten Nachmittag stand das traditionelle Sch\u00fctzenfest in Forbach auf dem Programm. Unter Leitung von Dirigent Sascha Eisenhut spielten wir 3 Stunden f\u00fcr die Besucher und wir freuten uns mit den neuen Sch\u00fctzenk\u00f6niginnen und K\u00f6nigen aller Sportarten. Herzlichen Dank f\u00fcr die Getr\u00e4nkebons.<\/p>\n\n\n\n<p>Am Sonntag, 29. Juni folgen das Patrozinium in Forbach, bei dem wir ebenfalls die Prozession begleitet haben. Auch hier herzlichen Dank f\u00fcr die Getr\u00e4nke und Einladung im Anschluss.<\/p>\n\n\n\n<hr class=\"wp-block-separator is-style-wide\"\/>\n\n\n\n<h2><strong>17. Mai 2025 \/\/ Altmetall- und Altpapiersammlung<\/strong><\/h2>\n\n\n\n<p>Am Samstag, 17. Mai, hie\u00df es wieder &#8220;\u00c4rmel hoch krempeln&#8221; zur Fr\u00fchjahrsaktion &#8220;Altmetall- und Altpapiersammlung&#8221;.<br>Der Erl\u00f6s daraus ist ein wichtiger Beitrag, um unsere laufenden Vereinskosten f\u00fcr Jugendausbildung, Instrumentenbeschaffung und -pflege sowie Noten und Geh\u00e4lter zu finanzieren.<br>Ein herzliches Dankesch\u00f6n geht daher an all unsere &#8220;Sammler&#8221; und &#8220;Spender&#8221; und ein besonderer Dank gilt den Firmen Reichert Servicecenter f\u00fcr den Bagger sowie Maler-Wunsch Weisenbach und Rainer Fritz f\u00fcr die Transporter. Sie z\u00e4hlen nun schon \u00fcber Jahre hinweg zu unseren Unterst\u00fctzern &#8211; Vergelts Gott.<br>Ein weiterer Dank geht an Fa. Joos und Container Schumacher f\u00fcr die gute Zusammenarbeit bei der ordnungsgem\u00e4\u00dfen Entsorgung.<\/p>\n\n\n\n<p>Nach der Sammlung ist ja aber bekanntlich immer vor der Sammlung &#8211; den genauen Termin im Oktober geben wir rechtzeitig bekannt.<\/p>\n\n\n\n<figure class=\"wp-block-image size-large\"><a href=\"https:\/\/www.musikverein-forbach.de\/wp\/wp-content\/uploads\/2025\/08\/IMG-20250518-WA0000.jpg\"><img loading=\"lazy\" width=\"1024\" height=\"768\" src=\"https:\/\/www.musikverein-forbach.de\/wp\/wp-content\/uploads\/2025\/08\/IMG-20250518-WA0000-1024x768.jpg\" alt=\"\" class=\"wp-image-1486\" srcset=\"https:\/\/www.musikverein-forbach.de\/wp\/wp-content\/uploads\/2025\/08\/IMG-20250518-WA0000-1024x768.jpg 1024w, https:\/\/www.musikverein-forbach.de\/wp\/wp-content\/uploads\/2025\/08\/IMG-20250518-WA0000-300x225.jpg 300w, https:\/\/www.musikverein-forbach.de\/wp\/wp-content\/uploads\/2025\/08\/IMG-20250518-WA0000-768x576.jpg 768w, https:\/\/www.musikverein-forbach.de\/wp\/wp-content\/uploads\/2025\/08\/IMG-20250518-WA0000-1536x1152.jpg 1536w, https:\/\/www.musikverein-forbach.de\/wp\/wp-content\/uploads\/2025\/08\/IMG-20250518-WA0000.jpg 1600w\" sizes=\"(max-width: 1024px) 100vw, 1024px\" \/><\/a><\/figure>\n\n\n\n<hr class=\"wp-block-separator is-style-wide\"\/>\n\n\n\n<h2><strong>01. Mai 2025 \/\/ Maiwecken<\/strong><\/h2>\n\n\n\n<p>Traditionell fand am 1. Mai das Maiwecken statt &#8211; eine kleine Abordnung des Musikvereins Forbach traf sich um 7:00 Uhr, um an verschiedenen Brunnen im Ort die Bev\u00f6lkerung zu wecken. Vielen Dank an die Spenderinnen und Spender f\u00fcr die Versorgung, besonders an Bertel und Marita Merkel. Auch an diesem Tag hatten die Aktiven doppelten Einsatz. Am Nachmittag spielte die Kapelle der Spielgemeinschaft beim Mai-Hock auf dem Schulhof in Bermersbach, den die Mitglieder und Unterst\u00fctzer des MV Bermersbach auf die Beine gestellt hatten.<\/p>\n\n\n\n<figure class=\"wp-block-image size-large\"><a href=\"https:\/\/www.musikverein-forbach.de\/wp\/wp-content\/uploads\/2025\/08\/IMG-20250501-WA0000.jpg\"><img loading=\"lazy\" width=\"1024\" height=\"658\" src=\"https:\/\/www.musikverein-forbach.de\/wp\/wp-content\/uploads\/2025\/08\/IMG-20250501-WA0000-1024x658.jpg\" alt=\"\" class=\"wp-image-1485\" srcset=\"https:\/\/www.musikverein-forbach.de\/wp\/wp-content\/uploads\/2025\/08\/IMG-20250501-WA0000-1024x658.jpg 1024w, https:\/\/www.musikverein-forbach.de\/wp\/wp-content\/uploads\/2025\/08\/IMG-20250501-WA0000-300x193.jpg 300w, https:\/\/www.musikverein-forbach.de\/wp\/wp-content\/uploads\/2025\/08\/IMG-20250501-WA0000-768x494.jpg 768w, https:\/\/www.musikverein-forbach.de\/wp\/wp-content\/uploads\/2025\/08\/IMG-20250501-WA0000-1536x987.jpg 1536w, https:\/\/www.musikverein-forbach.de\/wp\/wp-content\/uploads\/2025\/08\/IMG-20250501-WA0000.jpg 1800w\" sizes=\"(max-width: 1024px) 100vw, 1024px\" \/><\/a><\/figure>\n\n\n\n<hr class=\"wp-block-separator is-style-wide\"\/>\n\n\n\n<h2><strong>27. April 2025 \/\/ Umrahmung 1. Heilige Kommunion &amp; Auftritt Feuerwehrfest Baiersbronn<\/strong><\/h2>\n\n\n\n<p>Gleich zwei Termine galt es am 27. April wahrzunehmen &#8211; zuerst umrahmten wir die erste heilige Kommunion in Gausbach und am Nachmittag waren wir zum Feuerwehrfest nach Baiersbronn eingeladen. Dort spielten wir zwei Stunden zur Unterhaltung und unterst\u00fctzten damit das badisch-schw\u00e4bische Verst\u00e4ndnis!<\/p>\n\n\n\n<hr class=\"wp-block-separator is-style-wide\"\/>\n\n\n\n<h2><strong>20. April 2025 \/\/ &#8220;Osterhasensuchen&#8221; in Bermersbach<\/strong><\/h2>\n\n\n\n<p>Bereits am 20. April startete unsere Auftrittssaison mit dem &#8220;Osterhasensuchen&#8221; beim Kleintierzuchtverein Bermersbach. Wir trotzten dem Wetter und unterhielten die G\u00e4ste an den Giersteinen mit einigen M\u00e4rschen.<\/p>\n\n\n\n<figure class=\"wp-block-image size-large\"><a href=\"https:\/\/www.musikverein-forbach.de\/wp\/wp-content\/uploads\/2025\/08\/IMG-20250420-WA0006.jpg\"><img loading=\"lazy\" width=\"1024\" height=\"461\" src=\"https:\/\/www.musikverein-forbach.de\/wp\/wp-content\/uploads\/2025\/08\/IMG-20250420-WA0006-1024x461.jpg\" alt=\"\" class=\"wp-image-1487\" srcset=\"https:\/\/www.musikverein-forbach.de\/wp\/wp-content\/uploads\/2025\/08\/IMG-20250420-WA0006-1024x461.jpg 1024w, https:\/\/www.musikverein-forbach.de\/wp\/wp-content\/uploads\/2025\/08\/IMG-20250420-WA0006-300x135.jpg 300w, https:\/\/www.musikverein-forbach.de\/wp\/wp-content\/uploads\/2025\/08\/IMG-20250420-WA0006-768x346.jpg 768w, https:\/\/www.musikverein-forbach.de\/wp\/wp-content\/uploads\/2025\/08\/IMG-20250420-WA0006-1536x692.jpg 1536w, https:\/\/www.musikverein-forbach.de\/wp\/wp-content\/uploads\/2025\/08\/IMG-20250420-WA0006.jpg 1800w\" sizes=\"(max-width: 1024px) 100vw, 1024px\" \/><\/a><\/figure>\n\n\n\n<hr class=\"wp-block-separator is-style-wide\"\/>\n\n\n\n<h2><strong>FASENT 2025<\/strong><\/h2>\n\n\n\n<p>Zum ersten Mal in neuer Formation nahmen wir in diesem Jahr als Spielgemeinschaft an der Herrensitzung sowie den Prunksitzungen des Karnevalvereins Forbach teil. Mit einem bunten und selbst gestalteten Stimmungsmedley machten unsere m\u00e4nnlichen Musiker bei der Herrensitzung den Abschluss bzw. l\u00e4uteten die m\u00e4nnlichen und weiblichen Aktiven den zweiten Teil der Prunksitzungen ein.<\/p>\n\n\n\n<figure class=\"wp-block-image size-large\"><a href=\"https:\/\/www.musikverein-forbach.de\/wp\/wp-content\/uploads\/2025\/08\/IMG-20250222-WA0015.jpg\"><img loading=\"lazy\" width=\"1024\" height=\"768\" src=\"https:\/\/www.musikverein-forbach.de\/wp\/wp-content\/uploads\/2025\/08\/IMG-20250222-WA0015-1024x768.jpg\" alt=\"\" class=\"wp-image-1489\" srcset=\"https:\/\/www.musikverein-forbach.de\/wp\/wp-content\/uploads\/2025\/08\/IMG-20250222-WA0015-1024x768.jpg 1024w, https:\/\/www.musikverein-forbach.de\/wp\/wp-content\/uploads\/2025\/08\/IMG-20250222-WA0015-300x225.jpg 300w, https:\/\/www.musikverein-forbach.de\/wp\/wp-content\/uploads\/2025\/08\/IMG-20250222-WA0015-768x576.jpg 768w, https:\/\/www.musikverein-forbach.de\/wp\/wp-content\/uploads\/2025\/08\/IMG-20250222-WA0015-1536x1152.jpg 1536w, https:\/\/www.musikverein-forbach.de\/wp\/wp-content\/uploads\/2025\/08\/IMG-20250222-WA0015.jpg 1600w\" sizes=\"(max-width: 1024px) 100vw, 1024px\" \/><\/a><\/figure>\n\n\n\n<p>Am Fasentfreitag begleiteten wir dann noch gemeinsam das Narrenbaumstellen in Bermersbach musikalisch &#8211; am Fasentdienstag waren wir arbeits- und urlaubsbedingt leider zu wenig Musikerinnen und Musiker, um beim Schlempenumzug in Forbach mitzumachen.<\/p>\n\n\n\n<figure class=\"wp-block-image size-large\"><a href=\"https:\/\/www.musikverein-forbach.de\/wp\/wp-content\/uploads\/2025\/08\/2025_Narrenbaumstellen-BB.jpg\"><img loading=\"lazy\" width=\"424\" height=\"191\" src=\"https:\/\/www.musikverein-forbach.de\/wp\/wp-content\/uploads\/2025\/08\/2025_Narrenbaumstellen-BB.jpg\" alt=\"\" class=\"wp-image-1488\" srcset=\"https:\/\/www.musikverein-forbach.de\/wp\/wp-content\/uploads\/2025\/08\/2025_Narrenbaumstellen-BB.jpg 424w, https:\/\/www.musikverein-forbach.de\/wp\/wp-content\/uploads\/2025\/08\/2025_Narrenbaumstellen-BB-300x135.jpg 300w\" sizes=\"(max-width: 424px) 100vw, 424px\" \/><\/a><\/figure>\n","protected":false},"excerpt":{"rendered":"<p>13. Juli 2025 \/\/ Blasmusikhock im Murggarten Los ging es um 11:30 Uhr mit der Musikkapelle Hilpertsau und Obertsrot. Um 14:30 Uhr hatten dann unsere Fl\u00f6ties und die Bl\u00e4serklasse ihren gro\u00dfen Auftritt. Kaffee und Kuchen vers\u00fc\u00dften das Programm. Ab 16:00 Uhr durften wir dann unsere Nachbarn aus Gausbach bei uns begr\u00fc\u00dfen und um 18.00 Uhr [&hellip;]<\/p>\n","protected":false},"author":1,"featured_media":0,"parent":0,"menu_order":0,"comment_status":"closed","ping_status":"closed","template":"","meta":{"ngg_post_thumbnail":0},"_links":{"self":[{"href":"https:\/\/www.musikverein-forbach.de\/wp\/index.php?rest_route=\/wp\/v2\/pages\/1482"}],"collection":[{"href":"https:\/\/www.musikverein-forbach.de\/wp\/index.php?rest_route=\/wp\/v2\/pages"}],"about":[{"href":"https:\/\/www.musikverein-forbach.de\/wp\/index.php?rest_route=\/wp\/v2\/types\/page"}],"author":[{"embeddable":true,"href":"https:\/\/www.musikverein-forbach.de\/wp\/index.php?rest_route=\/wp\/v2\/users\/1"}],"replies":[{"embeddable":true,"href":"https:\/\/www.musikverein-forbach.de\/wp\/index.php?rest_route=%2Fwp%2Fv2%2Fcomments&post=1482"}],"version-history":[{"count":6,"href":"https:\/\/www.musikverein-forbach.de\/wp\/index.php?rest_route=\/wp\/v2\/pages\/1482\/revisions"}],"predecessor-version":[{"id":1503,"href":"https:\/\/www.musikverein-forbach.de\/wp\/index.php?rest_route=\/wp\/v2\/pages\/1482\/revisions\/1503"}],"wp:attachment":[{"href":"https:\/\/www.musikverein-forbach.de\/wp\/index.php?rest_route=%2Fwp%2Fv2%2Fmedia&parent=1482"}],"curies":[{"name":"wp","href":"https:\/\/api.w.org\/{rel}","templated":true}]}}