{"id":1097,"date":"2022-05-30T21:08:58","date_gmt":"2022-05-30T19:08:58","guid":{"rendered":"https:\/\/www.musikverein-forbach.de\/wp\/?page_id=1097"},"modified":"2022-05-30T21:08:59","modified_gmt":"2022-05-30T19:08:59","slug":"chronik-2021","status":"publish","type":"page","link":"https:\/\/www.musikverein-forbach.de\/wp\/?page_id=1097","title":{"rendered":"Chronik 2021"},"content":{"rendered":"\n<h2 id=\"block-97771f7b-e61e-403a-a659-ca500444ed7e\"><strong>Spendenergebnis &#8211; Konzert &#8220;Sound of Silence&#8221;<\/strong><\/h2>\n\n\n\n<p id=\"block-ba95ecf0-cb65-4e89-b020-7f905623873d\">Unser Konzert &#8220;Sound of Silence&#8221; ist nun zwar schon ein paar Wochen her, aber wir sind noch immer ganz \u00fcberw\u00e4ltigt von der Spendenbereitschaft unserer Konzertbesucherinnen und -besucher sowie einiger Aktiven im Nachgang.<\/p>\n\n\n\n<p id=\"block-64b7c2bd-cc25-4abb-9009-f5e74bd29ab7\">2.500 Euro konnten wir zielgerichtet&nbsp;an die Aktion&nbsp;&#8220;Musik hilft Musik&#8221;, eine Initiative des Landesmusikrates Rheinland-Pfalz, f\u00fcr die dortigen Flutopfer \u00fcberweisen. Insgesamt kamen hier bereits \u00fcber 140.000 EUR an Spenden zusammen, die an Musik- und Gesangvereine, K\u00fcnstler, Musikschulen usw. auf Antrag ausgesch\u00fcttet werden k\u00f6nnen. Symbolisch \u00fcberreichten die Spende in digitaler Form Manuela Steinhart und Marlene&nbsp;Krech. Herzlichen Dank f\u00fcr Ihren Besuch unseres Konzertes und die Spenden-Unterst\u00fctzung.<\/p>\n\n\n\n<figure class=\"wp-block-image\" id=\"block-e7ec6a92-e57f-418d-bd19-b68ebfb01eb5\"><img src=\"http:\/\/www.musikverein-forbach.de\/wp\/wp-content\/uploads\/2021\/12\/spende-musik-1024x666.jpg\" alt=\"Dieses Bild hat ein leeres Alt-Attribut. Der Dateiname ist spende-musik-1024x666.jpg\"\/><\/figure>\n\n\n\n<hr class=\"wp-block-separator\"\/>\n\n\n\n<h2 id=\"block-7755a5c7-086e-4fc9-899e-97ef1bee22a4\"><strong>&#8220;The Sound of Silence&#8221; verursacht G\u00e4nsehaut<\/strong><\/h2>\n\n\n\n<p id=\"block-a7bf07c0-0e63-4404-ae10-37e2ce8df227\">&#8220;The Sound of Silence&#8221; &#8211; mit diesem widerspr\u00fcchlichen Konzertmotto fand am 20. November in der katholischen Kirche Forbach unser Kirchenkonzert statt. Ziemlich genau ein Jahr zuvor fiel es noch dem Lockdown zum Opfer, aber in diesem Jahr erwischten wir gl\u00fccklicherweise noch ein Wochenende, an dem es zwar mit Einschr\u00e4nkungen verbunden, aber immerhin m\u00f6glich war.<br>Pfarrer Thomas Holler er\u00f6ffnete den Konzertabend mit passenden Worten und sprach den Anwesenden vorab den Dank des Vereines aus. Das Konzert sollte ansonsten in Stille stattfinden, damit die Musik ihre Wirkung voll entfalten konnte &#8211; was sie auch tat.<br>Zeitgen\u00f6ssische St\u00fccke, die den choralen Klang der Kirche besonders betonten, aber auch bekannte Melodien wie &#8220;Feather Theme&#8221; &#8211; aus dem Film &#8220;Forrest Gump&#8221;, &#8220;Over the Rainbow&#8221; oder &#8220;Into The West&#8221; waren vom Dirigenten Alexander Weber optimal f\u00fcr die Kirche ausgesucht worden.<br>Das Schlussst\u00fcck und zeitgleich Namensgeber des Konzertes &#8220;Sound of Silence&#8221; von Simon &amp; Garfunkel rundete den Abend zu einem sch\u00f6nen Konzerterlebnis mit G\u00e4nsehautfeeling sowohl f\u00fcr die Zuh\u00f6rerinnen und Zuh\u00f6rer als auch die Aktiven in der gut gef\u00fcllten Kirche ab. Als Zugabe w\u00fcnschten wir unseren G\u00e4sten mit &#8220;Lullaby&#8221; einen guten Abend und eine gute Nacht, bevor wir leise aus der Kirche verschwanden.<br>Wir bedanken uns von Herzen bei allen, die f\u00fcr den von uns ausgesuchten Zweck &#8220;Musik hilft Musik&#8221;, einer&nbsp;Sammelaktion f\u00fcr musiktreibende Flutopfer entlang der Ahr und der dortigen Region, etwas &#8220;ins K\u00f6rble warfen&#8221;. Das Spendenergebnis werden wir in K\u00fcrze ver\u00f6ffentlichen. Wenn Sie bis dahin auch noch etwas beisteuern m\u00f6chten, lassen Sie es uns wissen.<\/p>\n\n\n\n<hr class=\"wp-block-separator\"\/>\n\n\n\n<h2 id=\"block-957abf84-7e38-494f-818a-baab0be72947\">Kirchenkonzert &#8211; 20.11.2021 19.30 Uhr kath. Kirche Forbach<\/h2>\n\n\n\n<p id=\"block-371fc9cd-702f-4c28-8d39-6a4cf0310719\"><strong>Wichtige Hinweise:<\/strong><\/p>\n\n\n\n<p id=\"block-8569a7a7-8b10-49ce-8988-464fe68b6582\">Leider sind wir durch den Eintritt in die Alarmstufe dazu gezwungen, den Zutritt nur angemeldeten Personen zu erm\u00f6glichen, die eines der 2G (Geimpft oder Genesen) erf\u00fcllen. Ausnahmen hinsichtlich der Immunisierung bestehen generell f\u00fcr Kinder und Jugendliche bis zur Vollendung des 18. Lebensjahres, Schwangere, Stillende sowie Personen, die sich aus medizinischen Gr\u00fcnden nicht impfen lassen k\u00f6nnen; f\u00fcr diese ist ein negativer Antigen-Schnelltest ausreichend, eine Anmeldung aber ebenfalls erforderlich. Auch wenn Maskenpflicht herrscht, w\u00e4ren wir den Geimpften und Genesenen dankbar, wenn sie sich ebenso zu Hause testen w\u00fcrden. Au\u00dferdem m\u00fcssen wir aufgrund der momentanen Situation die Pl\u00e4tze auf 164 G\u00e4ste begrenzen und bitten Sie daher um eine fr\u00fchzeitige Anmeldung.<\/p>\n\n\n\n<p id=\"block-cb0ed590-a8bf-4213-9de6-3e2b32b3e1be\">Registrierung m\u00f6glich bis&nbsp;<strong>Samstag, 20.11.2021, 10:00 Uhr<\/strong>.<\/p>\n\n\n\n<p id=\"block-7ffd65ab-2067-48f3-8dc0-2fe74e6a93e1\">Der Musikverein Forbach freut sich sehr darauf, Sie, trotz oder vielleicht auch gerade wegen der aktuellen Situation, am Samstag, 20. November 2021, um 19:30 Uhr zum Benefizkonzert &#8220;Sound of&nbsp;Silence&nbsp;&#8211; der Klang der Stille&#8221; in die katholische Kirche in Forbach einzuladen. Vergessen Sie f\u00fcr eine Stunde alle Sorgen und schwelgen Sie in Gedanken, w\u00e4hrend Sie dem gewaltigen Klang der Instrumente im Forbacher Dom, gepaart mit der kurz danach eintretenden Stille, lauschen.<\/p>\n\n\n\n<figure class=\"wp-block-image\" id=\"block-a818f66e-768f-4645-be4c-f5fdb5b410c4\"><img src=\"http:\/\/www.musikverein-forbach.de\/wp\/wp-content\/uploads\/2021\/11\/Plakat-Homepage-Karte-Querformat-1024x726.png\" alt=\"Dieses Bild hat ein leeres Alt-Attribut. Der Dateiname ist Plakat-Homepage-Karte-Querformat-1024x726.png\"\/><\/figure>\n\n\n\n<p id=\"block-f335d1bd-a859-4cdd-8d9b-0a65638af22e\">Der Eintritt ist frei, <strong>Spenden werden zugunsten der Spendenaktion \u201eMusik hilft Musik \u2013 Fluthilfe Rheinland-Pfalz\u201c<\/strong> gesammelt. Diese Spenden-Sammelaktion lenkt den Fokus auf betroffene Musikschulen, Musikvereinigungen und -initiativen, Akteure der freien Szene sowie Spielst\u00e4tten. Denn sobald die essentiellen Lebensgrundlagen wiederhergestellt sind, ist es genauso wichtig, auch die musikkulturelle Infrastruktur wiederherzustellen und damit M\u00f6glichkeiten des Zusammenmusizierens und Zusammenlebens zu erm\u00f6glichen.<\/p>\n\n\n\n<hr class=\"wp-block-separator\" id=\"block-e84927c9-60c6-420e-b218-4d7c95fe5dcd\"\/>\n\n\n\n<h2 id=\"block-a328e96f-947e-4ea6-adf8-92acf7919445\"><strong>Altmetallsammlung 10. November 2021<\/strong><\/h2>\n\n\n\n<p id=\"block-6fc6ac80-dacd-4305-9ca0-7f6070bcee52\">Am 10. November fand unsere zweite Altmetallsammlung in diesem Jahr statt &#8211; Wahnsinn, was Sie alles wieder f\u00fcr uns bereitstellten. Herzlichen Dank sagen wir daher all unseren Metallspendern und den Firmen Reichert Servicecenter f\u00fcr den Bagger, den&nbsp;Malerbetrieben&nbsp;Bj\u00f6rn&nbsp;Dieterle&nbsp;und&nbsp;Malergesch\u00e4ft&nbsp;Wunsch f\u00fcr die Fahrzeuge und Wolfgang Fritz f\u00fcr die \u00dcberlassung des Grundst\u00fcckes.&nbsp;<br>Gerne d\u00fcrfen Sie auch weiterhin f\u00fcr uns sammeln &#8211; im Fr\u00fchjahr 2022 planen wir die n\u00e4chste Stra\u00dfensammlung.<\/p>\n\n\n\n<hr class=\"wp-block-separator\"\/>\n\n\n\n<h2 id=\"block-d92c9237-79ef-4848-a375-8751307c1b89\"><strong>Bernhardush\u00fctte Oktober 2021<\/strong><\/h2>\n\n\n\n<p id=\"block-a2d977bf-5e6a-441e-945b-b1f5e3543315\">Nach drei Jahren ohne Gemeinschafts\u00fcbernachtung war es im Oktober endlich wieder so weit: Die Aktiven des Musikvereins verbrachten ein Wochenende auf der Bernhardush\u00fctte. Nach der Anreise freitags genossen alle das leckere Chili von Chefkoch Stefan, bevor dann eifrig \u00fcber den Fragen des von Steffi und Michael vorbereiteten gro\u00dfen Preises gebr\u00fctet wurde, bei dem sich die beiden mit gef\u00fchlt hundert Kategorien so richtig austobten.&nbsp;<\/p>\n\n\n\n<p id=\"block-dbaef09f-0686-4aca-a5ad-2450111c2191\">Ger\u00fcchten zufolge sa\u00dfen einige noch bis in die fr\u00fchen Morgenstunden zusammen, besprachen das Dorfgeschehen, die musikalischen H\u00f6hepunkte der letzten und kommenden Jahre sowie das ein oder andere&nbsp;gemeinsame Erlebnis.<\/p>\n\n\n\n<p id=\"block-6f9c193c-6a5c-4f7c-8946-cb7ee1f52d80\">Nach einer kurzen Ruhepause und leckerem Wei\u00dfwurstfr\u00fchst\u00fcck war Ruhe vor dem Sturm angesagt, denn 22 Kinder, die mit dem Bus nach Herrenwies fuhren und zur H\u00fctte wanderten, waren im Anmarsch. Kurz fingen die \u00c4lteren ein paar Sonnenstrahlen am Herrenwieser See ein,&nbsp;bevor dr\u00fcben vom Seebachhof schon die ersten Kinderstimmen zu h\u00f6ren waren. Von unseren&nbsp;Jungwaffelb\u00e4ckerinnen&nbsp;Annika, Anna-Lena und&nbsp;Jule&nbsp;wurden die leckersten Waffeln gezaubert und gemeinsam mit Kaffee und Kuchen verspeist. Wilde&nbsp;Spielerunden, gute Gespr\u00e4che am Lagerfeuer und leckere Spaghetti f\u00fcr die Kleinen und Schweinebraten f\u00fcr die Gro\u00dfen rundeten den Abend ab. M\u00fcde, aber gl\u00fccklich und vollgepackt mit tollen Eindr\u00fccken, wurden die Kids nach Hause gebracht und die Gro\u00dfen starteten ihren zweiten Abend mit Spiel, Spa\u00df und Spannung (und wenig Schlaf).&nbsp;<\/p>\n\n\n\n<p id=\"block-f920e04e-8ea3-404f-914f-fa5c0a00c034\">Ein besonderer Dank geht an das Organisationsteam Frank, Jan und Stefan, die Kinderbegleitpersonen Christa und Manuela sowie den Fahrdienst&nbsp;Armin&nbsp;und Thorsten.&nbsp;<\/p>\n\n\n\n<p id=\"block-f060c821-2d79-441d-bd2b-8120fe8b49b1\">Und nat\u00fcrlich an die Verantwortlichen des H\u00fcttenumbaus: Sch\u00f6n&nbsp;isch&nbsp;se&nbsp;gworde!<\/p>\n\n\n\n<figure class=\"wp-block-image\" id=\"block-56ddd33f-ec53-473e-a4b1-8e127c390b41\"><img src=\"https:\/\/regio-portal.duerrschnabel.com\/vds\/cms_e-abo.nsf\/api\/articleimages\/20211028215439-869.jpg?scaledimage=true&amp;width=800\" alt=\"Dieses Bild hat ein leeres Alt-Attribut. Der Dateiname ist 20211028215439-869.jpg\"\/><\/figure>\n\n\n\n<figure class=\"wp-block-image\" id=\"block-0b9920ba-4a54-4934-8880-bff6d9d27b92\"><img src=\"https:\/\/regio-portal.duerrschnabel.com\/vds\/cms_e-abo.nsf\/api\/articleimages\/20211029131024-9588.jpg?scaledimage=true&amp;width=800\" alt=\"Dieses Bild hat ein leeres Alt-Attribut. Der Dateiname ist 20211029131024-9588.jpg\"\/><\/figure>\n\n\n\n<hr class=\"wp-block-separator\"\/>\n\n\n\n<h2 id=\"block-40ac4a04-2609-41d7-b872-501786f0b78f\"><strong>Blasmusikhocket mit 3B im Murggarten &#8211; des hemma vermisst<\/strong><\/h2>\n\n\n\n<p id=\"block-162fdcdf-cf31-4d5b-a47f-40e68acdec99\">Die komplette Woche vor dem gro\u00dfen Tag der geplanten&nbsp;3B-Hocket&nbsp;wurden die Wetterberichte&nbsp;rauf&nbsp;und&nbsp;runtergelesen, min\u00fctlich aktualisiert, um dann gegen Ende der Woche zu beschlie\u00dfen: Wir wagen es. Die Anspannung beim Aufbauteam war den ganzen Samstag \u00fcber dann auch entsprechend gro\u00df &#8211; kann schon alles aufgebaut werden, kommt der angek\u00fcndigte Schauer noch oder h\u00e4lt das Wetter doch durch. Gro\u00df waren die Augen als eine Stunde vor Veranstaltungsbeginn der Regen auf die Bierzeltgarnituren prasselte, aber die Zuversicht lohnte sich. Mit wetterbedingt leichter Verz\u00f6gerung machten gegen 17:15 Uhr die&nbsp;Fl\u00f6ties&nbsp;des Musikvereins&nbsp;unter der Leitung von Christa&nbsp;Haas-Krech&nbsp;den Anfang und begeisterten Eltern, Gro\u00dfeltern, Geschwister und weitere Zuh\u00f6rerinnen und Zuh\u00f6rer mit ihren einstudierten Liedern. Die Blockfl\u00f6tengruppe, bestehend aus den Mittwochs- und den&nbsp;Donnerstagsfl\u00f6ties, begann kurz vor dem Lockdown im Winter 2020 ihre Fl\u00f6tenausbildung beim Musikverein, hatte&nbsp;dann eine schrecklich lange Pause, bis sie sich kurz vor den Sommerferien endlich wieder zum \u00dcben treffen konnte. Der gro\u00dfe Applaus war die Belohnung f\u00fcr die &#8220;\u00dcberstunden&#8221;, die die Kids in den Sommerferien geleistet hatten.&nbsp;<\/p>\n\n\n\n<p id=\"block-093daa1c-8d2c-4c62-9c85-4da86f2e360d\">Den Mittelteil \u00fcbernahmen die Bl\u00e4serkids unter der Leitung von Marlene&nbsp;Krech, die ebenfalls ihren ersten Auftritt hatten. Mit dem gemeinsamen Musizieren begannen sie im M\u00e4rz 2020 und wurden durch Corona sofort wieder gestoppt. Aber der Lust an der Musik tat dies keinen Abbruch und so \u00fcberzeugten auch sie das Publikum davon, dass die Pandemie zwar bremst, aber die Kids des Musikvereins noch lange nicht ausgebremst hat. W\u00e4hrend und nach des Auftritts der Bl\u00e4serkids waren auch einige mutige Solisten am Werk: Anna und&nbsp;Mia&nbsp;mit einem Duett von Klarinette und Querfl\u00f6te, Tobias und Moritz mit einem&nbsp;Tenorhornduett&nbsp;und die&nbsp;Silberlinge&nbsp;Emma (Querfl\u00f6tensolo) und&nbsp;Paulin&nbsp;(Klarinettenduett mit ihrem Lehrer&nbsp;Gerold&nbsp;Stefan).&nbsp;<\/p>\n\n\n\n<p id=\"block-644e8b83-3248-4a11-9490-759d04db007d\">Nach einer kurzen Umbaupause nahm zum Abschluss die Gesamtkapelle unter der Leitung von Alexander Weber im Murggarten Platz,&nbsp;abstandsbedingt&nbsp;nicht in der Muschel, sondern direkt vor den G\u00e4sten. Mit &#8220;B\u00f6hmischer Traum&#8221; erl\u00f6sten sie die Zuh\u00f6rerinnen und Zuh\u00f6rer von der Sehnsucht nach Blasmusik und nahmen sie mit auf eine kleine Reise durch die Melodien, die viele Menschen aufgrund der Pandemie vermisst hatten, angefangen von &#8220;Beethoven&nbsp;Fifth&#8221;, das letztes Jahr eigentlich zu Ehren von Beethovens 250. Geburtstag einstudiert wurde, \u00fcber einen Ausflug in die 80er, mit &#8220;Hallelujah&#8221; in die Kirche, zum&nbsp;Pandemiehit&nbsp;&#8220;The&nbsp;Wellerman&#8221; sowie dem &#8220;Narrhalla-Marsch&#8221; und &#8220;Hulapalu&#8221; zu Ehren der ausgefallenen Fasent bis hin zu &#8220;Ein halbes Jahrhundert&#8221;, f\u00fcr alle, die einen runden Geburtstag oder ein Jubil\u00e4um nicht so feiern konnten wie erhofft.&nbsp;<\/p>\n\n\n\n<figure class=\"wp-block-image\" id=\"block-1c809b4a-dd44-403d-bcac-812601991c0d\"><img src=\"http:\/\/www.musikverein-forbach.de\/wp\/wp-content\/uploads\/2021\/09\/WhatsApp-Image-2021-09-12-at-11.43.19-1024x768.jpeg\" alt=\"Dieses Bild hat ein leeres Alt-Attribut. Der Dateiname ist WhatsApp-Image-2021-09-12-at-11.43.19-1024x768.jpeg\"\/><\/figure>\n\n\n\n<figure class=\"wp-block-image\" id=\"block-f3f297ba-9042-4dcd-9de7-958071675e94\"><img src=\"http:\/\/www.musikverein-forbach.de\/wp\/wp-content\/uploads\/2021\/09\/DSC_0045-2-1024x683.jpg\" alt=\"\"\/><figcaption>\ufeff<\/figcaption><\/figure>\n\n\n\n<p id=\"block-53e5aea2-b890-4352-bf36-f881d6214c74\">Noch im Dunkeln war im Murggarten &#8220;Bierzeltmusik&#8221; zu h\u00f6ren, die einfach gefehlt hatte in den letzten eineinhalb Jahren, ganz zu schweigen vom Fassbier und der Festbratwurst.&nbsp;<\/p>\n\n\n\n<p id=\"block-98a3c2d0-e33c-473e-aea1-c782a83f9417\">Von Herzen m\u00f6chte der Musikverein sich bei allen G\u00e4sten, bei den Menschen hinter der Theke sowie bei den Musikerinnen und Musikern, aber auch bei der Gemeinde f\u00fcr die M\u00f6glichkeit, die&nbsp;3B-Hocket&nbsp;durchzuf\u00fchren, bedanken. Auch wenn alles ein wenig anders war &#8211; in einem waren sich an dem Abend alle einig: &#8220;Des&nbsp;hemma&nbsp;vermisst&#8221;.<\/p>\n\n\n\n<hr class=\"wp-block-separator\"\/>\n\n\n\n<h2 id=\"block-1873a090-89a6-4988-9d82-ca95f8e13955\"><strong>#BlasmusikHocket 11.09.2021<\/strong><\/h2>\n\n\n\n<p id=\"block-c0301fb8-f31d-4821-ab09-66f5c5d245f3\">Wir freuen uns nach \u00fcber 2 Jahren eine Hocket unter Corona Bedingungen ausrichten zu k\u00f6nnen.<\/p>\n\n\n\n<p id=\"block-7d2c06e1-c930-4a1f-bd97-d81902207100\">Hierzu bitten wir die G\u00e4ste folgendes zu beachten:<\/p>\n\n\n\n<p id=\"block-ef3b8986-778d-4686-b28f-5ce7e9acf19d\">Grunds\u00e4tzlich k\u00f6nnen an der Veranstaltung nur Personen teilnehmen die geimpft, genesen oder negativ getestet sind &#8211; Tests k\u00f6nnen von uns vor Zutritt zum Festgel\u00e4nde durchgef\u00fchrt werden. Der Zutritt wird elektronisch oder per Liste erfasst. Auf dem Gel\u00e4nde gilt die Maskenpflicht. An den Tischen d\u00fcrfen die Masken abgenommen werden.<\/p>\n\n\n\n<figure class=\"wp-block-image\" id=\"block-850004b3-07a3-4fa0-9e59-1fc43470ed6e\"><img src=\"http:\/\/www.musikverein-forbach.de\/wp\/wp-content\/uploads\/2021\/09\/IMG-20210905-WA0009-819x1024.jpg\" alt=\"Dieses Bild hat ein leeres Alt-Attribut. Der Dateiname ist IMG-20210905-WA0009-819x1024.jpg\"\/><\/figure>\n\n\n\n<hr class=\"wp-block-separator\"\/>\n\n\n\n<h2 id=\"block-f277b3b2-9a54-40ec-80b5-23618aba00fb\"><strong>Altmetallsammlung 24. Juli 2021<\/strong><\/h2>\n\n\n\n<p id=\"block-c0b2d2b2-1fb9-40cb-90c6-cf44fe148a54\">Am 24. Juli konnten wir nun endlich unsere j\u00e4hrliche Altmetallsammlung durchf\u00fchren. Herzlichen Dank sagen wir allen Metallspendern und den Firmen Reichert Servicecenter f\u00fcr den Bagger, den&nbsp;Malerbetrieben&nbsp;Bj\u00f6rn&nbsp;Dieterle&nbsp;und&nbsp;Malergesch\u00e4ft&nbsp;Wunsch f\u00fcr die Fahrzeuge und Wolfgang Fritz f\u00fcr die \u00dcberlassung des Grundst\u00fcckes.&nbsp;<\/p>\n\n\n\n<p id=\"block-9bd355d0-6746-4399-9003-f657bbfaaec5\">Gerne d\u00fcrfen Sie weiterhin f\u00fcr uns sammeln &#8211; im Sp\u00e4tjahr ist wieder eine Stra\u00dfensammlung eingeplant.<\/p>\n\n\n\n<figure class=\"wp-block-image\" id=\"block-cfd05201-eaa7-4bff-aa80-d1c9dd2b1ef4\"><img src=\"https:\/\/regio-portal.duerrschnabel.com\/vds\/cms_e-abo.nsf\/api\/articleimages\/20210803173817-2985.jpg?scaledimage=true&amp;width=800\" alt=\"Dieses Bild hat ein leeres Alt-Attribut. Der Dateiname ist 20210803173817-2985.jpg\"\/><\/figure>\n\n\n\n<hr class=\"wp-block-separator\"\/>\n\n\n\n<h2 id=\"block-6bb3e263-6505-4423-9c20-4653203ca795\"><strong>Umrahmung Heilige Erstkommunion 2021<\/strong><\/h2>\n\n\n\n<p id=\"block-c976175f-376b-495f-9395-f259a8ee9f9d\">Mit der Umrahmung der Heiligen Erstkommunion in Forbach fand nun am 11.07.&nbsp;nach langer Zeit auch wieder der erste \u00f6ffentliche Auftritt statt. Die Kapelle unter der Leitung von Alexander Weber begleitete die Kommunionkinder vom Josefshaus \u00fcber die Kirchentreppen musikalisch zum Gottesdienst und empfing sie im Anschluss auch wieder mit M\u00e4rschen auf dem Kirchenvorplatz.<\/p>\n\n\n\n<hr class=\"wp-block-separator\"\/>\n\n\n\n<h2 id=\"block-501e8081-1b4d-47c0-af12-f6b16b6a6655\"><strong>Trauerfeier Eugen Dieterle<\/strong><\/h2>\n\n\n\n<p id=\"block-e8cb5d48-93d7-4663-9b4f-2532ffee26c4\">Am 03.07. ist unser Ehrenmitglied Eugen&nbsp;Dieterle&nbsp;von uns gegangen. Mit gro\u00dfer Dankbarkeit und Anerkennung wird er uns stets in guter Erinnerung bleiben &#8211; bis bald, auf Wiedersehen, Eugen.<\/p>\n\n\n\n<figure class=\"wp-block-image\" id=\"block-8ffa7697-f25c-4200-b5f2-7a6b3e25852b\"><img src=\"https:\/\/www.musikverein-forbach.de\/pix\/musiker\/eugen.jpg\" alt=\"Dieses Bild hat ein leeres Alt-Attribut. Der Dateiname ist eugen.jpg\"\/><\/figure>\n\n\n\n<hr class=\"wp-block-separator\"\/>\n\n\n\n<h2 id=\"block-1f80cd06-0c83-4ad0-8e70-d6d1c5ede685\"><strong>Der Musikverein Forbach ist wieder zur\u00fcck!<\/strong><\/h2>\n\n\n\n<p id=\"block-1135b444-0f71-4e35-8acd-3da67c3af5fc\">Zur Einstimmung auf die erste Probe hatte sich das Vorstandsteam etwas Besonderes einfallen lassen: jeder Aktive erhielt ein &#8220;Vorbereitungskit&#8221; f\u00fcr Probe und Stammtisch, welches Bier und Sekt, bzw. Cola und Fanta,&nbsp;Salzst\u00e4ngle, Gummib\u00e4rchen, Nervenkekse und ein&nbsp;Vesperei&nbsp;enthielt. Dirigent Alexander Weber arrangierte auch extra ein neues St\u00fcck, welches zur Vorbereitung ebenfalls beigef\u00fcgt war.<\/p>\n\n\n\n<p id=\"block-e07c3817-1e5e-41db-aef4-9656d3250478\">In den vergangenen beiden Wochen konnten wir nun nach vielen Monaten musikalischer Abstinenz endlich unseren Probebetrieb wieder aufnehmen. Auch unsere Jugend darf nun wieder pers\u00f6nlich unterrichtet werden, nachdem dies monatelang nur digital m\u00f6glich war. Sowohl die Bl\u00e4serklasse als auch die Gesamtkapellen freuten sich sehr \u00fcber die R\u00fcckkehr in die Murghalle.<br><br><img loading=\"lazy\" width=\"1200\" height=\"1600\" src=\"https:\/\/regio-portal.duerrschnabel.com\/vds\/cms_e-abo.nsf\/api\/articleimages\/20210628133512-3190.jpg?scaledimage=true&amp;width=800\"><\/p>\n\n\n\n<hr class=\"wp-block-separator\"\/>\n\n\n\n<h2 id=\"block-ca7cf228-ded2-4d86-a8f0-7f929f333a11\"><strong>85. Geburtstag Ehrenvorstand G\u00fcnter Fritz<\/strong><\/h2>\n\n\n\n<p id=\"block-75f8c8f9-0b98-4b12-9a17-6aff0d6ffdab\">Zum 85. Geburtstag unseres Ehrenvorstandes G\u00fcnter Fritz gratulierte am 21.05.2021 Franz&nbsp;Kalmbacher&nbsp;pers\u00f6nlich. Ein St\u00e4ndchen w\u00e4re auch bei unserem G\u00fcnter obligatorisch gewesen, war aber nicht machbar. Daher \u00fcberbrachten die Aktiven die Geburtstagsgr\u00fc\u00dfe in digitaler Form, wor\u00fcber sich G\u00fcnter auch sehr freute.&nbsp;<\/p>\n\n\n\n<figure class=\"wp-block-image\" id=\"block-39227bc9-de8b-4b4a-ab63-73fb069ff512\"><img src=\"https:\/\/regio-portal.duerrschnabel.com\/vds\/cms_e-abo.nsf\/api\/articleimages\/20210528092600-7183.jpg?scaledimage=true&amp;width=800\" alt=\"Dieses Bild hat ein leeres Alt-Attribut. Der Dateiname ist 20210528092600-7183.jpg\"\/><\/figure>\n\n\n\n<hr class=\"wp-block-separator\"\/>\n\n\n\n<h1 id=\"block-6918f5b4-0abb-4a27-b75e-19d5878514c8\">Ostern 2021<\/h1>\n\n\n\n<figure class=\"wp-block-image\" id=\"block-29231c49-874c-433e-ab9b-ee41053a43ff\"><img src=\"http:\/\/www.musikverein-forbach.de\/wp\/wp-content\/uploads\/2021\/04\/NEU-Homepage-MV-Ostern-2021.png\" alt=\"Dieses Bild hat ein leeres Alt-Attribut. Der Dateiname ist NEU-Homepage-MV-Ostern-2021.png\"\/><\/figure>\n\n\n\n<p id=\"block-97c8665d-6bfe-4aeb-b789-c291e3e904f9\">Dass ein Musikverein nicht nur bedeutet, ein Instrument zu spielen oder ein Konzert zu besuchen, sondern auch Zusammenhalt \u00fcber Generationen hinweg, bewiesen die J\u00fcngsten des Vereins zu Ostern. Flei\u00dfig bastelten sie putzige Osterhasen und brachten diese bei den \u00e4ltesten Mitgliedern des Vereins vorbei, um so eine kleine Osterfreude zu bereiten.<\/p>\n\n\n\n<p id=\"block-69a5751d-f33f-48f9-90a7-ed363eeb9ed4\">An dieser Stelle zitieren wir gerne einen auch jetzt noch passenden Satz aus unserem Osterbrief: &#8220;Halten Sie durch, passen Sie auf sich auf, freuen Sie sich an den kleinen Dingen des Lebens und h\u00f6ren Sie nie auf zu lachen, denn bereits Christian Morgenstern stellte fest: &#8220;Lachen und L\u00e4cheln sind Tor und Pforte, durch die viel Gutes in den Menschen&nbsp;hineinhuschen&nbsp;kann.&#8221;<img loading=\"lazy\" width=\"1600\" height=\"1200\" src=\"https:\/\/regio-portal.duerrschnabel.com\/vds\/cms_e-abo.nsf\/api\/articleimages\/20210426151853-4445.jpg?scaledimage=true&amp;width=800\"><\/p>\n\n\n\n<hr class=\"wp-block-separator\"\/>\n\n\n\n<h1 id=\"block-b236ddeb-62c5-4b30-b269-759f343c8b90\">#TheMaskedSinger &#8211; Fasentauftritt bei der Online Sitzung des Karnevalverein Forbach #MusikAufDistanz<\/h1>\n\n\n\n<p id=\"block-66e1ad8d-d0ec-42ef-83bb-5713ebc93b01\">Auch wenn nun schon seit fast einem Jahr alles ein wenig anders ist &#8211; f\u00fcr die Musikerinnen und Musiker des Musikvereins Forbach war ein Event an der Fasent dennoch gesetzt: die&nbsp;Talhutzelsitzung.&nbsp;&nbsp;Als die Anfrage Ende letzten Jahres&nbsp;eintrudelte,&nbsp;z\u00f6gerten die&nbsp;Veranwortlichen&nbsp;nicht lange und stellten, ganz zeitgem\u00e4\u00df und kurz vor dem Start der neuen Original-Staffel, einen &#8220;Musikverein&nbsp;Forbach-&nbsp;The&nbsp;Masked&nbsp;Singer&#8221;-Aufritt&nbsp;auf die B\u00fchne &#8211; nat\u00fcrlich coronakonform.&nbsp;Marisa&nbsp;Hubedubel&nbsp;f\u00fchrte von ihrem Sofa aus durchs Programm, drei S\u00e4ngerinnen und S\u00e4nger stellten sich mit einem Gesangsvideo der&nbsp;Ratelust&nbsp;des Publikums und die Musikerinnen und Musiker filmten sich zu Hause beim Spielen der Hintergrundmusik zu &#8220;Cordula&nbsp;Gr\u00fcn&#8221;, &#8220;An Tagen wie Fasent&#8221; und &#8220;Hulapalu&#8221;. Dann wurde noch zu jedem Kandidaten, der erraten werden musste, ein Tipp aufgenommen und fertig war das Grundger\u00fcst. Nun war es an Alexander Weber all dies zusammenzuf\u00fcgen und ein sch\u00f6nes Gesamtwerk daraus zu basteln &#8211; was auch vollkommen gelang. Wer nicht dabei sein konnte, sich nichts drunter vorstellen kann, nun neugierig geworden ist oder es einfach nochmal sehen m\u00f6chte, findet das Video auf unserer Website unter www.popts.de.<\/p>\n\n\n\n<p id=\"block-b9720e8c-d5b0-44d9-81da-2d8180fec888\">Wir bedanken uns bei unserem Dirigenten Alexander Weber, allen teilnehmenden Musikerinnen und Musikern, allen voran der Bl\u00e4serklasse, den drei S\u00e4ngern Adrian Bohnert, Thorsten&nbsp;Kottler&nbsp;und Michael&nbsp;Steininger&nbsp;und nat\u00fcrlich bei allen flei\u00dfigen Teilnehmerinnen und Teilnehmern, die versuchten, zu erraten, wer sich unter den Masken versteckt.&nbsp;<\/p>\n\n\n\n<p id=\"block-40dde16c-282e-4e28-9297-6d1e61bd0926\">Die&nbsp;Fasent\u00fcberraschungsbox&nbsp;gewann \u00fcbrigens nach Ziehung der Gl\u00fcckselfen Anita Steinhart.<\/p>\n\n\n\n<p id=\"block-fc389005-84c6-4487-a4ee-19aa5deba286\">Au\u00dferdem geht noch ein herzliches Dankesch\u00f6n an die&nbsp;Talhutzelfreunde, die mit einer klasse Onlinesitzung das Format f\u00fcr diesen Auftritt lieferten.<\/p>\n\n\n\n<p id=\"block-10878d3e-93cf-4317-9f66-d1f5e0c2ba4e\">Auftritt MV Forbach ab ca. Minute 45<\/p>\n","protected":false},"excerpt":{"rendered":"<p>Spendenergebnis &#8211; Konzert &#8220;Sound of Silence&#8221; Unser Konzert &#8220;Sound of Silence&#8221; ist nun zwar schon ein paar Wochen her, aber wir sind noch immer ganz \u00fcberw\u00e4ltigt von der Spendenbereitschaft unserer Konzertbesucherinnen und -besucher sowie einiger Aktiven im Nachgang. 2.500 Euro konnten wir zielgerichtet&nbsp;an die Aktion&nbsp;&#8220;Musik hilft Musik&#8221;, eine Initiative des Landesmusikrates Rheinland-Pfalz, f\u00fcr die dortigen [&hellip;]<\/p>\n","protected":false},"author":2,"featured_media":0,"parent":0,"menu_order":0,"comment_status":"closed","ping_status":"closed","template":"","meta":{"ngg_post_thumbnail":0},"_links":{"self":[{"href":"https:\/\/www.musikverein-forbach.de\/wp\/index.php?rest_route=\/wp\/v2\/pages\/1097"}],"collection":[{"href":"https:\/\/www.musikverein-forbach.de\/wp\/index.php?rest_route=\/wp\/v2\/pages"}],"about":[{"href":"https:\/\/www.musikverein-forbach.de\/wp\/index.php?rest_route=\/wp\/v2\/types\/page"}],"author":[{"embeddable":true,"href":"https:\/\/www.musikverein-forbach.de\/wp\/index.php?rest_route=\/wp\/v2\/users\/2"}],"replies":[{"embeddable":true,"href":"https:\/\/www.musikverein-forbach.de\/wp\/index.php?rest_route=%2Fwp%2Fv2%2Fcomments&post=1097"}],"version-history":[{"count":1,"href":"https:\/\/www.musikverein-forbach.de\/wp\/index.php?rest_route=\/wp\/v2\/pages\/1097\/revisions"}],"predecessor-version":[{"id":1098,"href":"https:\/\/www.musikverein-forbach.de\/wp\/index.php?rest_route=\/wp\/v2\/pages\/1097\/revisions\/1098"}],"wp:attachment":[{"href":"https:\/\/www.musikverein-forbach.de\/wp\/index.php?rest_route=%2Fwp%2Fv2%2Fmedia&parent=1097"}],"curies":[{"name":"wp","href":"https:\/\/api.w.org\/{rel}","templated":true}]}}