{"id":1091,"date":"2022-05-30T21:06:27","date_gmt":"2022-05-30T19:06:27","guid":{"rendered":"https:\/\/www.musikverein-forbach.de\/wp\/?page_id=1091"},"modified":"2022-05-30T21:06:27","modified_gmt":"2022-05-30T19:06:27","slug":"chronik-2020","status":"publish","type":"page","link":"https:\/\/www.musikverein-forbach.de\/wp\/?page_id=1091","title":{"rendered":"Chronik 2020"},"content":{"rendered":"\n<h2 id=\"block-e3b87bda-218c-446c-a96b-7f52cace3f02\">Altmetallsammlung 17.10.2020<\/h2>\n\n\n\n<p id=\"block-6b042c8d-197e-4622-ab16-28b46e2e9abb\">Am Samstag, 17. Oktober fand die zweite Altmetallsammlung des Musikvereins &#8220;unter anderen Umst\u00e4nden&#8221; statt. Mehrere Stunden sammelten wir bei zum Gl\u00fcck trockener Witterung im gesamten Dorf ein, was Sie f\u00fcr uns bereit gestellt hatten.<\/p>\n\n\n\n<p id=\"block-d510b24a-4834-48bc-b18a-40bb0451d0e0\">Daf\u00fcr m\u00f6chten wir uns herzlich bei Ihnen bedanken &#8211; durch Ihre Unterst\u00fctzung helfen Sie mit, gerade in dieser besonderen Zeit unsere laufenden Ausgaben zu decken.<\/p>\n\n\n\n<p id=\"block-817073bc-3dc0-4f2a-991a-07024de12fcf\">Ein gro\u00dfes Dankesch\u00f6n gilt auch unseren regelm\u00e4\u00dfigen Sponsoren von Fahrzeugen, den&nbsp;Malerbetrieben&nbsp;Bj\u00f6rn&nbsp;Dieterle, Forbach und Maler Wunsch aus Weisenbach sowie dem Reichert Servicecenter f\u00fcr den Bagger.<\/p>\n\n\n\n<figure class=\"wp-block-image\" id=\"block-ff7467fe-ed86-4d59-a55e-6203cff6e271\"><img src=\"https:\/\/regio-portal.duerrschnabel.com\/vds\/cms_e-abo.nsf\/api\/articleimages\/20201019093751-6303.jpg?scaledimage=true&amp;width=800\" alt=\"Dieses Bild hat ein leeres Alt-Attribut. Der Dateiname ist 20201019093751-6303.jpg\"\/><\/figure>\n\n\n\n<hr class=\"wp-block-separator\" id=\"block-e0150fe3-783f-4181-9179-6f2e7fe63d64\"\/>\n\n\n\n<h2 id=\"block-998c4023-be6d-4d99-a31d-f71edd6fca1f\">St\u00e4ndchen zum 90. Geburtstag von Eugen Dieterle<\/h2>\n\n\n\n<p id=\"block-9770c78f-6c8a-4ae7-91eb-4af889874b8d\">Anstatt einer Musikprobe machte sich eine Abordnung der Gesamtkapelle am 9. Oktober 2020 zu einem St\u00e4ndchen auf den Weg nach Gernsbach, um einem ganz besonderen Menschen und Musikfreund zu seinem 90. Geburtstag zu gratulieren.<\/p>\n\n\n\n<p id=\"block-b3b94800-ae37-427a-8292-1aa790d72017\">Seit Monaten stand dieser Termin bereits in den Kalendern und der Jubilar glaubte wegen der Corona-Einschr\u00e4nkungen lange Zeit nicht daran, seinen 90. Geburtstag so umrahmt zu bekommen.<\/p>\n\n\n\n<p id=\"block-20e8ad35-e8a7-48cb-96ca-ff44b3ed7b7c\">Umso gr\u00f6\u00dfer war die \u00dcberraschung und Freude f\u00fcr unseren &#8220;Trommler Eugen&#8221; (Dieterle) und seine &#8220;Mitbewohner&#8221;, als die Kapelle&nbsp;im Garten des ASB Pflege auftauchte. Mit der Vogelwiese, dem Badner Lied, den&nbsp;Regimentskindern&nbsp;und&nbsp;dem&nbsp;Bozner&nbsp;Bergsteiger Marsch traf Dirigent Alexander Weber voll den Geschmack und die Augen leuchteten.<\/p>\n\n\n\n<figure class=\"wp-block-image\" id=\"block-be4d8741-02c1-4792-85c3-c19fc4ebab10\"><img src=\"https:\/\/regio-portal.duerrschnabel.com\/vds\/cms_e-abo.nsf\/api\/articleimages\/20201019101701-3064.jpg?scaledimage=true&amp;width=800\" alt=\"Dieses Bild hat ein leeres Alt-Attribut. Der Dateiname ist 20201019101701-3064.jpg\"\/><\/figure>\n\n\n\n<hr class=\"wp-block-separator\" id=\"block-f2d9e82e-9422-47a4-bbb5-9218e2e5e84c\"\/>\n\n\n\n<h2 id=\"block-d9caba21-aee4-47de-9eae-3841afcddf85\">Wanderung der Aktiven am 3. Oktober<\/h2>\n\n\n\n<p id=\"block-4fb67ad0-8ec7-4545-a547-bafe43e45c8c\">Den Feiertag am 3. Oktober nutzte eine coronagerechte Gruppe unserer Aktiven, um nach dem Verschwinden der Regenwolken gemeinsam den Nachmittag zu verbringen. Von der Forststra\u00dfe ging es zur ersten Station &#8211; dem&nbsp;Rebberg-Pavillon. Und was w\u00e4ren die Aktiven ohne Musik? Thomas und Thomas zauberten aus ihren Rucks\u00e4cken Klarinette und Trompete und die Schwarzwaldmarie erklang. Weiter ging es \u00fcber das&nbsp;S\u00e4ngerw\u00e4gle&nbsp;und den&nbsp;Kirren&nbsp;zum Eulenfelsen-Pavillon, der zweiten Station, und dort wartete die zweite \u00dcberraschung in Form einer fl\u00fcssigen St\u00e4rkung. Das Wetter passte sich nach und nach unserer Stimmung an und zeigte sich von seiner besten Seite. Bei blauem Himmel f\u00fchrte uns der weitere Weg \u00fcber den Eulenfelsen, den oberen Eckweg und der&nbsp;Sasbe&nbsp;bis zum Ziel, der&nbsp;Heppenauh\u00fctte. Dort erwartete die Schar bereits das Versorgungsteam Stefan und Jan, sodass einem gem\u00fctlichen Ausklang nichts mehr im Wege stand. Einige Stunden sp\u00e4ter ging es gut gest\u00e4rkt zur\u00fcck nach Forbach, wo unser&nbsp;Musikerduo&nbsp;nochmals einige Forbacher mit einem St\u00e4ndchen begl\u00fcckte. Vielen Dank an die beiden, das Versorgungsteam und die Organisatoren Frank und Michael.<\/p>\n\n\n\n<figure class=\"wp-block-image\" id=\"block-ffa1f5e8-66f4-441c-ae94-4b0414cce7cc\"><img src=\"https:\/\/regio-portal.duerrschnabel.com\/vds\/cms_e-abo.nsf\/api\/articleimages\/20201005154143-9324.jpg?scaledimage=true&amp;width=800\" alt=\"Dieses Bild hat ein leeres Alt-Attribut. Der Dateiname ist 20201005154143-9324.jpg\"\/><\/figure>\n\n\n\n<hr class=\"wp-block-separator\" id=\"block-4894873d-077a-4698-ba66-f3bedb452e23\"\/>\n\n\n\n<h2 id=\"block-5236d513-ddee-4604-ac11-8c6edb39366e\">Hochzeit Vanessa und Manuel Ludwig<\/h2>\n\n\n\n<p id=\"block-b664f3c0-6e7b-48b9-862e-939389ac3c0c\">Am Samstag, 5. September heiratete unsere aktive Musikerin&nbsp;Vanessa&nbsp;ihren Manuel in der Forbacher Kirche. Auch wenn nicht alles wie urspr\u00fcnglich geplant ablaufen konnte, lie\u00dfen wir es uns nicht nehmen,&nbsp;die beiden vor der Kirche musikalisch zu erwarten und&nbsp;ihnen ein&nbsp;coronakonformes&nbsp;St\u00e4nderle zu geben. Danke&nbsp;Vanessa&nbsp;f\u00fcr die anschlie\u00dfende Einladung ins Caf\u00e9 Henriette &#8211; wir haben auf euch angesto\u00dfen. Und vielen Dank f\u00fcr dein Engagement und deine Aktivit\u00e4t bei uns! Coronabedingt haben wir Manuel noch nicht als passives Mitglied in unseren Reihen aufgenommen, aber das holen wir selbstverst\u00e4ndlich noch nach. Wir w\u00fcnschen euch alles Gute auf eurem weiteren gemeinsamen Lebensweg!<\/p>\n\n\n\n<figure class=\"wp-block-image\" id=\"block-fb056896-8a1d-427c-a042-bbf836212b25\"><img src=\"https:\/\/regio-portal.duerrschnabel.com\/vds\/cms_e-abo.nsf\/api\/articleimages\/20200915155516-5195.jpg?scaledimage=true&amp;width=800\" alt=\"Dieses Bild hat ein leeres Alt-Attribut. Der Dateiname ist 20200915155516-5195.jpg\"\/><\/figure>\n\n\n\n<hr class=\"wp-block-separator\" id=\"block-a18e6fb9-ae98-4271-b49e-c78351930cf1\"\/>\n\n\n\n<h2 id=\"block-e477d2f3-bc38-4722-9d60-cf71ca8116bd\">Juli 2020 Start Probebetrieb<\/h2>\n\n\n\n<p id=\"block-9d4867cd-5f18-44f6-bee5-b1e1c2456734\">Vergangene Woche starteten auch unsere Bl\u00e4serkids und unsere Gesamtkapelle wieder mit der Probenarbeit. Ziemlich genau 4 Monate dauerte es nun, bis wir endlich wieder gemeinsam unsere Instrumente einsetzen durften &#8211; da war die Wiedersehensfreude nat\u00fcrlich riesig. Sowohl die Bl\u00e4serkids als auch die Gesamtkapelle nutzen f\u00fcr ihre Proben die Murghalle, um den Regularien der Verordnung gerecht zu werden, auch wenn die akustischen Bedingungen mit 1,5 bzw. 2 m Abstand im gro\u00dfen Saal anfangs eine Herausforderung waren.<\/p>\n\n\n\n<figure class=\"wp-block-image\" id=\"block-d7dad7f2-25f1-4a83-a167-c0e739a87aa0\"><img src=\"https:\/\/regio-portal.duerrschnabel.com\/vds\/cms_e-abo.nsf\/api\/articleimages\/20200713145056-292.jpg?scaledimage=true&amp;width=800\" alt=\"Dieses Bild hat ein leeres Alt-Attribut. Der Dateiname ist 20200713145056-292.jpg\"\/><\/figure>\n\n\n\n<hr class=\"wp-block-separator\" id=\"block-165e14b9-7b21-4e21-9a1e-6ba0f1d0f009\"\/>\n\n\n\n<h2 id=\"block-e8cfc603-7956-4f6c-96d2-aa7bc8f179d5\">Altmetallsammlung 20. Juni 2020<\/h2>\n\n\n\n<p id=\"block-4fcb422d-5357-4faa-b2e7-197d9224824f\">Nach langer Zeit der kompletten &#8220;Trennung&#8221; konnten wir am Samstag, 20. Juni, zumindest im kameradschaftlichen Bereich wieder etwas zusammen unternehmen. Bereits in den Wochen zuvor deutete sich an, dass die Keller und Schuppen von Altmetall befreit wurden und Sie wieder eine stattliche Menge f\u00fcr uns sammelten und bereitstellten.<\/p>\n\n\n\n<p id=\"block-d86fb8cd-a3db-44e4-ad69-dd72c51381b8\">Hierf\u00fcr sagen wir herzlichen Dank und verbinden dies auch gleichzeitig mit der Bitte, wieder an uns zu denken, wenn es um die Entsorgung Ihres Altmetalls geht. Voraussichtlich im Oktober planen wir wieder eine Stra\u00dfensammlung &#8211; den Termin geben wir rechtzeitig bekannt.<\/p>\n\n\n\n<figure class=\"wp-block-image\" id=\"block-0e20e849-7fb2-4086-8962-a7b0368acd98\"><img src=\"https:\/\/regio-portal.duerrschnabel.com\/vds\/cms_e-abo.nsf\/api\/articleimages\/20200628103003-2331.jpg?scaledimage=true&amp;width=800\" alt=\"Dieses Bild hat ein leeres Alt-Attribut. Der Dateiname ist 20200628103003-2331.jpg\"\/><\/figure>\n\n\n\n<p id=\"block-75cb7ee7-2cdc-44c8-8baf-fc4c3234149c\">Vielen Dank sagen wir an dieser Stelle ebenfalls unseren unterst\u00fctzenden Firmen: Servicecenter Reichert f\u00fcr den Bagger,&nbsp;Malerbetrieb&nbsp;Bj\u00f6rn&nbsp;Dieterle&nbsp;f\u00fcr den Transporter, Wolfgang Fritz f\u00fcr den Lagerplatz.<\/p>\n\n\n\n<p id=\"block-c02c17bf-5347-4d48-9322-e4a27c982fc4\">Neben der Arbeit kam auch die Geselligkeit nicht zu kurz &#8211; bei herrlichem Wetter konnten wir auf der Terrasse bei Manuela und Franz die verdiente St\u00e4rkung in Form von Chili&nbsp;con&nbsp;Carne&nbsp;\u00e0&nbsp;la&nbsp;Stefan genie\u00dfen. Vielen Dank auch hierf\u00fcr.<\/p>\n\n\n\n<hr class=\"wp-block-separator\" id=\"block-97ee0431-03e4-407d-aa25-3cbbee3da293\"\/>\n\n\n\n<h2 id=\"block-fe343834-f10d-4ca8-8c6d-e70ae7d7a961\">Malen auf Abstand Ostern 2020<\/h2>\n\n\n\n<p id=\"block-735ce4c5-01a9-4231-8b71-962f2216ed17\">Zwei Fliegen mit einer Klappe haben die Bl\u00e4serkids des Musikvereins kurz vor Ostern geschlagen. Zum einen haben sie viel freie Zeit und sehen sich momentan nicht und zum anderen wollten sie trotz Corona Ihnen allen&nbsp;sch\u00f6ne Ostern w\u00fcnschen &#8211; warum dann also nicht mal Ostereier bemalen&nbsp;&#8211; anstatt gemeinsam nat\u00fcrlich jeder f\u00fcr sich zu Hause. Aber dennoch wirkt das jeweilige Ergebnis gemeinsam am besten &#8211; wie in der Musik.<\/p>\n\n\n\n<figure class=\"wp-block-image\" id=\"block-6b14717d-1ffb-42d7-9a3a-ee7102a47d62\"><img src=\"https:\/\/regio-portal.duerrschnabel.com\/vds\/cms_e-abo.nsf\/api\/articleimages\/20200413135319-2732.jpg?scaledimage=true&amp;width=800\" alt=\"Dieses Bild hat ein leeres Alt-Attribut. Der Dateiname ist 20200413135319-2732.jpg\"\/><\/figure>\n\n\n\n<p id=\"block-3a756c00-2bb0-407e-81f0-b8fec54767b8\">Ostern 2020 &#8220;99 Luftballons&#8221;<\/p>\n\n\n\n<p id=\"block-6b071009-b27b-45d0-b995-aa0629f40307\">Als kleine Gemeinschaftsaktion, Ostergru\u00df und Vorgeschmack auf das geplante Konzert im&nbsp;Oktober&nbsp;haben die Musikerinnen und Musiker des MV Forbach in den Tagen vor Ostern&nbsp;jeweils&nbsp;ein kleines Video&nbsp;aufgenommen und Dirigent Alexander Weber hat es zum gro\u00dfen Ganzen zusammengef\u00fcgt &#8211; wer &#8220;99 Luftballons&#8221; in Zeiten&nbsp;von Corona&nbsp;h\u00f6ren und sehen m\u00f6chte und noch nicht dazu kam, findet das&nbsp;Video&nbsp;bzw. Teile davon auf der&nbsp;Website des Musikvereins, auf&nbsp;youtube&nbsp;oder in den sozialen&nbsp;Netzwerken. Schauen Sie doch mal rein, es lohnt sich &#8211; wir freuen uns auf Ihre&nbsp;Likes!<\/p>\n\n\n\n<p id=\"block-4744d7b2-4fe8-46a8-866b-065233dc687e\">Parallel&nbsp;dazu haben einige auf geheimer Mission&nbsp;(nat\u00fcrlich mit ausreichend Abstand) 99 Luftballons mit netten Gr\u00fc\u00dfen steigen lassen, vielleicht landet ja auch einer bei Ihnen im Garten).<a href=\"https:\/\/www.youtube.com\/watch?v=j9vc3gMDJ9c\">https:\/\/www.youtube.com\/watch?v=j9vc3gMDJ9c<\/a><\/p>\n\n\n\n<p id=\"block-7c637864-d29c-4994-85e0-b034f990b8c1\">Wir hoffen, dass wir bald wieder zusammen f\u00fcr Sie Musik machen d\u00fcrfen&nbsp;&#8211; bis dahin w\u00fcnschen wir Ihnen alles Gute und vor allem eine ordentliche Portion Gesundheit! #alleswirdgut<br>\ufeff<\/p>\n\n\n\n<figure class=\"wp-block-image\" id=\"block-f6407408-64a5-4436-87ba-be21457fba29\"><img src=\"https:\/\/regio-portal.duerrschnabel.com\/vds\/cms_e-abo.nsf\/api\/articleimages\/20200413142902-4046.jpg?scaledimage=true&amp;width=800\" alt=\"Dieses Bild hat ein leeres Alt-Attribut. Der Dateiname ist 20200413142902-4046.jpg\"\/><\/figure>\n\n\n\n<figure class=\"wp-block-image\" id=\"block-0f73d153-d89c-4a06-a2cd-f660ea54384e\"><img src=\"https:\/\/regio-portal.duerrschnabel.com\/vds\/cms_e-abo.nsf\/api\/articleimages\/20200413143502-4283.jpg?scaledimage=true&amp;width=800\" alt=\"Dieses Bild hat ein leeres Alt-Attribut. Der Dateiname ist 20200413143502-4283.jpg\"\/><\/figure>\n\n\n\n<hr class=\"wp-block-separator\" id=\"block-840f3d77-ca7c-48c9-b741-4ac287aee017\"\/>\n\n\n\n<h2 id=\"block-885af3a8-df16-4947-97cb-b250377d5cc6\">Eine Probe geschafft vor Corona<\/h2>\n\n\n\n<p id=\"block-cba6d13a-b2ef-4108-a8ff-4d918bcd7aa2\">Anfang M\u00e4rz, gerade noch rechtzeitig vor den ausfallenden Unterrichtsstunden und Musikproben, hatte die neue Bl\u00e4serklasse des Musikvereins Forbach ihre erste gemeinsame Probe. Nach einer kleinen Vorstellungsrunde lernten wir gegenseitig unsere Instrumente kennen und beobachteten unsere Kameradinnen und Kameraden beim Aufbauen. Damit wir auch den Klang der anderen Instrumente kennen lernen konnten, durfte anschlie\u00dfend jeder den anderen sein Lieblingsst\u00fcck vorspielen. Zum Abschluss spielten wir noch alle gemeinsam den Anfangston unseres ersten gemeinsamen St\u00fcckes &#8211; die Freude dar\u00fcber war so gro\u00df, dass den alle gleich nochmal spielen wollten.<\/p>\n\n\n\n<p id=\"block-e7a63757-034c-4206-8bee-eaf5a4e80086\">Wir hoffen sehr, dass diese Freude auch \u00fcber die Phase ohne gemeinsame Proben hinweg andauert und wir uns bald alle gesund wiedersehen. Und, liebe Bl\u00e4serkids &#8211; auch wenn ihr gerade eure Instrumentallehrer und Marlene nicht jede Woche live seht (manche haben ja per Skype Unterricht) &#8211; vergesst das \u00dcben nicht. Und jedes Mal, wenn ihr euch fragt, wof\u00fcr, dann schaut euch dieses Bild an und denkt daran, was das f\u00fcr einen Spa\u00df gemacht hat.<br>\ufeff<\/p>\n\n\n\n<figure class=\"wp-block-image\" id=\"block-e7fe4061-6911-419a-8e3b-15d06eab2f09\"><img src=\"https:\/\/regio-portal.duerrschnabel.com\/vds\/cms_e-abo.nsf\/api\/articleimages\/20200329202147-6366.jpg?scaledimage=true&amp;width=800\" alt=\"Dieses Bild hat ein leeres Alt-Attribut. Der Dateiname ist 20200329202147-6366.jpg\"\/><\/figure>\n\n\n\n<hr class=\"wp-block-separator\" id=\"block-fba569c9-18cb-484d-869c-d6be1f906e24\"\/>\n\n\n\n<h2 id=\"block-c21727e5-9432-4389-a395-2855a9cf65ab\">Generalversammlung 8 . M\u00e4rz 2020<\/h2>\n\n\n\n<p id=\"block-9e107ad8-52bd-4d5c-a7ee-e1c5b0750553\">Gerade noch rechtzeitig vor Corona hatte der Musikverein am Sonntag, 8. M\u00e4rz alle Mitglieder dazu eingeladen, den Tag gemeinsam zu verbringen.<br>Er begann mit dem j\u00e4hrlichen Gedenkgottesdienst f\u00fcr alle verstorbenen Mitglieder in der katholischen Kirche. Ber\u00fchrend umrahmte die Kapelle den Gottesdienst, und die Jugend des Vereins \u00fcbernahm die F\u00fcrbitten. Im Anschluss gab es ein gemeinsames Mittagessen im Josefshaus, ehe dann die alle zwei Jahre stattfindende Generalversammlung begann.<br>Franz&nbsp;Kalmbacher&nbsp;begr\u00fc\u00dfte die Anwesenden und nach dem Totengedenken mit dem&nbsp;Kameradenlied&nbsp;und der Bestellung der Protokollf\u00fchrerin, pr\u00e4sentierte Schriftf\u00fchrerin Manuela Steinhart in ihrem Bericht die aktuellen Zahlen und lie\u00df die Aktivit\u00e4ten der beiden zur\u00fcckliegenden Jahre Revue passieren.<br>Der Verein hat aktuell insgesamt 310 Mitglieder, somit einen leichten R\u00fcckgang. In der Gesamtkapelle sind 52 Musikerinnen und Musiker, mit einem Durchschnittsalter von 34 Jahren, aktiv und zum ersten Mal seit vielen Jahren haben die M\u00e4nner wieder aufgeholt &#8211; es herrscht Gleichstand in der Geschlechterstatistik &#8211; 26:26.<br>Die Highlights der beiden Jahre setzten sicher die Veranstaltungen anl\u00e4sslich des 175-j\u00e4hrigen Bestehens im Jahr 2018, denkt man beispielsweise nur an die beiden Jubil\u00e4umskonzerte, das viert\u00e4gige Fest im Murggarten, den musikalischen Sommerabend, das Weihnachtskonzert und zahlreiche weitere Auftritte.<br>Der Bericht von Kassier Raimund&nbsp;Dieterle&nbsp;zeigte ein erfreuliches Plus; die Kasse wurde gepr\u00fcft von Corinna Weiler und Werner&nbsp;Finkbeiner.<br>Die Vorsitzende und Jugendleiterin Marlene&nbsp;Krech&nbsp;betreut mit ihrem Team insgesamt 27 Kinder und Jugendliche unter 18 Jahren in einer Blockfl\u00f6tengruppe, Bl\u00e4serklasse und Jugendkapelle. Highlight in diesem Bereich war in den vergangenen zwei Jahren sicher die zweite Auflage von &#8220;Murgtalkids&nbsp;in Concert&#8221; 2019 unter der Leitung von Thomas Roth, mit Jugendlichen aus Forbach, Gausbach, Bermersbach, Langenbrand, Weisenbach, Au im Murgtal, Hundsbach und Hilpertsau.<br>Musikervorstand Frank&nbsp;Schillinger&nbsp;pr\u00e4sentierte die ersehnte Statistik: Thomas Steinhart wurde als flei\u00dfigster Probenbesucher und Manuel Fritz als flei\u00dfigster Auftrittsteilnehmer ausgezeichnet. Zur Schrottk\u00f6nigin anl\u00e4sslich der besten Sch\u00e4tzung bei der letzten Schrottsammlung wurde Maria Roth gek\u00fcrt.<br>Nach den kurzweiligen Berichten wurde die Vorstandschaft einstimmig entlastet und B\u00fcrgermeisterin Katrin Buhrke f\u00fchrte die Wahlen durch.<br>Das Vorstandstrio mit Marlene&nbsp;Krech, Franz&nbsp;Kalmbacher&nbsp;und Michael Roth wurde f\u00fcr weitere zwei Jahre im Amt best\u00e4tigt. Auch Schriftf\u00fchrerin Manuela Steinhart und Kassier Raimund&nbsp;Dieterle&nbsp;wurden bei der Mitgliederversammlung im Josefshaus wiedergew\u00e4hlt, ebenso wie die passiven Beisitzer Bernhard Kr\u00e4mer, Joachim&nbsp;Heckele, Christa&nbsp;Haas-Krech&nbsp;und Jan&nbsp;Dieterle, die Vereinsdienerin Manuela&nbsp;Kalmbacher&nbsp;sowie die Kassenpr\u00fcfer Corinna Weiler und Werner&nbsp;Finkbeiner.<br>Die Besetzung der weiteren \u00c4mter hatten die aktiven Musiker bereits in einer Aktivenversammlung im Februar bestimmt. Im Amt bleiben Thomas Roth als Vizedirigent, Marlene&nbsp;Krech&nbsp;als Jugendleiterin, Frank&nbsp;Schillinger&nbsp;als Musikervorstand, Stefan Schneider als Instrumentenwart, Thomas Steinhart als Betreuer der Website sowie&nbsp;Leni&nbsp;Ruckenbrod-Wieland&nbsp;und Christian&nbsp;Striebich&nbsp;als aktive Beisitzer. Als weitere aktive Beisitzer wurden&nbsp;Stephanie&nbsp;Rombeck&nbsp;und Lara Fritz gew\u00e4hlt, als Vertretung der Jugend&nbsp;Jule&nbsp;Mast und&nbsp;Yannis&nbsp;Grajewski&nbsp;und als Notenwartinnen Lara Fritz, Maria Roth und&nbsp;Jule&nbsp;Mast.<br>Nach der Verabschiedung der langj\u00e4hrigen&nbsp;Vorstandschaftsmitglieder&nbsp;Alois&nbsp;Fritz, Michael&nbsp;Steininger&nbsp;und&nbsp;Lea&nbsp;Fritz und einer kleinen St\u00e4rkung bei Kaffee und Kuchen fand der&nbsp;Ehrungsteil&nbsp;statt. Den Anfang machte Marlene&nbsp;Krech&nbsp;mit der Auszeichnung der JMLA-Absolventen in Bronze von Seiten des Vereins. Ihr Instrument als Anstecknadel f\u00fcr die Uniform erhielten Emma Roth, Anna-Lena&nbsp;Grajewski,&nbsp;Paulin&nbsp;Haas, Annika Wunsch, Jana Reichert, Simon&nbsp;Spissinger&nbsp;und&nbsp;Neo&nbsp;Fritz.<br>Ebenso konnten langj\u00e4hrige Mitglieder ausgezeichnet werden:<br>Zehn Jahre aktiv ist&nbsp;Lea&nbsp;Fritz, 15 Jahre aktiv als passiver Beisitzer Bernhard Kr\u00e4mer und 20 Jahre aktiv sind Annette Hosenfeld,&nbsp;Stephanie&nbsp;Rombeck,&nbsp;Leni&nbsp;Ruckenbrod-Wieland, Manuela Steinhart und&nbsp;Ann-Katrin&nbsp;Wagner.<br>Seit 25 Jahren in der Vorstandschaft t\u00e4tig sind&nbsp;Alois&nbsp;Fritz (aktiver Beisitzer) und Thomas Roth (Vizedirigent). Zu neuen Ehrenmitgliedern f\u00fcr 35 Jahre Aktivit\u00e4t wurden Andreas&nbsp;Spissinger, Michael Roth, Frank&nbsp;Schillinger, Stefan Schneider, Franz&nbsp;Kalmbacher&nbsp;ernannt.<br>Vor&nbsp;25 Jahren traten Alfred Beeren, Roland Weiler und Barbara Keller dem Verein als f\u00f6rdernde Mitglieder bei &#8211; G\u00fcnter Wunsch vor 50 Jahren und Lothar&nbsp;Haas&nbsp;und Rudi&nbsp;Marth&nbsp;vor 60. Ebenfalls seit 60 Jahren ist Franz G\u00fcnter Deiner im Forbacher Musikverein &#8211; fast die komplette Zeit als aktiver Trompeter.<br>Walter&nbsp;W\u00f6rner&nbsp;\u00fcbernahm f\u00fcr den Bezirk die Verbandsehrungen und durfte f\u00fcr 40 Jahre Aktivit\u00e4t Norbert Fritz, J\u00fcrgen Merkel, Peter M\u00fcller, Thomas Roth,&nbsp;Artur&nbsp;Spissinger, Thomas Steinhart, Michael&nbsp;Steininger&nbsp;und Peter Stephan ehren, ebenso wie Franz&nbsp;Kalmbacher&nbsp;f\u00fcr 20 Jahre T\u00e4tigkeit als Kassier und Vorstand.<br>Zum Abschluss dankte das Vorstandstrio noch allen, die den MV als Sponsor, mit Organisation oder Diensten in der K\u00fcche und hinter der Theke, mit Konzertbesuchen oder auf irgendeine andere Art und Weise in den vergangenen beiden Jahren unterst\u00fctzt haben und blickte voraus auf das Jahr 2020 mit dem gro\u00dfen Blechmusik&nbsp;Popt&#8217;s am 3. (und&nbsp;evtl. 4.) Oktober sowie diversen Festauftritten, Schrottsammlungen u.\u00e4.<br><br><br>\ufeff<\/p>\n\n\n\n<figure class=\"wp-block-image\" id=\"block-7e8f5f9c-968a-499e-a100-e514b3245908\"><img src=\"https:\/\/regio-portal.duerrschnabel.com\/vds\/cms_e-abo.nsf\/api\/articleimages\/20200323143614-9772.jpg?scaledimage=true&amp;width=800\" alt=\"Dieses Bild hat ein leeres Alt-Attribut. Der Dateiname ist 20200323143614-9772.jpg\"\/><\/figure>\n","protected":false},"excerpt":{"rendered":"<p>Altmetallsammlung 17.10.2020 Am Samstag, 17. Oktober fand die zweite Altmetallsammlung des Musikvereins &#8220;unter anderen Umst\u00e4nden&#8221; statt. Mehrere Stunden sammelten wir bei zum Gl\u00fcck trockener Witterung im gesamten Dorf ein, was Sie f\u00fcr uns bereit gestellt hatten. Daf\u00fcr m\u00f6chten wir uns herzlich bei Ihnen bedanken &#8211; durch Ihre Unterst\u00fctzung helfen Sie mit, gerade in dieser besonderen [&hellip;]<\/p>\n","protected":false},"author":2,"featured_media":0,"parent":0,"menu_order":0,"comment_status":"closed","ping_status":"closed","template":"","meta":{"ngg_post_thumbnail":0},"_links":{"self":[{"href":"https:\/\/www.musikverein-forbach.de\/wp\/index.php?rest_route=\/wp\/v2\/pages\/1091"}],"collection":[{"href":"https:\/\/www.musikverein-forbach.de\/wp\/index.php?rest_route=\/wp\/v2\/pages"}],"about":[{"href":"https:\/\/www.musikverein-forbach.de\/wp\/index.php?rest_route=\/wp\/v2\/types\/page"}],"author":[{"embeddable":true,"href":"https:\/\/www.musikverein-forbach.de\/wp\/index.php?rest_route=\/wp\/v2\/users\/2"}],"replies":[{"embeddable":true,"href":"https:\/\/www.musikverein-forbach.de\/wp\/index.php?rest_route=%2Fwp%2Fv2%2Fcomments&post=1091"}],"version-history":[{"count":2,"href":"https:\/\/www.musikverein-forbach.de\/wp\/index.php?rest_route=\/wp\/v2\/pages\/1091\/revisions"}],"predecessor-version":[{"id":1095,"href":"https:\/\/www.musikverein-forbach.de\/wp\/index.php?rest_route=\/wp\/v2\/pages\/1091\/revisions\/1095"}],"wp:attachment":[{"href":"https:\/\/www.musikverein-forbach.de\/wp\/index.php?rest_route=%2Fwp%2Fv2%2Fmedia&parent=1091"}],"curies":[{"name":"wp","href":"https:\/\/api.w.org\/{rel}","templated":true}]}}